{"id":2488,"date":"2023-10-16T21:30:44","date_gmt":"2023-10-17T01:30:44","guid":{"rendered":"https:\/\/oceaneering.com\/?page_id=2488"},"modified":"2024-01-29T11:32:19","modified_gmt":"2024-01-29T16:32:19","slug":"vessel-based-wellhead-removal","status":"publish","type":"page","link":"https:\/\/www.oceaneering.com\/de\/decommissioning\/vessel-based-wellhead-removal\/","title":{"rendered":"Gef\u00e4\u00dfgest\u00fctzte Bohrlochkopfentfernung"},"content":{"rendered":"<a href=\"https:\/\/www.oceaneering.com\/de\/decommissioning\/#contact\" target=\"_self\" rel=\"noopener\">\n\t\t\t\t\t\t\tEin Projekt besprechen\n\t\t\t\t\t<\/a>\n<h1>\n\t\tGef\u00e4\u00dfgest\u00fctzte Bohrlochkopfentfernung\n\t<\/h1>\n\t<p>Profitieren Sie von unserem effizienten, schiffsbasierten Bohrlochkopfentfernungssystem, das mit sicheren, zuverl\u00e4ssigen und flexiblen L\u00f6sungen Verrohrungen schneidet und zur\u00fcckholt.<\/p>\n<h2>\n\t\tUnsere praxiserprobten L\u00f6sungen wurden bereits bei einer\n\t<\/h2>\n\t\t\t\t<img loading=\"lazy\" decoding=\"async\" src=\"https:\/\/oceaneering.com\/wp-content\/uploads\/2023\/10\/RigChase-01.png\" alt=\"RigChase-01\" itemprop=\"image\" height=\"914\" width=\"1333\" title=\"RigChase-01\" onerror=\"this.style.display='none'\"  \/>\n\t\t\t\t<img loading=\"lazy\" decoding=\"async\" src=\"https:\/\/oceaneering.com\/wp-content\/uploads\/2023\/10\/RigChase-02.png\" alt=\"RigChase-02\" itemprop=\"image\" height=\"914\" width=\"1333\" title=\"RigChase-02\" onerror=\"this.style.display='none'\"  \/>\n\t\t\t\t<img loading=\"lazy\" decoding=\"async\" src=\"https:\/\/oceaneering.com\/wp-content\/uploads\/2023\/10\/RigChase-03.png\" alt=\"RigChase-03\" itemprop=\"image\" height=\"914\" width=\"1333\" title=\"RigChase-03\" onerror=\"this.style.display='none'\"  \/>\n<h2>\n\t\tSchl\u00fcsselfertige L\u00f6sung. Maximierter Nutzen.\n\t<\/h2>\n\n\t\tDie Teilnahme an unserem schiffsbasierten Bohrlochentfernungsprogramm Rig Chase bietet zahlreiche Vorteile.\n\t\n\t<ul>\n\t\t\t\t\t<li>\n\t\t\t\tIndividuelle Bewertung des Brunnenstandortes vor der Ausf\u00fchrungsphase\n\t\t\t<\/li>\n\t\t\t\t\t<li>\n\t\t\t\tAbschluss der Vermessung des Meeresbodens\n\t\t\t<\/li>\n\t\t\t\t\t<li>\n\t\t\t\tZus\u00e4tzliche Arbeiten vor Ort, falls erforderlich (Ausbaggern, Entfernen von Meeresbewuchs, Bodenproben, Vermessung)\n\t\t\t<\/li>\n\t\t\t\t\t<li>\n\t\t\t\tPauschalvertrag f\u00fcr die Vorhersehbarkeit der Ausgaben\n\t\t\t<\/li>\n\t\t\t\t\t<li>\n\t\t\t\tGeringere Risiken und Kosten durch Verlagerung nicht wertsch\u00f6pfender T\u00e4tigkeiten von der Bohrinsel\n\t\t\t<\/li>\n\t\t\t\t\t<li>\n\t\t\t\tErhebliche Kosteneinsparungen durch Planung und Durchf\u00fchrung von Kampagnen f\u00fcr mehrere und einzelne Kunden\n\t\t\t<\/li>\n\t\t\t\t\t<li>\n\t\t\t\tVerk\u00fcrzte Wartezeit bei schlechtem Wetter\n\t\t\t<\/li>\n\t\t\t<\/ul>\n\t\t\t<a href=\"https:\/\/oceaneering.canto.com\/download\/document\/50d925f4t97bhda14oh4jqvd6u\/original.pdf\" target=\"_blank\" rel=\"noopener\">\n\t\t\t\t\t\t\tRig Chase \n\t\t\t<\/a>\n\t\t\t<img decoding=\"async\" src=\"https:\/\/oceaneering.com\/wp-content\/uploads\/2023\/10\/rig-case-cover.jpg\" title=\"Takelkoffer-Deckel\" alt=\"\" \/>\t\t\t\t\t\t\t\n\t\t\t\t\tVideo abspielen\n<h2>\n\t\tSteigern Sie die Effizienz mit Multi-Client-Kampagnen\n\t<\/h2>\n\t<p>Wenn Sie sich an unserer j\u00e4hrlichen Mehrkundenkampagne beteiligen, profitieren Sie von mehr Effizienz und Kosteneinsparungen in mehreren Bereichen.<\/p>\n\t<ul>\n\t\t\t\t\t<li>\n\t\t\t\tMobilisierung\n\t\t\t<\/li>\n\t\t\t\t\t<li>\n\t\t\t\tTransit- und Kraftstoffkosten\n\t\t\t<\/li>\n\t\t\t\t\t<li>\n\t\t\t\tAusbringungsmengen\n\t\t\t<\/li>\n\t\t\t\t\t<li>\n\t\t\t\tPersonal\n\t\t\t<\/li>\n\t\t\t<\/ul>\n<h2>\n\t\tFallstudien\n\t<\/h2>\n\t\t\t\t<img loading=\"lazy\" decoding=\"async\" src=\"https:\/\/oceaneering.com\/wp-content\/uploads\/2023\/10\/2015-Q3-Well-Abandonment-Campaign-Case-Study-Final-1.jpg\" alt=\"2015-Q3-Well-Abandonment-Campaign-Case-Study-Final-(1)\" itemprop=\"image\" height=\"791\" width=\"604\" title=\"2015-Q3-Well-Abandonment-Campaign-Case-Study-Final-(1)\" onerror=\"this.style.display='none'\"  \/>\n\t\t\t<a href=\"https:\/\/oceaneering.canto.com\/direct\/document\/9va3nq5qht3t5brvgavi24520h\/x8OOnG3Hdaa1yDqh5ygZeqB7m_Q\/original?content-type=application%2Fpdf&#038;name=Case-Study-2015-Q3-Well-Abandonment-Campaign.pdf\" target=\"_blank\" rel=\"noopener\">\n\t\t\t\t\t\t\t2015 Q3 Kampagne zur Entfernung von Bohrlochk\u00f6pfen\n\t\t\t<\/a>\n\t\t\t\t<img loading=\"lazy\" decoding=\"async\" src=\"https:\/\/oceaneering.com\/wp-content\/uploads\/2023\/10\/Case-Study-2016-Q3-Wellhead-Removal-Campaign.jpg\" alt=\"Case-Study-2016-Q3-Wellhead-Removal-Campaign\" itemprop=\"image\" height=\"791\" width=\"604\" title=\"Fallstudie-2016-Q3-Wellhead-Removal-Kampagne\" onerror=\"this.style.display='none'\"  \/>\n\t\t\t<a href=\"https:\/\/oceaneering.canto.com\/direct\/document\/dd0dasiej178b0uefma54tct70\/8Xo8LPV-A7VbrU7ju0nHZZ3CjfY\/original?content-type=application%2Fpdf&#038;name=Case-Study-2016-Q3-Wellhead-Removal-Campaign.pdf\" target=\"_blank\" rel=\"noopener\">\n\t\t\t\t\t\t\t2016 Q3 Kampagne zur Entfernung von Brunnenk\u00f6pfen\n\t\t\t<\/a>\n\t\t\t\t<img loading=\"lazy\" decoding=\"async\" src=\"https:\/\/oceaneering.com\/wp-content\/uploads\/2023\/10\/Case-Study-Well-Severance-Rig-Chase.png\" alt=\"Case-Study-Well-Severance-(Rig-Chase)\" itemprop=\"image\" height=\"340\" width=\"260\" title=\"Fall-Studie-Well-Severance-(Rig-Chase)\" onerror=\"this.style.display='none'\"  \/>\n\t\t\t<a href=\"https:\/\/oceaneering.canto.com\/direct\/document\/e5tlbne85d6rdbp0d25td1j53u\/1leZTs57bsOxFHIsJ4s3uZJLoQY\/original?content-type=application%2Fpdf&#038;name=Case-Study-Well-Severance-%28Rig-Chase%29.pdf\" target=\"_blank\" rel=\"noopener\">\n\t\t\t\t\t\t\tBohrlochabtrennung (Rig Chase)\n\t\t\t<\/a>\n\t\t\t\t<img loading=\"lazy\" decoding=\"async\" src=\"https:\/\/oceaneering.com\/wp-content\/uploads\/2023\/10\/Case-Study-Wellhead-Clean-Up-and-Inspection-Campaign.jpg\" alt=\"Case-Study-Wellhead-Clean-Up-and-Inspection-Campaign\" itemprop=\"image\" height=\"791\" width=\"604\" title=\"Fallstudie-Brunnenkopf-Reinigung-und-Inspektion-Kampagne\" onerror=\"this.style.display='none'\"  \/>\n\t\t\t<a href=\"https:\/\/oceaneering.canto.com\/direct\/document\/1t9c9nl8vt2qfd0t6nq6pbih1v\/yj1mh4W5I4n7OU90TrXKc-N6eZc\/original?content-type=application%2Fpdf&#038;name=Case-Study-Wellhead-Clean-Up-and-Inspection-Campaign.pdf\" target=\"_blank\" rel=\"noopener\">\n\t\t\t\t\t\t\tKampagne zur Reinigung und Inspektion von Bohrlochk\u00f6pfen\n\t\t\t<\/a>\n<h1>\n\t\tKontakt\n\t<\/h1>\n<h2>\n\t\tUnser Expertenteam ist bereit, Ihnen den Einstieg zu erleichtern.\n\t<\/h2>\n\t<p>Oceaneering bietet erstklassige Produkte und L\u00f6sungen, die sich durch unvergleichliche Qualit\u00e4t, Zuverl\u00e4ssigkeit und globalen Support auszeichnen. F\u00fcllen Sie das Anfrageformular aus, um noch heute ein Gespr\u00e4ch zu beginnen.<\/p>","protected":false},"excerpt":{"rendered":"<p>Diskutieren Sie ein Projekt Gef\u00e4\u00dfgest\u00fctzte Bohrlochkopfentfernung Profitieren Sie von unserem effizienten, gef\u00e4\u00dfgest\u00fctzten Bohrlochkopfentfernungssystem, das Futterrohre mit sicheren, zuverl\u00e4ssigen und flexiblen L\u00f6sungen schneidet und zur\u00fcckholt. Unsere praxiserprobten L\u00f6sungen wurden mit einer schl\u00fcsselfertigen L\u00f6sung eingesetzt. Maximierte Vorteile. Die Teilnahme an unserem Rig Chase-Programm f\u00fcr die Entfernung von Bohrlochk\u00f6pfen in Beh\u00e4ltern bietet zahlreiche Vorteile. Individuelle Bewertung des Bohrlochs vor der ... <a title=\"Gef\u00e4\u00dfgest\u00fctzte Bohrlochkopfentfernung\" class=\"read-more\" href=\"https:\/\/www.oceaneering.com\/de\/decommissioning\/vessel-based-wellhead-removal\/\" aria-label=\"Mehr Informationen \u00fcber Vessel-Based Wellhead Removal\">Weiterlesen ...<\/a><\/p>","protected":false},"author":19,"featured_media":0,"parent":2447,"menu_order":2,"comment_status":"closed","ping_status":"closed","template":"","meta":{"_acf_changed":false,"footnotes":"","_links_to":"","_links_to_target":""},"product_category":[1312,1313],"search_tags":[1377,1379],"class_list":["post-2488","page","type-page","status-publish","product_category-decommissioning","product_category-plug-and-abandonment","search_tags-decommissioning","search_tags-subsea-well"],"acf":[],"aioseo_notices":[],"_links":{"self":[{"href":"https:\/\/www.oceaneering.com\/de\/wp-json\/wp\/v2\/pages\/2488","targetHints":{"allow":["GET"]}}],"collection":[{"href":"https:\/\/www.oceaneering.com\/de\/wp-json\/wp\/v2\/pages"}],"about":[{"href":"https:\/\/www.oceaneering.com\/de\/wp-json\/wp\/v2\/types\/page"}],"author":[{"embeddable":true,"href":"https:\/\/www.oceaneering.com\/de\/wp-json\/wp\/v2\/users\/19"}],"replies":[{"embeddable":true,"href":"https:\/\/www.oceaneering.com\/de\/wp-json\/wp\/v2\/comments?post=2488"}],"version-history":[{"count":0,"href":"https:\/\/www.oceaneering.com\/de\/wp-json\/wp\/v2\/pages\/2488\/revisions"}],"up":[{"embeddable":true,"href":"https:\/\/www.oceaneering.com\/de\/wp-json\/wp\/v2\/pages\/2447"}],"wp:attachment":[{"href":"https:\/\/www.oceaneering.com\/de\/wp-json\/wp\/v2\/media?parent=2488"}],"wp:term":[{"taxonomy":"product_category","embeddable":true,"href":"https:\/\/www.oceaneering.com\/de\/wp-json\/wp\/v2\/product_category?post=2488"},{"taxonomy":"search_tags","embeddable":true,"href":"https:\/\/www.oceaneering.com\/de\/wp-json\/wp\/v2\/search_tags?post=2488"}],"curies":[{"name":"wp","href":"https:\/\/api.w.org\/{rel}","templated":true}]}}