{"id":2461,"date":"2023-10-16T20:42:59","date_gmt":"2023-10-17T00:42:59","guid":{"rendered":"https:\/\/oceaneering.com\/?page_id=2461"},"modified":"2024-01-29T11:31:11","modified_gmt":"2024-01-29T16:31:11","slug":"cutting-solutions","status":"publish","type":"page","link":"https:\/\/www.oceaneering.com\/de\/decommissioning\/cutting-solutions\/","title":{"rendered":"Schneiden"},"content":{"rendered":"<a href=\"https:\/\/www.oceaneering.com\/de\/decommissioning\/#contact\" target=\"_self\" rel=\"noopener\">\n\t\t\t\t\t\t\tEin Projekt besprechen\n\t\t\t\t\t<\/a>\n<h1>\n\t\tL\u00f6sungen zum Schneiden\n\t<\/h1>\n<h2>\n\t\tUnsere ROV- oder tauchergesteuerten Schneidl\u00f6sungen gew\u00e4hrleisten ein zuverl\u00e4ssiges und effizientes Abtrennen von Unterwasseranlagen.\n\t<\/h2>\n\n\t\tBei der Stilllegung von Bohrl\u00f6chern und Plattformen setzen wir das Abrasivwasserstrahlschneiden (AWJC) ein. Beim AWJC-Verfahren wird ein hochenergetischer Strahl aus wassergetragenen Abrasivpartikeln verwendet, um harte Stahllegierungen schnell und sicher zu schneiden. Diese Technologie macht den Einsatz von Sprengstoff \u00fcberfl\u00fcssig und verringert das Risiko einer Entz\u00fcndung.\n\t\n\n\t\tExterne Abrasiv-Wasserstrahlschneidwerkzeuge werden f\u00fcr Kaltschneideanwendungen eingesetzt. Die von Tauchern eingesetzten L\u00f6sungen sind f\u00fcr Anwendungen in flachen Gew\u00e4ssern verf\u00fcgbar, w\u00e4hrend unsere von ROVs eingesetzten L\u00f6sungen die Anforderungen von Stilllegungs- und Schneidaktivit\u00e4ten in tiefen Gew\u00e4ssern erf\u00fcllen.\n\t\n<h2>\n\t\tInterne AWJC-L\u00f6sungen\n\t<\/h2>\n\n\t\tDas interne Schneiden erm\u00f6glicht die vollst\u00e4ndige Durchtrennung und Best\u00e4tigung von Unterwasserschnitten.\n\t\n<h2>\n\t\tExterne AWJC-L\u00f6sungen\n\t<\/h2>\n\n\t\tDas externe Schneiden l\u00f6st die Herausforderungen des Kaltschneidens in tiefen und flachen Gew\u00e4ssern.\n\t\n<h4>\n\t\tDeepwater Abrasives Wasserstrahlschneiden\n\t<\/h4>\n\t<p>Unser ROV-gesteuertes externes Schneidwerkzeug (ECT) erm\u00f6glicht das externe Schneiden von Jacketbeinen, Pipelines und Verstrebungen sowie das Schneiden von Unterwasserfenstern an Rohren. Das Werkzeug verwendet einen Hochdruck-Schlammschlauch von der Oberfl\u00e4che, um das Abrasivmaterial zuzuf\u00fchren. Das ECT schneidet Rohre mit einem Au\u00dfendurchmesser von 16 bis 72 Zoll und kann Wandst\u00e4rken von mehr als 10 Zoll (oder mehrere Schichten) mit einer Geschwindigkeit von bis zu 20 Zoll\/min schneiden.<\/p>\n<h4>\n\t\tFlachwasser- und Oberfl\u00e4chenabrasivwasserstrahlschneiden\n\t<\/h4>\n\t<p>Wir bieten auch Flachwasser- und oberfl\u00e4chenmontierte AWJC-Werkzeuge f\u00fcr Kaltschneidearbeiten an. Verschiedene Konfigurationen erm\u00f6glichen eine Reihe von Anwendungen, wie z. B. das lineare Schneiden von Fenstern eines gesunkenen U-Boots, das Zerteilen eines 6 m (20 Fu\u00df) langen Druckbeh\u00e4lters in zwei H\u00e4lften und das Schneiden von Abrasionsl\u00f6chern.<\/p>\n<h2>\n\t\tMechanisches Schneiden\n\t<\/h2>\n\n\t\tUnsere mechanischen Schneidl\u00f6sungen liefern sichere, vollst\u00e4ndige Schnitte in k\u00fcrzerer Zeit.\n\t\n<h2>\n\t\tHochdruckreinigung und Entfernung von Beschichtungen\n\t<\/h2>\n\t<p>Wir kombinieren abrasive Wasserstrahltechnologie und Hochdruckpumpensysteme zur Hochdruckreinigung von Schiffsr\u00fcmpfen, Risern, Strakes und Verkleidungen.<\/p>\n<p>Wir bieten Dienstleistungen zur Entfernung von Beschichtungen aus FBE (Fusion Bond Epoxy), CWC (Concrete Weight Coating), W\u00e4rmed\u00e4mmstoffen und anderen Schutzschichten an.<\/p>\n\t\t\t<a href=\"https:\/\/oceaneering.canto.com\/download\/document\/hka39719mh677dfvoonqdr7l0t\/original.pdf\" target=\"_blank\" rel=\"noopener\">\n\t\t\t\t\t\t\tWerkzeug zum Entfernen von Beschichtungen\n\t\t\t<\/a>\n\t\t\t<a href=\"https:\/\/oceaneering.canto.com\/download\/document\/hhgt3e8h1922fcs7t0epkgbc4n\/original.pdf\" target=\"_blank\" rel=\"noopener\">\n\t\t\t\t\t\t\tWerkzeug zum Entfernen von Beschichtungen und Schwei\u00dfn\u00e4hten\n\t\t\t<\/a>\n<h1>\n\t\tKontakt\n\t<\/h1>\n<h2>\n\t\tUnser Expertenteam ist bereit, Ihnen den Einstieg zu erleichtern.\n\t<\/h2>\n\t<p>Oceaneering bietet erstklassige Produkte und L\u00f6sungen, die sich durch unvergleichliche Qualit\u00e4t, Zuverl\u00e4ssigkeit und globalen Support auszeichnen. F\u00fcllen Sie das Anfrageformular aus, um noch heute ein Gespr\u00e4ch zu beginnen.<\/p>","protected":false},"excerpt":{"rendered":"<p>Diskutieren Sie ein Projekt Schneidl\u00f6sungen Unsere ROV- oder tauchergest\u00fctzten Schneidl\u00f6sungen gew\u00e4hrleisten ein zuverl\u00e4ssiges und effizientes Abtrennen von Unterwasseranlagen. Bei der Stilllegung von Bohrl\u00f6chern und Plattformen setzen wir die Methode des Abrasivwasserstrahlschneidens (AWJC) ein. Beim AWJC-Verfahren wird ein hochenergetischer Strahl aus wassergetragenen Abrasivpartikeln verwendet, um harte Stahllegierungen schnell und sicher zu schneiden. Diese Technologie ... <a title=\"Schneiden\" class=\"read-more\" href=\"https:\/\/www.oceaneering.com\/de\/decommissioning\/cutting-solutions\/\" aria-label=\"Mehr Informationen \u00fcber Cutting\">Weiterlesen ...<\/a><\/p>","protected":false},"author":19,"featured_media":0,"parent":2447,"menu_order":2,"comment_status":"closed","ping_status":"closed","template":"","meta":{"_acf_changed":false,"footnotes":"","_links_to":"","_links_to_target":""},"product_category":[1312],"search_tags":[1633,1713,1377],"class_list":["post-2461","page","type-page","status-publish","product_category-decommissioning","search_tags-cutting","search_tags-cutting-transport","search_tags-decommissioning"],"acf":[],"aioseo_notices":[],"_links":{"self":[{"href":"https:\/\/www.oceaneering.com\/de\/wp-json\/wp\/v2\/pages\/2461","targetHints":{"allow":["GET"]}}],"collection":[{"href":"https:\/\/www.oceaneering.com\/de\/wp-json\/wp\/v2\/pages"}],"about":[{"href":"https:\/\/www.oceaneering.com\/de\/wp-json\/wp\/v2\/types\/page"}],"author":[{"embeddable":true,"href":"https:\/\/www.oceaneering.com\/de\/wp-json\/wp\/v2\/users\/19"}],"replies":[{"embeddable":true,"href":"https:\/\/www.oceaneering.com\/de\/wp-json\/wp\/v2\/comments?post=2461"}],"version-history":[{"count":0,"href":"https:\/\/www.oceaneering.com\/de\/wp-json\/wp\/v2\/pages\/2461\/revisions"}],"up":[{"embeddable":true,"href":"https:\/\/www.oceaneering.com\/de\/wp-json\/wp\/v2\/pages\/2447"}],"wp:attachment":[{"href":"https:\/\/www.oceaneering.com\/de\/wp-json\/wp\/v2\/media?parent=2461"}],"wp:term":[{"taxonomy":"product_category","embeddable":true,"href":"https:\/\/www.oceaneering.com\/de\/wp-json\/wp\/v2\/product_category?post=2461"},{"taxonomy":"search_tags","embeddable":true,"href":"https:\/\/www.oceaneering.com\/de\/wp-json\/wp\/v2\/search_tags?post=2461"}],"curies":[{"name":"wp","href":"https:\/\/api.w.org\/{rel}","templated":true}]}}