{"id":2447,"date":"2023-10-16T19:38:13","date_gmt":"2023-10-16T23:38:13","guid":{"rendered":"https:\/\/oceaneering.com\/?page_id=2447"},"modified":"2026-01-23T04:24:27","modified_gmt":"2026-01-23T10:24:27","slug":"decommissioning","status":"publish","type":"page","link":"https:\/\/www.oceaneering.com\/de\/decommissioning\/","title":{"rendered":"L\u00f6sungen f\u00fcr die Stilllegung"},"content":{"rendered":"<p><a href=\"https:\/\/www.oceaneering.com\/de\/decommissioning\/#contact\" target=\"_self\" rel=\"noopener\"> Ein Projekt besprechen <\/a><\/p>\r\n<h1>L\u00f6sungen f\u00fcr die Stilllegung<\/h1>\r\n<p>Seit mehr als 25 Jahren bedient Oceaneering erfolgreich den weltweiten Bedarf seiner Kunden an kosteneffizienten Stilllegungsl\u00f6sungen, die einen sicheren und effizienten R\u00fcckbau von Offshore-Infrastruktur wie Plattformen, Leitungen, Unterwasser-Hardware und Bohrl\u00f6chern gew\u00e4hrleisten.<\/p>\r\n<p>W\u00e4hrend unsere Erfolgsbilanz im Bereich der Stilllegung auf zuverl\u00e4ssigen Schneidedienstleistungen und kostenlosem Werkzeugverleih beruht, k\u00f6nnen wir Projekte mit gr\u00f6\u00dferen Arbeitsumf\u00e4ngen durchf\u00fchren, indem wir unsere zahlreichen komplement\u00e4ren Einzeldienstleistungen und Produkte zu einem einzigen integrierten Angebot kombinieren. Unser Sicherheitsmanagementprogramm, unsere Erfahrung im Bereich der Stilllegung, unsere Projektmanagementf\u00e4higkeiten, die B\u00fcndelung von Dienstleistungen und unsere kosteng\u00fcnstigen L\u00f6sungen heben uns von anderen Anbietern von Stilllegungsarbeiten ab.<\/p>\r\n<h2>Erfolgsbilanz<\/h2>\r\n<p>(Aktualisiert 2018) <img decoding=\"async\" title=\"Stilllegungsarbeiten-2-1\" src=\"https:\/\/oceaneering.com\/wp-content\/uploads\/2023\/10\/Decommissioning-artwork-2-1.png\" alt=\"Decommissioning-artwork-2-1\" \/><\/p>\r\n<h2>Andere Dienstleistungen<\/h2>\r\n<p>Unser breites Portfolio an Werkzeugen und Dienstleistungen erm\u00f6glicht kosteneffiziente L\u00f6sungen f\u00fcr die Stilllegung, die unseren Kunden einen gr\u00f6\u00dferen Nutzen bei geringeren Gesamtbetriebskosten bieten.<\/p>\r\n<h4>Beispiele f\u00fcr andere Dienstleistungen sind:<\/h4>\r\n<ul>\r\n<li><a href=\"https:\/\/www.oceaneering.com\/de\/rov-services\/rov-technology\/#rpact\">Fernsteuerung und -\u00fcberwachung von den Onshore-Kontrollzentren von Oceaneering<\/a><\/li>\r\n<li>FEED-Studien, technische Analyse und technische Bewertung<\/li>\r\n<li>Standortsanierung (Steinsch\u00fcttung, Grabenaushub, Vermessung)<\/li>\r\n<li>Reinigung und Inspektion der Unterwasserinfrastruktur<\/li>\r\n<li>Probenahme und Vermessung auf See<\/li>\r\n<li>Projektleitung<\/li>\r\n<li>Inspektion von Bohrl\u00f6chern<\/li>\r\n<li>Bergung von Tr\u00fcmmern<\/li>\r\n<li>Langfristige \u00dcberwachung<\/li>\r\n<\/ul>\r\n<p><img decoding=\"async\" title=\"1559943920000\" src=\"https:\/\/oceaneering.com\/wp-content\/uploads\/2023\/10\/1559943920000.jpg\" alt=\"1559943920000\" \/><\/p>\r\n<h2>Brosch\u00fcre zur Stilllegung<\/h2>\r\n<p><a href=\"https:\/\/oceaneering.canto.com\/download\/document\/8dbek0l8h911t3833o1l0ik20p\/original.pdf\" target=\"_blank\" rel=\"noopener\"> L\u00f6sungen f\u00fcr die Stilllegung <\/a><\/p>\r\n<h1>Kontakt<\/h1>\r\n<h2>Unser Expertenteam ist bereit, Ihnen den Einstieg zu erleichtern.<\/h2>\r\n<p>Oceaneering bietet erstklassige Produkte und L\u00f6sungen, die sich durch unvergleichliche Qualit\u00e4t, Zuverl\u00e4ssigkeit und globalen Support auszeichnen. F\u00fcllen Sie das Anfrageformular aus, um noch heute ein Gespr\u00e4ch zu beginnen.<\/p>","protected":false},"excerpt":{"rendered":"<p>Diskutieren Sie ein Projekt Stilllegungsl\u00f6sungen Seit mehr als 25 Jahren bedient Oceaneering erfolgreich den weltweiten Bedarf seiner Kunden an kosteneffizienten Stilllegungsl\u00f6sungen, die den sicheren und effizienten R\u00fcckbau von Offshore-Infrastruktur wie Plattformen, Leitungen, Unterwasser-Hardware und Bohrl\u00f6chern gew\u00e4hrleisten. Unsere Erfolgsbilanz im Bereich der Stilllegung basiert auf zuverl\u00e4ssigen Schneiddiensten und kostenlosem Werkzeugverleih, ... <a title=\"L\u00f6sungen f\u00fcr die Stilllegung\" class=\"read-more\" href=\"https:\/\/www.oceaneering.com\/de\/decommissioning\/\" aria-label=\"Mehr Informationen \u00fcber Decommissioning Solutions\">Weiterlesen ...<\/a><\/p>","protected":false},"author":19,"featured_media":0,"parent":0,"menu_order":2,"comment_status":"closed","ping_status":"closed","template":"","meta":{"_acf_changed":false,"footnotes":"","_links_to":"","_links_to_target":""},"product_category":[1312],"search_tags":[1377],"class_list":["post-2447","page","type-page","status-publish","product_category-decommissioning","search_tags-decommissioning"],"acf":[],"aioseo_notices":[],"_links":{"self":[{"href":"https:\/\/www.oceaneering.com\/de\/wp-json\/wp\/v2\/pages\/2447","targetHints":{"allow":["GET"]}}],"collection":[{"href":"https:\/\/www.oceaneering.com\/de\/wp-json\/wp\/v2\/pages"}],"about":[{"href":"https:\/\/www.oceaneering.com\/de\/wp-json\/wp\/v2\/types\/page"}],"author":[{"embeddable":true,"href":"https:\/\/www.oceaneering.com\/de\/wp-json\/wp\/v2\/users\/19"}],"replies":[{"embeddable":true,"href":"https:\/\/www.oceaneering.com\/de\/wp-json\/wp\/v2\/comments?post=2447"}],"version-history":[{"count":1,"href":"https:\/\/www.oceaneering.com\/de\/wp-json\/wp\/v2\/pages\/2447\/revisions"}],"predecessor-version":[{"id":80789,"href":"https:\/\/www.oceaneering.com\/de\/wp-json\/wp\/v2\/pages\/2447\/revisions\/80789"}],"wp:attachment":[{"href":"https:\/\/www.oceaneering.com\/de\/wp-json\/wp\/v2\/media?parent=2447"}],"wp:term":[{"taxonomy":"product_category","embeddable":true,"href":"https:\/\/www.oceaneering.com\/de\/wp-json\/wp\/v2\/product_category?post=2447"},{"taxonomy":"search_tags","embeddable":true,"href":"https:\/\/www.oceaneering.com\/de\/wp-json\/wp\/v2\/search_tags?post=2447"}],"curies":[{"name":"wp","href":"https:\/\/api.w.org\/{rel}","templated":true}]}}