{"id":2402,"date":"2023-10-16T17:39:46","date_gmt":"2023-10-16T21:39:46","guid":{"rendered":"https:\/\/oceaneering.com\/?page_id=2402"},"modified":"2025-07-23T06:47:46","modified_gmt":"2025-07-23T11:47:46","slug":"oceaneering-technologies","status":"publish","type":"page","link":"https:\/\/www.oceaneering.com\/de\/oceaneering-technologies\/","title":{"rendered":"Oceaneering Technologien (OTECH)"},"content":{"rendered":"<p><a href=\"https:\/\/www.oceaneering.com\/de\/oceaneering-technologies\/#contact\" target=\"_self\"> Ein Projekt besprechen <\/a> einsatzbereite maritime Systeme<\/p>\r\n<h1>Oceaneering Technologien (OTECH)<\/h1>\r\n<p>Bereitstellung integrierter, einsatzbereiter L\u00f6sungen, die auf die besonderen Anforderungen der jeweiligen Einsatzumgebung zugeschnitten sind.<\/p>\r\n<h2>Bew\u00e4hrte Leistung in anspruchsvollen Unterwasserumgebungen<\/h2>\r\n<p>Wir sind auf den Entwurf, die Entwicklung, den Betrieb und die Instandhaltung von fortschrittlichen maritimen und spezialisierten Systemen f\u00fcr Verteidigungs- und kommerzielle Anwendungen spezialisiert. Unsere Systeme sind so konstruiert, dass sie den anspruchsvollsten Unterwasserbedingungen standhalten, wie z. B. extremem Druck, gro\u00dfer Reichweite, Biofouling, Korrosion und langfristiger Einwirkung feindlicher Umgebungen. Von autonomen Unterwasserfahrzeugen bis hin zu ferngesteuerten Betriebsinfrastrukturen sind unsere L\u00f6sungen auf Ausdauer, Anpassungsf\u00e4higkeit und Missionserfolg ausgelegt.<\/p>\r\n<p><a title=\"Unbemannte Unterwassersysteme\" href=\"https:\/\/www.oceaneering.com\/de\/oceaneering-technologies\/unmanned-undersea-systems\/\"><img loading=\"lazy\" decoding=\"async\" title=\"freiheituntermitlogonotextfeatured | Oceaneering\" src=\"https:\/\/www.oceaneering.com\/wp-content\/uploads\/2025\/05\/freedom-under-with-logo-notext-featured-1024x576.jpg\" sizes=\"auto, (max-width: 1024px) 100vw, 1024px\" srcset=\"https:\/\/www.oceaneering.com\/wp-content\/uploads\/2025\/05\/freedom-under-with-logo-notext-featured-1024x576.jpg 1024w, https:\/\/www.oceaneering.com\/wp-content\/uploads\/2025\/05\/freedom-under-with-logo-notext-featured-300x169.jpg 300w, https:\/\/www.oceaneering.com\/wp-content\/uploads\/2025\/05\/freedom-under-with-logo-notext-featured-768x432.jpg 768w, https:\/\/www.oceaneering.com\/wp-content\/uploads\/2025\/05\/freedom-under-with-logo-notext-featured-1536x864.jpg 1536w, https:\/\/www.oceaneering.com\/wp-content\/uploads\/2025\/05\/freedom-under-with-logo-notext-featured-2048x1152.jpg 2048w, https:\/\/www.oceaneering.com\/wp-content\/uploads\/2025\/05\/freedom-under-with-logo-notext-featured-18x10.jpg 18w, https:\/\/www.oceaneering.com\/wp-content\/uploads\/2025\/05\/freedom-under-with-logo-notext-featured-1280x720.jpg 1280w, https:\/\/www.oceaneering.com\/wp-content\/uploads\/2025\/05\/freedom-under-with-logo-notext-featured-960x540.jpg 960w, https:\/\/www.oceaneering.com\/wp-content\/uploads\/2025\/05\/freedom-under-with-logo-notext-featured-640x360.jpg 640w, https:\/\/www.oceaneering.com\/wp-content\/uploads\/2025\/05\/freedom-under-with-logo-notext-featured-320x180.jpg 320w\" alt=\"Autonomous underwater vehicle AUV travelling under water surface to survey offshore pipeline\" width=\"1024\" height=\"576\" \/><\/a><\/p>\r\n<h3><a title=\"Unbemannte Unterwassersysteme\" href=\"https:\/\/www.oceaneering.com\/de\/oceaneering-technologies\/unmanned-undersea-systems\/\">Unbemannte Unterwassersysteme<\/a><\/h3>\r\n<p>Unsere vollst\u00e4ndig anpassbaren Unterwasserfahrzeuge erm\u00f6glichen die Datenerfassung in Echtzeit und die Bewertung von Bedrohungen in Umgebungen, die f\u00fcr menschliche Bediener oft unzug\u00e4nglich oder zu gef\u00e4hrlich sind.<\/p>\r\n<p><a href=\"https:\/\/www.oceaneering.com\/de\/oceaneering-technologies\/unmanned-undersea-systems\/\">Mehr lesen<\/a> <a title=\"Hyperbare Systeme\" href=\"https:\/\/www.oceaneering.com\/de\/oceaneering-technologies\/hyperbaric-systems\/\"><img loading=\"lazy\" decoding=\"async\" title=\"Hyperbarische Systeme | Oceaneering\" src=\"https:\/\/www.oceaneering.com\/wp-content\/uploads\/2025\/05\/Hyperbaric-Systems-1024x576.jpg\" sizes=\"auto, (max-width: 1024px) 100vw, 1024px\" srcset=\"https:\/\/www.oceaneering.com\/wp-content\/uploads\/2025\/05\/Hyperbaric-Systems-1024x576.jpg 1024w, https:\/\/www.oceaneering.com\/wp-content\/uploads\/2025\/05\/Hyperbaric-Systems-300x169.jpg 300w, https:\/\/www.oceaneering.com\/wp-content\/uploads\/2025\/05\/Hyperbaric-Systems-768x432.jpg 768w, https:\/\/www.oceaneering.com\/wp-content\/uploads\/2025\/05\/Hyperbaric-Systems-1536x864.jpg 1536w, https:\/\/www.oceaneering.com\/wp-content\/uploads\/2025\/05\/Hyperbaric-Systems-2048x1152.jpg 2048w, https:\/\/www.oceaneering.com\/wp-content\/uploads\/2025\/05\/Hyperbaric-Systems-18x10.jpg 18w, https:\/\/www.oceaneering.com\/wp-content\/uploads\/2025\/05\/Hyperbaric-Systems-1280x720.jpg 1280w, https:\/\/www.oceaneering.com\/wp-content\/uploads\/2025\/05\/Hyperbaric-Systems-960x540.jpg 960w, https:\/\/www.oceaneering.com\/wp-content\/uploads\/2025\/05\/Hyperbaric-Systems-640x360.jpg 640w, https:\/\/www.oceaneering.com\/wp-content\/uploads\/2025\/05\/Hyperbaric-Systems-320x180.jpg 320w\" alt=\"Transfer Under Pressure TUP chambers used in submarine rescue operations\" width=\"1024\" height=\"576\" \/><\/a><\/p>\r\n<h3><a title=\"Hyperbare Systeme\" href=\"https:\/\/www.oceaneering.com\/de\/oceaneering-technologies\/hyperbaric-systems\/\">Hyperbare Systeme<\/a><\/h3>\r\n<p>Unser multidisziplin\u00e4res Team aus Ingenieuren, Betreibern und Tauchern verf\u00fcgt \u00fcber mehr als sechs Jahrzehnte Erfahrung in der Entwicklung, dem Bau und dem Betrieb zuverl\u00e4ssiger \u00dcberdrucksysteme f\u00fcr bemannte Unterwassereins\u00e4tze.<\/p>\r\n<p><a href=\"https:\/\/www.oceaneering.com\/de\/oceaneering-technologies\/hyperbaric-systems\/\">Mehr lesen<\/a> <a title=\"U-Boot-Rettungsl\u00f6sungen\" href=\"https:\/\/www.oceaneering.com\/de\/oceaneering-technologies\/submarine-rescue-solutions\/\"><img loading=\"lazy\" decoding=\"async\" title=\"SubmarineRescueSolutions | Oceaneering\" src=\"https:\/\/www.oceaneering.com\/wp-content\/uploads\/2025\/05\/Submarine-Rescue-Solutions-1024x576.jpg\" sizes=\"auto, (max-width: 1024px) 100vw, 1024px\" srcset=\"https:\/\/www.oceaneering.com\/wp-content\/uploads\/2025\/05\/Submarine-Rescue-Solutions-1024x576.jpg 1024w, https:\/\/www.oceaneering.com\/wp-content\/uploads\/2025\/05\/Submarine-Rescue-Solutions-300x169.jpg 300w, https:\/\/www.oceaneering.com\/wp-content\/uploads\/2025\/05\/Submarine-Rescue-Solutions-768x432.jpg 768w, https:\/\/www.oceaneering.com\/wp-content\/uploads\/2025\/05\/Submarine-Rescue-Solutions-1536x864.jpg 1536w, https:\/\/www.oceaneering.com\/wp-content\/uploads\/2025\/05\/Submarine-Rescue-Solutions-18x10.jpg 18w, https:\/\/www.oceaneering.com\/wp-content\/uploads\/2025\/05\/Submarine-Rescue-Solutions-1280x720.jpg 1280w, https:\/\/www.oceaneering.com\/wp-content\/uploads\/2025\/05\/Submarine-Rescue-Solutions-960x540.jpg 960w, https:\/\/www.oceaneering.com\/wp-content\/uploads\/2025\/05\/Submarine-Rescue-Solutions-640x360.jpg 640w, https:\/\/www.oceaneering.com\/wp-content\/uploads\/2025\/05\/Submarine-Rescue-Solutions-320x180.jpg 320w, https:\/\/www.oceaneering.com\/wp-content\/uploads\/2025\/05\/Submarine-Rescue-Solutions.jpg 1920w\" alt=\"Support vessel preparing to deploy Pressurized Rescue Module PRM into water during system testing\" width=\"1024\" height=\"576\" \/><\/a><\/p>\r\n<h3><a title=\"U-Boot-Rettungsl\u00f6sungen\" href=\"https:\/\/www.oceaneering.com\/de\/oceaneering-technologies\/submarine-rescue-solutions\/\">U-Boot-Rettungsl\u00f6sungen<\/a><\/h3>\r\n<p>Seit mehr als 30 Jahren unterst\u00fctzen wir kritische U-Boot-Rettungseins\u00e4tze, indem wir spezialisierte Systeme entwickeln und modifizieren, um die Anforderungen der U.S. Navy f\u00fcr lebensrettende Eins\u00e4tze unter extremen Bedingungen zu erf\u00fcllen.<\/p>\r\n<p><a href=\"https:\/\/www.oceaneering.com\/de\/oceaneering-technologies\/submarine-rescue-solutions\/\">Mehr lesen<\/a> <a title=\"Herstellung\" href=\"https:\/\/www.oceaneering.com\/de\/oceaneering-technologies\/manufacturing\/\"><img loading=\"lazy\" decoding=\"async\" title=\"Fertigung | Oceaneering\" src=\"https:\/\/www.oceaneering.com\/wp-content\/uploads\/2025\/05\/Manufacturing-1024x576.jpg\" sizes=\"auto, (max-width: 1024px) 100vw, 1024px\" srcset=\"https:\/\/www.oceaneering.com\/wp-content\/uploads\/2025\/05\/Manufacturing-1024x576.jpg 1024w, https:\/\/www.oceaneering.com\/wp-content\/uploads\/2025\/05\/Manufacturing-300x169.jpg 300w, https:\/\/www.oceaneering.com\/wp-content\/uploads\/2025\/05\/Manufacturing-768x432.jpg 768w, https:\/\/www.oceaneering.com\/wp-content\/uploads\/2025\/05\/Manufacturing-1536x864.jpg 1536w, https:\/\/www.oceaneering.com\/wp-content\/uploads\/2025\/05\/Manufacturing-18x10.jpg 18w, https:\/\/www.oceaneering.com\/wp-content\/uploads\/2025\/05\/Manufacturing-1280x720.jpg 1280w, https:\/\/www.oceaneering.com\/wp-content\/uploads\/2025\/05\/Manufacturing-960x540.jpg 960w, https:\/\/www.oceaneering.com\/wp-content\/uploads\/2025\/05\/Manufacturing-640x360.jpg 640w, https:\/\/www.oceaneering.com\/wp-content\/uploads\/2025\/05\/Manufacturing-320x180.jpg 320w, https:\/\/www.oceaneering.com\/wp-content\/uploads\/2025\/05\/Manufacturing.jpg 1920w\" alt=\"Certified in house manufacturing technician works with metal grinder\" width=\"1024\" height=\"576\" \/><\/a><\/p>\r\n<h3><a title=\"Herstellung\" href=\"https:\/\/www.oceaneering.com\/de\/oceaneering-technologies\/manufacturing\/\">Herstellung<\/a><\/h3>\r\n<p>Wir liefern pr\u00e4zise und zuverl\u00e4ssige Fertigungsl\u00f6sungen f\u00fcr Projekte jeder Gr\u00f6\u00dfe und Komplexit\u00e4t. Zu unseren internen F\u00e4higkeiten geh\u00f6ren Pr\u00e4zisionsbearbeitung, Fertigung, Montage und Schwei\u00dfarbeiten in gro\u00dfem Ma\u00dfstab.<\/p>\r\n<p><a href=\"https:\/\/www.oceaneering.com\/de\/oceaneering-technologies\/manufacturing\/\">Mehr lesen<\/a> <a title=\"Frachtumschlag auf See\" href=\"https:\/\/www.oceaneering.com\/de\/oceaneering-technologies\/cargo-transfer-at-sea\/\"><img loading=\"lazy\" decoding=\"async\" title=\"Frachtumschlag auf See | Oceaneering\" src=\"https:\/\/www.oceaneering.com\/wp-content\/uploads\/2025\/05\/Cargo-Transfer-at-Sea-1024x576.jpg\" sizes=\"auto, (max-width: 1024px) 100vw, 1024px\" srcset=\"https:\/\/www.oceaneering.com\/wp-content\/uploads\/2025\/05\/Cargo-Transfer-at-Sea-1024x576.jpg 1024w, https:\/\/www.oceaneering.com\/wp-content\/uploads\/2025\/05\/Cargo-Transfer-at-Sea-300x169.jpg 300w, https:\/\/www.oceaneering.com\/wp-content\/uploads\/2025\/05\/Cargo-Transfer-at-Sea-768x432.jpg 768w, https:\/\/www.oceaneering.com\/wp-content\/uploads\/2025\/05\/Cargo-Transfer-at-Sea-1536x864.jpg 1536w, https:\/\/www.oceaneering.com\/wp-content\/uploads\/2025\/05\/Cargo-Transfer-at-Sea-18x10.jpg 18w, https:\/\/www.oceaneering.com\/wp-content\/uploads\/2025\/05\/Cargo-Transfer-at-Sea-1280x720.jpg 1280w, https:\/\/www.oceaneering.com\/wp-content\/uploads\/2025\/05\/Cargo-Transfer-at-Sea-960x540.jpg 960w, https:\/\/www.oceaneering.com\/wp-content\/uploads\/2025\/05\/Cargo-Transfer-at-Sea-640x360.jpg 640w, https:\/\/www.oceaneering.com\/wp-content\/uploads\/2025\/05\/Cargo-Transfer-at-Sea-320x180.jpg 320w, https:\/\/www.oceaneering.com\/wp-content\/uploads\/2025\/05\/Cargo-Transfer-at-Sea.jpg 1920w\" alt=\"Oceaneering engineer observes motion compensated robotic crane transfer of cargo container on dock\" width=\"1024\" height=\"576\" \/><\/a><\/p>\r\n<h3><a title=\"Frachtumschlag auf See\" href=\"https:\/\/www.oceaneering.com\/de\/oceaneering-technologies\/cargo-transfer-at-sea\/\">Frachtumschlag auf See<\/a><\/h3>\r\n<p>Wir entwickeln Technologien der n\u00e4chsten Generation, die die Logistik auf See bei erh\u00f6htem Seegang f\u00fcr die Expeditionskriegsf\u00fchrung, humanit\u00e4re Eins\u00e4tze und andere wichtige maritime Operationen verbessern.<\/p>\r\n<p><a href=\"https:\/\/www.oceaneering.com\/de\/oceaneering-technologies\/cargo-transfer-at-sea\/\">Mehr lesen<\/a><\/p>\r\n<!-- .pp-content-posts -->\r\n<p><img loading=\"lazy\" decoding=\"async\" title=\"OROC_Stavanger_Norway\" src=\"https:\/\/www.oceaneering.com\/wp-content\/uploads\/2025\/06\/OROC_Stavanger_Norway.jpg\" alt=\"Two engineers monitoring subsea assets from our Onshore Remote Operations Center (OROC).\" width=\"1920\" height=\"1080\" \/><\/p>\r\n<h2>Integrierte maritime Technologiel\u00f6sungen<\/h2>\r\n<p>Wir entwickeln \u00dcberwachungsplattformen an der Oberfl\u00e4che und unter Wasser sowie Systeme zur Anlagen\u00fcberwachung, die vollst\u00e4ndig in eine sichere, digitale Fernsteuerungsarchitektur integriert sind. Dieser fortschrittliche Rahmen erm\u00f6glicht den schnellen Einsatz neuer Funktionen und bietet den Betreibern ein Situationsbewusstsein in Echtzeit, so dass sie schnell und effektiv auf die sich \u00e4ndernden Anforderungen der Mission reagieren k\u00f6nnen.<\/p>\r\n<h2>Vertrag mit der U.S. Navy gesichert<\/h2>\r\n<p>Oceaneering was awarded a contract by the U.S. Department of Defense&#8217;s Defense Innovation Unit (DIU) to deliver a Freedom\u2122 Autonomous Underwater Vehicle (AUV) and to establish an Onshore Remote Operations Center (OROC) to support the U.S. Navy&#8217;s autonomous undersea operations <a href=\"https:\/\/www.oceaneering.com\/de\/oceaneering-wins-contract-to-build-freedom-auv-and-remote-operations-center-for-us-navy\/\" target=\"_self\"> Lesen Sie die News-Ank\u00fcndigung <\/a><\/p>\r\n<h2>Engagiert f\u00fcr die St\u00e4rkung der globalen Sicherheit und Verteidigung<\/h2>\r\n<p>Wir spielen eine wichtige Rolle bei der F\u00f6rderung der globalen Verteidigungsf\u00e4higkeiten durch die Unterst\u00fctzung der <a href=\"https:\/\/www.nato.int\/\" target=\"_blank\" rel=\"noopener\">Nordatlantikvertrags-Organisation (NATO)<\/a> und einen Beitrag zum zweiten Pfeiler der <a href=\"https:\/\/commonslibrary.parliament.uk\/research-briefings\/cbp-9842\/\" target=\"_blank\" rel=\"noopener\">AUKUS-Partnerschaft<\/a>-a trilateral agreement between Australia, the United Kingdom, and the United States focused on advanced defense technologies.<\/p>\r\n<p><img loading=\"lazy\" decoding=\"async\" title=\"Global-security-and-defence\" src=\"https:\/\/www.oceaneering.com\/wp-content\/uploads\/2025\/06\/Global-security-and-defence.jpg\" alt=\"3D rendering of subsea and surface assets including AUVs, resident technology system, submarine rescue with pressurized rescue module and submarine dry deck shelter.\" width=\"1920\" height=\"1080\" \/><\/p>\r\n<h1>Kontakt<\/h1>\r\n<h2>Unser Expertenteam ist bereit, Ihnen den Einstieg zu erleichtern.<\/h2>\r\n<p>Oceaneering bietet erstklassige Produkte und L\u00f6sungen, die sich durch unvergleichliche Qualit\u00e4t, Zuverl\u00e4ssigkeit und globalen Support auszeichnen. F\u00fcllen Sie das Anfrageformular aus, um noch heute ein Gespr\u00e4ch zu beginnen.<\/p>","protected":false},"excerpt":{"rendered":"<p>Discuss a Project mission-ready maritime systems Oceaneering Technologies (OTECH) Delivering integrated, mission-ready solutions tailored to meet the unique demands of each operational environment. Proven Performance in Demanding Subsea Environments We specialize in the design, development, operation, and sustainment of advanced maritime and specialized systems for defense and commercial applications. Our systems are engineered to endure &#8230; <a title=\"Oceaneering Technologien (OTECH)\" class=\"read-more\" href=\"https:\/\/www.oceaneering.com\/de\/oceaneering-technologies\/\" aria-label=\"Mehr Informationen \u00fcber Oceaneering Technologies (OTECH)\">Weiterlesen ...<\/a><\/p>","protected":false},"author":13,"featured_media":0,"parent":0,"menu_order":2,"comment_status":"closed","ping_status":"closed","template":"","meta":{"_acf_changed":false,"footnotes":"","_links_to":"","_links_to_target":""},"product_category":[1461],"search_tags":[1489],"class_list":["post-2402","page","type-page","status-publish","product_category-oceaneering-technologies-otech","search_tags-otech"],"acf":[],"aioseo_notices":[],"_links":{"self":[{"href":"https:\/\/www.oceaneering.com\/de\/wp-json\/wp\/v2\/pages\/2402","targetHints":{"allow":["GET"]}}],"collection":[{"href":"https:\/\/www.oceaneering.com\/de\/wp-json\/wp\/v2\/pages"}],"about":[{"href":"https:\/\/www.oceaneering.com\/de\/wp-json\/wp\/v2\/types\/page"}],"author":[{"embeddable":true,"href":"https:\/\/www.oceaneering.com\/de\/wp-json\/wp\/v2\/users\/13"}],"replies":[{"embeddable":true,"href":"https:\/\/www.oceaneering.com\/de\/wp-json\/wp\/v2\/comments?post=2402"}],"version-history":[{"count":0,"href":"https:\/\/www.oceaneering.com\/de\/wp-json\/wp\/v2\/pages\/2402\/revisions"}],"wp:attachment":[{"href":"https:\/\/www.oceaneering.com\/de\/wp-json\/wp\/v2\/media?parent=2402"}],"wp:term":[{"taxonomy":"product_category","embeddable":true,"href":"https:\/\/www.oceaneering.com\/de\/wp-json\/wp\/v2\/product_category?post=2402"},{"taxonomy":"search_tags","embeddable":true,"href":"https:\/\/www.oceaneering.com\/de\/wp-json\/wp\/v2\/search_tags?post=2402"}],"curies":[{"name":"wp","href":"https:\/\/api.w.org\/{rel}","templated":true}]}}