{"id":2382,"date":"2023-10-16T16:12:56","date_gmt":"2023-10-16T20:12:56","guid":{"rendered":"https:\/\/oceaneering.com\/?page_id=2382"},"modified":"2026-01-23T04:14:49","modified_gmt":"2026-01-23T10:14:49","slug":"data-management","status":"publish","type":"page","link":"https:\/\/www.oceaneering.com\/de\/data-management\/","title":{"rendered":"Datenverwaltung"},"content":{"rendered":"<p><a href=\"https:\/\/www.oceaneering.com\/de\/data-management\/#contact\" target=\"_self\"> Ein Projekt besprechen <\/a><\/p>\r\n<h1>Datenmanagement und Kommunikationsl\u00f6sungen<\/h1>\r\n<p>Unsere Daten- und IT-L\u00f6sungen erm\u00f6glichen es Ihnen, Ihr Gesch\u00e4ft besser zu machen. Vom \u00d6lfeld bis zur Vorstandsetage, von der Unterwasserwelt bis zum Satelliten und von der vorgelagerten bis zur nachgelagerten Industrie - wir haben die Daten, die Technologie und die Fachexperten, die Ihnen helfen, Ihre Aufgaben zu erf\u00fcllen.<\/p>\r\n<h2>Erfahren Sie, wie wir Ihnen helfen k\u00f6nnen, Ihre Effizienz zu steigern, Ihre Abl\u00e4ufe zu verbessern, die Sicherheit zu erh\u00f6hen und den Arbeitsaufwand zu reduzieren.<\/h2>\r\n<h2>Kommunikation und IT-Dienste<\/h2>\r\n<p>Wir bieten schl\u00fcsselfertige L\u00f6sungen f\u00fcr Netzwerke, Video und Sprache. Mit 50 Jahren Erfahrung in der Schifffahrt und im Offshore-Bereich stellen wir Ihnen die Technologie und das Personal zur Verf\u00fcgung, um die komplexesten Ziele in den rauesten Umgebungen zu erreichen. Unsere Echtzeit-Kommunikationsl\u00f6sungen verbinden Bohrinseln, Plattformen und Schiffe mit globalen Betriebszentralen. Wir stellen Satelliten-, Mobilfunk- und Mesh-Technologien bereit, um sicherzustellen, dass die Daten so schnell wie m\u00f6glich zu den Menschen und Maschinen gelangen. Wir helfen Ihnen, die unterschiedlichsten Anforderungen zu erf\u00fcllen, vom Breitband-Internet auf See bis hin zum Backhauling von Video- und Sensordaten von Schiffen, ferngesteuerten Fahrzeugen (zu Land, zu Wasser und in der Luft), Plattformen, Raffinerien und anderen rauen Umgebungen.<\/p>\r\n<h3>Unsere Kommunikations- und IT-Dienste decken ein breites Spektrum an Bed\u00fcrfnissen ab.<\/h3>\r\n<p><a href=\"https:\/\/oceaneering.canto.com\/download\/document\/i73oe58nrd6cl92c3c2isrvr39\/original.pdf\" target=\"_blank\" rel=\"noopener\"> Kommunikation und IT-Dienste <\/a><\/p>\r\n<ul>\r\n<li>Zertifizierte Offshore-IT-Techniker<\/li>\r\n<li>Internet-Breitband<\/li>\r\n<li>Radiofrequenz (RF)-Felduntersuchung<\/li>\r\n<li>Sprach-, Video- und Datenl\u00f6sungen von Schiff zu Schiff (Punkt-zu-Punkt und Mesh)<\/li>\r\n<li>Live-Video-Streaming und Medienarchivierung<\/li>\r\n<li>Verwaltete Netze<\/li>\r\n<li>Kommunikationsl\u00f6sungen wie Satellit, Mobilfunk und Machine-to-Machine (M2M)<\/li>\r\n<\/ul>\r\n<h2>GIS- und Esri-Dienste<\/h2>\r\n<p>Wir sind f\u00fchrend in der Entwicklung von L\u00f6sungen f\u00fcr geografische Informationssysteme (GIS) f\u00fcr Offshore- und Tiefseeumgebungen. Als globaler Partner von Esri setzen wir Esri-Technologie, propriet\u00e4re Daten wie Wetterdaten und unsere Echtzeit-Schiffsdaten des automatischen Identifikationssystems (AIS) sowie zentrale Kartierungsebenen ein, um ein gemeinsames Betriebsbild (COP) zu erstellen.<\/p>\r\n<h3>Unsere GIS- und Esri-Dienste unterst\u00fctzen die von Ihnen ben\u00f6tigten Funktionen.<\/h3>\r\n<p><a href=\"https:\/\/oceaneering.canto.com\/download\/document\/p0r36n4h5h11n6di6jphnris6f\/original.pdf\" target=\"_blank\" rel=\"noopener\"> GIS- und Esri-Dienste <\/a><\/p>\r\n<ul>\r\n<li>Ma\u00dfgeschneiderte Notfall\u00fcbungen mit audiovisueller Technologie und Datenschichten<\/li>\r\n<li>Operative Unterst\u00fctzung sowohl bei der Offshore-Exploration als auch bei der Produktion<\/li>\r\n<li>Datenintegration mit kommerziellen Systemen wie OSIsoft PI und Maximo<\/li>\r\n<li>Video-Integration in GIS<\/li>\r\n<li>Asset Tracking durch AIS und satellitengest\u00fctzte M2M-L\u00f6sungen<\/li>\r\n<li>GIS-Daten f\u00fcr Marktanalysen, die Einhaltung von Ausbildungsvorschriften und die Unterst\u00fctzung bei Rechtsstreitigkeiten<\/li>\r\n<li>Echtzeit- und historische meteorologische Daten in Zusammenarbeit mit Weather Decision Technologies (WDT)<\/li>\r\n<\/ul>\r\n<h2>Video-Dienste<\/h2>\r\n<p>Wir bieten die fortschrittlichsten Live-Streaming-Video- und Archivierungsl\u00f6sungen auf dem Markt. Ganz gleich, ob Sie Remote-Operationen in Echtzeit anzeigen oder Petabytes an Daten in einem durchsuchbaren, indizierten Medienarchiv speichern m\u00f6chten - wir k\u00f6nnen Ihnen helfen.<\/p>\r\n<p>Die Videoverwaltung erfolgt \u00fcber die <a href=\"\/de\/asset-intelligence-and-management\/media-and-integrity-management\/\">Oceaneering Media Vault (OMV)<\/a>die ein integriertes webbasiertes Portal f\u00fcr die Anzeige und Verwaltung von Echtzeit-Streams sowie f\u00fcr die Archivierung und \u00dcberpr\u00fcfung historischer Daten bietet. Sie k\u00f6nnen interessante Bereiche f\u00fcr eine sp\u00e4tere Analyse markieren, mehrere Streams in einer einheitlichen Anzeige betrachten und sogar Ihre individuellen Videostreams in Ihrem Esri-basierten GIS COP bereitstellen.<\/p>\r\n<p>Dar\u00fcber hinaus bieten wir hochaufl\u00f6sendes Streaming mit eingebetteten GPS-Koordinaten.<\/p>\r\n<h3>Unsere Videodienste erm\u00f6glichen bessere Entscheidungen.<\/h3>\r\n<p><a href=\"https:\/\/oceaneering.canto.com\/download\/document\/kcsetoq8257ob890p7lfo7mc0h\/original.pdf\" target=\"_blank\" rel=\"noopener\"> Video-Dienste <\/a> <a href=\"https:\/\/oceaneering.canto.com\/download\/document\/obi7vkr4r931pefv15g160q90u\/original.pdf\" target=\"_blank\" rel=\"noopener\"> Oceaneering Media Vault (OMV) <\/a><\/p>\r\n<ul>\r\n<li>Fernbedienung <a href=\"\/de\/asset-integrity\/floating-systems-inspection-and-integrity-services\/special-periodic-surveys-and-uwild\/\">Unterwasserinspektion anstelle des Trockendocks (UWILD)<\/a> Dienstleistungen<\/li>\r\n<li><a href=\"\/de\/rov-services\/\">Ferngesteuertes Fahrzeug (ROV)<\/a>, <a href=\"\/de\/subsea-projects\/vessel-fleet\/\">Schiff<\/a>und Hafenbetrieb<\/li>\r\n<li>\u00dcbungen und Reaktionen auf Vorf\u00e4lle<\/li>\r\n<li>Videoarchivierung f\u00fcr Unternehmen<\/li>\r\n<li>Codierung und Verwaltung von Videomedien<\/li>\r\n<\/ul>\r\n<h3>Nachstehend finden Sie Beispiele f\u00fcr erfolgreiche Softwareentwicklungsprojekte, die wir f\u00fcr Kunden aus der Schifffahrts- und Energiebranche durchgef\u00fchrt haben.<\/h3>\r\n<p><strong>Kundenspezifische Flottenmanagementsysteme<\/strong> Nutzung von Satellitenkommunikation, terrestrischen (zellularen) Daten und AIS zur Unterst\u00fctzung spezifischer Gesch\u00e4ftsanforderungen; unsere L\u00f6sungen haben alle Aspekte des Flottenmanagements einbezogen, einschlie\u00dflich Planung, Logistik, Rechnungsstellung, Personalwesen und Compliance-Berichterstattung<\/p>\r\n<p><strong>Benutzerdefinierte Berichte<\/strong> aus unseren gro\u00dfen Datenbest\u00e4nden f\u00fcr eine Vielzahl von beh\u00f6rdlichen Anforderungen, wie z. B. die Meldung von Emissionen im Rahmen der Maritime Domain Awareness (MDA), die Planung von Liegepl\u00e4tzen, die Meldung von Schiffsgeschwindigkeiten und andere Anwendungen f\u00fcr Hafenbeh\u00f6rden sowie f\u00fcr Bundes- und lokale Regierungsstellen<\/p>\r\n<p>Entwicklung von <strong>mobile Anwendungen<\/strong><\/p>\r\n<h1>Kontakt<\/h1>\r\n<h2>Unser Expertenteam ist bereit, Ihnen den Einstieg zu erleichtern.<\/h2>\r\n<p>Oceaneering bietet erstklassige Produkte und L\u00f6sungen, die sich durch unvergleichliche Qualit\u00e4t, Zuverl\u00e4ssigkeit und globalen Support auszeichnen. F\u00fcllen Sie das Anfrageformular aus, um noch heute ein Gespr\u00e4ch zu beginnen.<\/p>","protected":false},"excerpt":{"rendered":"<p>Diskutieren Sie ein Projekt Datenmanagement- und Kommunikationsl\u00f6sungen Unsere Daten- und IT-L\u00f6sungen erm\u00f6glichen es Ihnen, Ihre Gesch\u00e4fte besser zu f\u00fchren. Vom \u00d6lfeld bis zur Vorstandsetage, von der Unterwasserwelt bis zum Satelliten und von der vorgelagerten bis zur nachgelagerten Industrie - wir haben die Daten, die Technologie und die Fachexperten, die Ihnen helfen, Ihre Aufgaben zu erf\u00fcllen. Erfahren Sie, wie wir Ihnen helfen k\u00f6nnen, Ihre ... <a title=\"Datenverwaltung\" class=\"read-more\" href=\"https:\/\/www.oceaneering.com\/de\/data-management\/\" aria-label=\"Mehr Informationen \u00fcber Datenmanagement\">Weiterlesen ...<\/a><\/p>","protected":false},"author":19,"featured_media":0,"parent":0,"menu_order":2,"comment_status":"closed","ping_status":"closed","template":"","meta":{"_acf_changed":false,"footnotes":"","_links_to":"","_links_to_target":""},"product_category":[1403,1334],"search_tags":[1530],"class_list":["post-2382","page","type-page","status-publish","product_category-c-nav-positioning-solutions","product_category-data-management","search_tags-c-nav-positioning"],"acf":[],"aioseo_notices":[],"_links":{"self":[{"href":"https:\/\/www.oceaneering.com\/de\/wp-json\/wp\/v2\/pages\/2382","targetHints":{"allow":["GET"]}}],"collection":[{"href":"https:\/\/www.oceaneering.com\/de\/wp-json\/wp\/v2\/pages"}],"about":[{"href":"https:\/\/www.oceaneering.com\/de\/wp-json\/wp\/v2\/types\/page"}],"author":[{"embeddable":true,"href":"https:\/\/www.oceaneering.com\/de\/wp-json\/wp\/v2\/users\/19"}],"replies":[{"embeddable":true,"href":"https:\/\/www.oceaneering.com\/de\/wp-json\/wp\/v2\/comments?post=2382"}],"version-history":[{"count":1,"href":"https:\/\/www.oceaneering.com\/de\/wp-json\/wp\/v2\/pages\/2382\/revisions"}],"predecessor-version":[{"id":80788,"href":"https:\/\/www.oceaneering.com\/de\/wp-json\/wp\/v2\/pages\/2382\/revisions\/80788"}],"wp:attachment":[{"href":"https:\/\/www.oceaneering.com\/de\/wp-json\/wp\/v2\/media?parent=2382"}],"wp:term":[{"taxonomy":"product_category","embeddable":true,"href":"https:\/\/www.oceaneering.com\/de\/wp-json\/wp\/v2\/product_category?post=2382"},{"taxonomy":"search_tags","embeddable":true,"href":"https:\/\/www.oceaneering.com\/de\/wp-json\/wp\/v2\/search_tags?post=2382"}],"curies":[{"name":"wp","href":"https:\/\/api.w.org\/{rel}","templated":true}]}}