{"id":2211,"date":"2023-10-13T10:36:41","date_gmt":"2023-10-13T14:36:41","guid":{"rendered":"https:\/\/oceaneering.com\/?page_id=2211"},"modified":"2025-01-14T07:14:48","modified_gmt":"2025-01-14T13:14:48","slug":"media-and-integrity-management","status":"publish","type":"page","link":"https:\/\/www.oceaneering.com\/de\/data-management\/media-and-integrity-management\/","title":{"rendered":"Medien und Integrit\u00e4tsmanagement"},"content":{"rendered":"<a href=\"https:\/\/www.oceaneering.com\/de\/data-management\/#contact\" target=\"_self\">\n\t\t\t\t\t\t\tEin Projekt besprechen\n\t\t\t\t\t<\/a>\n<h1>\n\t\tMedien und Integrit\u00e4tsmanagement\n\t<\/h1>\n\t<p>Der Oceaneering Media Vault (OMV) erm\u00f6glicht das Hochladen und den Zugriff auf datenintensive Dateien \u00fcber eine sichere Webverbindung, unabh\u00e4ngig von Standort oder Internetgeschwindigkeit.<\/p>\n\t<p>Wir haben uns auf die \u00dcbertragung von 4K-Videostreams von den entlegensten Orten in den tiefsten Tiefen der Welt spezialisiert. Daher ist es nur nat\u00fcrlich, dass wir eine intuitive L\u00f6sung f\u00fcr die Speicherung dieser inhaltsreichen Dateien anbieten. Unsere Kunden haben die Konsolidierung von veraltetem Festplattenspeicher und un\u00fcbersichtlichen Datenseen in einer global zug\u00e4nglichen und sicheren webbasierten Suite als sehr wertvoll empfunden.<\/p>\n<p>Die Funktionen von Microsoft Azure f\u00fcr optische Zeichenerkennung, Sprache-zu-Text und maschinelles Sehen haben den Weg zur Automatisierung und Effizienz f\u00fcr OMV-Benutzer erheblich beschleunigt. Die menschliche Wahrnehmung ist nicht mehr erforderlich, um Terabytes von Videos zu durchsuchen, so dass Sie sich auf Ihr Kerngesch\u00e4ft konzentrieren k\u00f6nnen.<\/p>\n<h3>\n\t\tBrosch\u00fcren\n\t<\/h3>\n\t\t\t<a href=\"https:\/\/oceaneering.canto.com\/download\/document\/obi7vkr4r931pefv15g160q90u\/original.pdf\" target=\"_blank\" rel=\"noopener\">\n\t\t\t\t\t\t\tOceaneering\u00ae Medientresor\n\t\t\t\t\t<\/a>\n\t\t\t<a href=\"https:\/\/oceaneering.canto.com\/download\/document\/kcsetoq8257ob890p7lfo7mc0h\/original.pdf\" target=\"_blank\" rel=\"noopener\">\n\t\t\t\t\t\t\tVideo-Dienste\n\t\t\t\t\t<\/a>\n<h3>\n\t\t OMV-Benutzer profitieren von den folgenden Vorteilen der L\u00f6sung:\n\t<\/h3>\n\t<ul>\n\t\t\t\t\t<li>\n\t\t\t\tErreichbarkeit\n\t\t\t<\/li>\n\t\t\t\t\t<li>\n\t\t\t\tSicherheit\n\t\t\t<\/li>\n\t\t\t\t\t<li>\n\t\t\t\tSkalierbarkeit\n\t\t\t<\/li>\n\t\t\t\t\t<li>\n\t\t\t\tInteroperabilit\u00e4t\n\t\t\t<\/li>\n\t\t\t<\/ul>\n<h2>\n\t\tH\u00e4ufige Anwendungsf\u00e4lle\n\t<\/h2>\n\t<p>Umstellung von jahrzehntelangem analogem Film auf eine digitale, rechtegesch\u00fctzte Plattform<\/p>\n\t<p>Erleben Sie die nahtlose Wiedergabe von archivierten und Echtzeit-Medieninhalten<\/p>\n\t<p>Teilen Sie weltweit Ihre bew\u00e4hrten Praktiken, Sicherheits- und Strategiemedien<\/p>\n\t<p>Integration von \u00dcberwachungsvideosystemen mit Ausweissystemen, Feueralarmen und Glasfaserkabelerkennung<\/p>\n\n\t\tWir nutzen unser Wissen \u00fcber firmeneigene Schnittstellen und Anwendungen, um Ihren Vorstellungen gerecht zu werden.\n\t\n\t\t\t<img decoding=\"async\" src=\"https:\/\/oceaneering.com\/wp-content\/uploads\/2023\/11\/website-thumbnail-201992-scaled-1.jpeg\" title=\"website-thumbnail-201992-scaled\" alt=\"\" \/>\t\t\t\t\t\t\t\n\t\t\t\t\tVideo abspielen\n<h1>\n\t\tKontakt\n\t<\/h1>\n<h2>\n\t\tUnser Expertenteam ist bereit, Ihnen den Einstieg zu erleichtern.\n\t<\/h2>\n\t<p>Oceaneering bietet erstklassige Produkte und L\u00f6sungen, die sich durch unvergleichliche Qualit\u00e4t, Zuverl\u00e4ssigkeit und globalen Support auszeichnen. F\u00fcllen Sie das Anfrageformular aus, um noch heute ein Gespr\u00e4ch zu beginnen.<\/p>","protected":false},"excerpt":{"rendered":"<p>Discuss a Project Media and Integrity Management The Oceaneering Media Vault (OMV) enables you to upload and access data-rich files via a secure web connection regardless of location or internet speed. We specialize in delivering 4K streaming video from the most remote locations at some of the deepest depths in the world, so it is &#8230; <a title=\"Medien und Integrit\u00e4tsmanagement\" class=\"read-more\" href=\"https:\/\/www.oceaneering.com\/de\/data-management\/media-and-integrity-management\/\" aria-label=\"Mehr Informationen \u00fcber Medien- und Integrit\u00e4tsmanagement\">Weiterlesen ...<\/a><\/p>","protected":false},"author":13,"featured_media":0,"parent":2382,"menu_order":2,"comment_status":"closed","ping_status":"closed","template":"","meta":{"_acf_changed":false,"footnotes":"","_links_to":"","_links_to_target":""},"product_category":[],"search_tags":[],"class_list":["post-2211","page","type-page","status-publish"],"acf":[],"aioseo_notices":[],"_links":{"self":[{"href":"https:\/\/www.oceaneering.com\/de\/wp-json\/wp\/v2\/pages\/2211","targetHints":{"allow":["GET"]}}],"collection":[{"href":"https:\/\/www.oceaneering.com\/de\/wp-json\/wp\/v2\/pages"}],"about":[{"href":"https:\/\/www.oceaneering.com\/de\/wp-json\/wp\/v2\/types\/page"}],"author":[{"embeddable":true,"href":"https:\/\/www.oceaneering.com\/de\/wp-json\/wp\/v2\/users\/13"}],"replies":[{"embeddable":true,"href":"https:\/\/www.oceaneering.com\/de\/wp-json\/wp\/v2\/comments?post=2211"}],"version-history":[{"count":0,"href":"https:\/\/www.oceaneering.com\/de\/wp-json\/wp\/v2\/pages\/2211\/revisions"}],"up":[{"embeddable":true,"href":"https:\/\/www.oceaneering.com\/de\/wp-json\/wp\/v2\/pages\/2382"}],"wp:attachment":[{"href":"https:\/\/www.oceaneering.com\/de\/wp-json\/wp\/v2\/media?parent=2211"}],"wp:term":[{"taxonomy":"product_category","embeddable":true,"href":"https:\/\/www.oceaneering.com\/de\/wp-json\/wp\/v2\/product_category?post=2211"},{"taxonomy":"search_tags","embeddable":true,"href":"https:\/\/www.oceaneering.com\/de\/wp-json\/wp\/v2\/search_tags?post=2211"}],"curies":[{"name":"wp","href":"https:\/\/api.w.org\/{rel}","templated":true}]}}