{"id":2190,"date":"2023-10-12T19:52:08","date_gmt":"2023-10-12T23:52:08","guid":{"rendered":"https:\/\/oceaneering.com\/?page_id=2190"},"modified":"2024-12-10T10:01:11","modified_gmt":"2024-12-10T16:01:11","slug":"events","status":"publish","type":"page","link":"https:\/\/www.oceaneering.com\/de\/news-media\/events\/","title":{"rendered":"Fachmessen, Webinare und Events"},"content":{"rendered":"Oceaneering\n<h1>\n\t\tFachmessen und Webinare\n\t<\/h1>\n\t\t\t\t\t<a href=\"https:\/\/www.oceaneering.com\/de\/tradeshows\/promat-2025\/\"><img decoding=\"async\" src=\"https:\/\/www.oceaneering.com\/wp-content\/uploads\/2024\/11\/ProMAT-2025-Booth-promo.jpg\" alt=\"\"\/><\/a>\n\t\t\t\t\t\t\tMesse\t\t\t\t\t\t\n\t\t\t\t\t\t\t\t\t\t<h3><a href=\"https:\/\/www.oceaneering.com\/de\/tradeshows\/promat-2025\/\">ProMAT 2025<\/a><\/h3>\n\t\t\t\t\t\t\t\tMarch 17 &#8211; 20, 2025\t\t\t\t\t\t\t\n\t\t\t\t\t\t\t\t\t\t<hr \/>\n\t\t\t\t\t\t\t<p>Visit our booth S3879 at ProMat 2025 to see our autonomous mobile robots and speak with our experts how to elevate your operations. We will be showcasing the MaxMover counterbalance forklift and UniMover underride. <\/p>\n\t\t\t\t\t\t<a href=\"https:\/\/www.oceaneering.com\/de\/tradeshows\/promat-2025\/\">Mehr erfahren<\/a>\n\t\t\t\t\t<a href=\"https:\/\/www.oceaneering.com\/de\/tradeshows\/logimat-2025\/\"><img decoding=\"async\" src=\"https:\/\/www.oceaneering.com\/wp-content\/uploads\/2024\/01\/Logimat-event-page-image-1200x628-1.png\" alt=\"\"\/><\/a>\n\t\t\t\t\t\t\tMesse\t\t\t\t\t\t\n\t\t\t\t\t\t\t\t\t\t<h3><a href=\"https:\/\/www.oceaneering.com\/de\/tradeshows\/logimat-2025\/\">LogiMAT 2025<\/a><\/h3>\n\t\t\t\t\t\t\t\tMarch 11 &#8211; 13, 2025\t\t\t\t\t\t\t\n\t\t\t\t\t\t\t\t\t\t<hr \/>\n\t\t\t\t\t\t\t<p>Visit us at LogiMAT 2025, in Germany, Hall 8, booth 8B21, the international tradeshow for intralogistics. We will be showcasing our mobile robot MaxMover counterbalance forklift.<\/p>\n\t\t\t\t\t\t<a href=\"https:\/\/www.oceaneering.com\/de\/tradeshows\/logimat-2025\/\">Mehr erfahren<\/a>\n\t\t\t\t\t<a href=\"https:\/\/www.oceaneering.com\/de\/webinars\/accelerate-your-digital-transition-with-the-rotator-topside-chemical-throttle-valve\/\"><img decoding=\"async\" src=\"https:\/\/www.oceaneering.com\/wp-content\/uploads\/2023\/12\/T-CTV-thumb-1.jpg\" alt=\"\"\/><\/a>\n\t\t\t\t\t\t\tWebinar\t\t\t\t\t\t\n\t\t\t\t\t\t\t\t\t\t<h3><a href=\"https:\/\/www.oceaneering.com\/de\/webinars\/accelerate-your-digital-transition-with-the-rotator-topside-chemical-throttle-valve\/\">Beschleunigen Sie Ihren digitalen Wandel mit dem Rotator\u00ae Topside Chemical Throttle Valve<\/a><\/h3>\n\t\t\t\t\t\t\tOn-Demand\n\t\t\t\t\t\t\t\t\t\t<hr \/>\n\t\t\t\t\t\t\t<p>Das Oceaneering<sup>\u00ae<\/sup> Rotator<sup>\u00ae<\/sup> Das Topside Chemical Throttle Valve (T-CTV) ist ein vollautomatisches Chemikaliendosiersystem, das eine kontinuierliche und genaue Durchflussmessung mit einer automatischen Durchflussregelung in einem modularen, steckerfertigen System kombiniert.<\/p>\n\t\t\t\t\t\t<a href=\"https:\/\/www.oceaneering.com\/de\/webinars\/accelerate-your-digital-transition-with-the-rotator-topside-chemical-throttle-valve\/\">Mehr erfahren<\/a>\n\t\t\t\t\t<a href=\"https:\/\/www.oceaneering.com\/de\/webinars\/boost-efficiency-and-reliability-with-field-proven-subsea-connection-solutions\/\"><img decoding=\"async\" src=\"https:\/\/www.oceaneering.com\/wp-content\/uploads\/2023\/12\/170531_M5_Connector_V2-1.jpg\" alt=\"\"\/><\/a>\n\t\t\t\t\t\t\tWebinar\t\t\t\t\t\t\n\t\t\t\t\t\t\t\t\t\t<h3><a href=\"https:\/\/www.oceaneering.com\/de\/webinars\/boost-efficiency-and-reliability-with-field-proven-subsea-connection-solutions\/\">Steigern Sie die Effizienz und Zuverl\u00e4ssigkeit mit praxiserprobten Unterwasserverbindungsl\u00f6sungen<\/a><\/h3>\n\t\t\t\t\t\t\tOn-Demand\n\t\t\t\t\t\t\t\t\t\t<hr \/>\n\t\t\t\t\t\t\t<p>Das \u00e4u\u00dferst zuverl\u00e4ssige M5-Anschlusssystem von Oceaneering bietet eine einfach zu installierende L\u00f6sung, die die Einspeisung von Gas oder Chemikalien in die Unterwasserinfrastruktur erm\u00f6glicht und als Zugangspunkt f\u00fcr zuk\u00fcnftige Eingriffe w\u00e4hrend der Lebensdauer des Feldes dient.<\/p>\n\t\t\t\t\t\t<a href=\"https:\/\/www.oceaneering.com\/de\/webinars\/boost-efficiency-and-reliability-with-field-proven-subsea-connection-solutions\/\">Mehr erfahren<\/a>\n\t\t\t\t\t<a href=\"https:\/\/www.oceaneering.com\/de\/webinars\/creating-a-custom-solution-for-problematic-xmas-trees-and-manifolds\/\"><img decoding=\"async\" src=\"https:\/\/www.oceaneering.com\/wp-content\/uploads\/2023\/12\/xmastree-700x700-1.jpg\" alt=\"\"\/><\/a>\n\t\t\t\t\t\t\tWebinar\t\t\t\t\t\t\n\t\t\t\t\t\t\t\t\t\t<h3><a href=\"https:\/\/www.oceaneering.com\/de\/webinars\/creating-a-custom-solution-for-problematic-xmas-trees-and-manifolds\/\">Erstellen einer individuellen L\u00f6sung f\u00fcr problematische Weihnachtsb\u00e4ume und Verteiler<\/a><\/h3>\n\t\t\t\t\t\t\tOn-Demand\n\t\t\t\t\t\t\t\t\t\t<hr \/>\n\t\t\t\t\t\t\t<p>Als zuverl\u00e4ssiger Anbieter von Unterwasserdienstleistungen nimmt Oceaneering oft schwierige Unterwasserherausforderungen in Angriff, damit unsere Kunden schnell wieder in Betrieb gehen k\u00f6nnen. Unsere Gruppe Engineered Solutions arbeitet an der Entwicklung und Qualifizierung neuer, bestehender und kundenspezifischer Technologien.<\/p>\n\t\t\t\t\t\t<a href=\"https:\/\/www.oceaneering.com\/de\/webinars\/creating-a-custom-solution-for-problematic-xmas-trees-and-manifolds\/\">Mehr erfahren<\/a>\n\t\t\t\t\t<a href=\"https:\/\/www.oceaneering.com\/de\/webinars\/creating-bespoke-solutions-for-subsea-valve-repair\/\"><img decoding=\"async\" src=\"https:\/\/www.oceaneering.com\/wp-content\/uploads\/2023\/12\/Subsea-valve-repair.jpg\" alt=\"\"\/><\/a>\n\t\t\t\t\t\t\tWebinar\t\t\t\t\t\t\n\t\t\t\t\t\t\t\t\t\t<h3><a href=\"https:\/\/www.oceaneering.com\/de\/webinars\/creating-bespoke-solutions-for-subsea-valve-repair\/\">Ma\u00dfgeschneiderte L\u00f6sungen f\u00fcr die Reparatur von Unterwasserventilen<\/a><\/h3>\n\t\t\t\t\t\t\tOn-Demand\n\t\t\t\t\t\t\t\t\t\t<hr \/>\n\t\t\t\t\t\t\t<p>Komplexe Herausforderungen verlangen nach kreativen L\u00f6sungen. Ein Kunde wandte sich an Oceaneering, um defekte Ventile an einem Unterwasser-Sammelrohr zu reparieren. In diesem Webinar werden wir zeigen, wie Oceaneering global zusammengearbeitet hat, von der Konstruktion bis zum Betrieb, um eine<\/p>\n\t\t\t\t\t\t<a href=\"https:\/\/www.oceaneering.com\/de\/webinars\/creating-bespoke-solutions-for-subsea-valve-repair\/\">Mehr erfahren<\/a>\n\t\t\t\t\t<a href=\"https:\/\/www.oceaneering.com\/de\/webinars\/enabling-remote-surveys-through-secure-data-communications\/\"><img decoding=\"async\" src=\"https:\/\/www.oceaneering.com\/wp-content\/uploads\/2023\/12\/200624_Slide_02-600-700x700-1.jpg\" alt=\"\"\/><\/a>\n\t\t\t\t\t\t\tWebinar\t\t\t\t\t\t\n\t\t\t\t\t\t\t\t\t\t<h3><a href=\"https:\/\/www.oceaneering.com\/de\/webinars\/enabling-remote-surveys-through-secure-data-communications\/\">Erm\u00f6glichung von Fern\u00fcberwachungen durch sichere Datenkommunikation<\/a><\/h3>\n\t\t\t\t\t\t\tOn-Demand\n\t\t\t\t\t\t\t\t\t\t<hr \/>\n\t\t\t\t\t\t\t<p>Remote-Operationen sind die Zukunft der Offshore-Arbeit. Oceaneering bietet verschiedene L\u00f6sungen an, darunter Remote Operated Surveys und Integrated Rig Solutions, um die Sicherheit der Arbeiter zu erh\u00f6hen, die Logistik zu vereinfachen und den CO2-Fu\u00dfabdruck zu verringern. <\/p>\n\t\t\t\t\t\t<a href=\"https:\/\/www.oceaneering.com\/de\/webinars\/enabling-remote-surveys-through-secure-data-communications\/\">Mehr erfahren<\/a>\n\t\t\t\t\t<a href=\"https:\/\/www.oceaneering.com\/de\/webinars\/freedom-autonomous-robotics-software-platform\/\"><img decoding=\"async\" src=\"https:\/\/www.oceaneering.com\/wp-content\/uploads\/2023\/12\/220822_Freedom_featured-1-700x366-1.jpg\" alt=\"\"\/><\/a>\n\t\t\t\t\t\t\tWebinar\t\t\t\t\t\t\n\t\t\t\t\t\t\t\t\t\t<h3><a href=\"https:\/\/www.oceaneering.com\/de\/webinars\/freedom-autonomous-robotics-software-platform\/\">Freedom\u2122 Software-Plattform f\u00fcr autonome Robotik<\/a><\/h3>\n\t\t\t\t\t\t\tOn-Demand\n\t\t\t\t\t\t\t\t\t\t<hr \/>\n\t\t\t\t\t\t\t<p>Das autonome Freedom\u2122-Fahrzeug und seine Steuerungssoftware bieten vollst\u00e4ndige Autonomie sowie wartungsfreie, lang anhaltende Eins\u00e4tze. Wir er\u00f6rtern den Zeitplan f\u00fcr die Autonomie von Freedom sowie zuk\u00fcnftige Fahrzeugfunktionen.<\/p>\n\t\t\t\t\t\t<a href=\"https:\/\/www.oceaneering.com\/de\/webinars\/freedom-autonomous-robotics-software-platform\/\">Mehr erfahren<\/a>\n\t\t\t\t\t<a href=\"https:\/\/www.oceaneering.com\/de\/webinars\/freedom-autonomous-vehicle-development-overview\/\"><img decoding=\"async\" src=\"https:\/\/www.oceaneering.com\/wp-content\/uploads\/2023\/12\/220819_Freedom_page3_04_01-thumbnail-1-700x366-1.jpg\" alt=\"\"\/><\/a>\n\t\t\t\t\t\t\tWebinar\t\t\t\t\t\t\n\t\t\t\t\t\t\t\t\t\t<h3><a href=\"https:\/\/www.oceaneering.com\/de\/webinars\/freedom-autonomous-vehicle-development-overview\/\">Freedom\u2122 Autonomous Vehicle Entwicklung \u00dcberblick<\/a><\/h3>\n\t\t\t\t\t\t\tOn-Demand\n\t\t\t\t\t\t\t\t\t\t<hr \/>\n\t\t\t\t\t\t\t<p>Das autonome Freedom\u2122-Fahrzeug der n\u00e4chsten Generation bietet mehr Autonomie und Ausdauer bei der Durchf\u00fchrung g\u00e4ngiger ROV- und AUV-Aufgaben, einschlie\u00dflich Vermessungs-, Inspektions-, Ventil- und Drehmomentwerkzeugoperationen, Manipulatort\u00e4tigkeiten und Unterwasserarbeiten.<\/p>\n\t\t\t\t\t\t<a href=\"https:\/\/www.oceaneering.com\/de\/webinars\/freedom-autonomous-vehicle-development-overview\/\">Mehr erfahren<\/a>\n\t\t\t\t\t<a href=\"https:\/\/www.oceaneering.com\/de\/webinars\/autonomous-testing-and-qualification\/\"><img decoding=\"async\" src=\"https:\/\/www.oceaneering.com\/wp-content\/uploads\/2023\/12\/Tau-featured-1-700x366-1.jpg\" alt=\"\"\/><\/a>\n\t\t\t\t\t\t\tWebinar\t\t\t\t\t\t\n\t\t\t\t\t\t\t\t\t\t<h3><a href=\"https:\/\/www.oceaneering.com\/de\/webinars\/autonomous-testing-and-qualification\/\">Freedom\u2122 Autonomous Vehicle Testing und Qualifizierung<\/a><\/h3>\n\t\t\t\t\t\t\tOn-Demand\n\t\t\t\t\t\t\t\t\t\t<hr \/>\n\t\t\t\t\t\t\t<p>Sehen Sie sich eine Live-Demonstration des autonomen Freedom\u2122-Fahrzeugs an, das in unserem Living Lab in Tau, Norwegen, einen Taucheinsatz absolviert. Wenn Sie neugierig auf unsere Einrichtungen und unseren strengen Testplan sind, sollten Sie sich die Gelegenheit nicht entgehen lassen, unser Fre<\/p>\n\t\t\t\t\t\t<a href=\"https:\/\/www.oceaneering.com\/de\/webinars\/autonomous-testing-and-qualification\/\">Mehr erfahren<\/a>\n\t\t\t\t\t<a href=\"https:\/\/www.oceaneering.com\/de\/webinars\/generating-real-co2-savings-offshore-with-oceaneerings-liberty-e-rov\/\"><img decoding=\"async\" src=\"https:\/\/www.oceaneering.com\/wp-content\/uploads\/2023\/12\/19RW180-600_Liberty-600.jpg\" alt=\"\"\/><\/a>\n\t\t\t\t\t\t\tWebinar\t\t\t\t\t\t\n\t\t\t\t\t\t\t\t\t\t<h3><a href=\"https:\/\/www.oceaneering.com\/de\/webinars\/generating-real-co2-savings-offshore-with-oceaneerings-liberty-e-rov\/\">Echte CO2-Einsparungen vor der K\u00fcste mit dem Liberty\u2122 Resident System von Oceaneering<\/a><\/h3>\n\t\t\t\t\t\t\tOn-Demand\n\t\t\t\t\t\t\t\t\t\t<hr \/>\n\t\t\t\t\t\t\t<p>Oceaneering&#8217;s self-contained, battery-powered Liberty\u2122\ufe0f\ufe0f Resident System delivers CO<sub>2<\/sub> Emissionen gegen\u00fcber konventionellen ROVs einsparen. Erfahren Sie, wie das Liberty System und der Remote-Betrieb die Umweltbilanz Ihres Unternehmens verbessern k\u00f6nnen.<\/p>\n\t\t\t\t\t\t<a href=\"https:\/\/www.oceaneering.com\/de\/webinars\/generating-real-co2-savings-offshore-with-oceaneerings-liberty-e-rov\/\">Mehr erfahren<\/a>\n\t\t\t\t\t<a href=\"https:\/\/www.oceaneering.com\/de\/webinars\/liberty-e-rov-resident-subsea-vehicle\/\"><img decoding=\"async\" src=\"https:\/\/www.oceaneering.com\/wp-content\/uploads\/2023\/12\/Liberty-EROV-Featured.jpg\" alt=\"\"\/><\/a>\n\t\t\t\t\t\t\tWebinar\t\t\t\t\t\t\n\t\t\t\t\t\t\t\t\t\t<h3><a href=\"https:\/\/www.oceaneering.com\/de\/webinars\/liberty-e-rov-resident-subsea-vehicle\/\">Liberty\u2122 E-ROV - Residentes Unterwasserfahrzeug<\/a><\/h3>\n\t\t\t\t\t\t\tOn-Demand\n\t\t\t\t\t\t\t\t\t\t<hr \/>\n\t\t\t\t\t\t\t<p>Das station\u00e4re Fahrzeug Liberty\u2122 E-ROV hat seit seiner Markteinf\u00fchrung mehrere Meilensteine erreicht. Erfahren Sie mehr \u00fcber die technologischen Fortschritte von Liberty und die Zukunft der station\u00e4ren Unterwasserfahrzeuge. <\/p>\n\t\t\t\t\t\t<a href=\"https:\/\/www.oceaneering.com\/de\/webinars\/liberty-e-rov-resident-subsea-vehicle\/\">Mehr erfahren<\/a>\n\t\t\t\t\t<a href=\"https:\/\/www.oceaneering.com\/de\/webinars\/making-subsea-factories-a-reality-with-subsea-pumping-technology-spt\/\"><img decoding=\"async\" src=\"https:\/\/www.oceaneering.com\/wp-content\/uploads\/2023\/12\/19RW197-800-700x700-1.jpg\" alt=\"\"\/><\/a>\n\t\t\t\t\t\t\tWebinar\t\t\t\t\t\t\n\t\t\t\t\t\t\t\t\t\t<h3><a href=\"https:\/\/www.oceaneering.com\/de\/webinars\/making-subsea-factories-a-reality-with-subsea-pumping-technology-spt\/\">Unterwasserfabriken mit der Unterwasserpumpentechnologie (SPT) verwirklichen<\/a><\/h3>\n\t\t\t\t\t\t\tOn-Demand\n\t\t\t\t\t\t\t\t\t\t<hr \/>\n\t\t\t\t\t\t\t<p>Das Subsea Pumping Technology (SPT) System von Oceaneering erleichtert die Elektrifizierung von Feldentwicklungen und tr\u00e4gt dazu bei, die Gesamtbetriebskosten zu senken oder zu eliminieren. Sehen Sie sich unser Webinar an, um zu erfahren, wie SPT dazu beitragen kann, den Platzbedarf auf der Oberseite zu reduzieren und o<\/p>\n\t\t\t\t\t\t<a href=\"https:\/\/www.oceaneering.com\/de\/webinars\/making-subsea-factories-a-reality-with-subsea-pumping-technology-spt\/\">Mehr erfahren<\/a>\n\t\t\t\t\t<a href=\"https:\/\/www.oceaneering.com\/de\/webinars\/mitigate-wellhead-fatigue-and-reduce-hse-risks-with-wellhead-load-relief-wlr-solution\/\"><img decoding=\"async\" src=\"https:\/\/www.oceaneering.com\/wp-content\/uploads\/2023\/12\/2020-09-25-700x700-1.jpg\" alt=\"\"\/><\/a>\n\t\t\t\t\t\t\tWebinar\t\t\t\t\t\t\n\t\t\t\t\t\t\t\t\t\t<h3><a href=\"https:\/\/www.oceaneering.com\/de\/webinars\/mitigate-wellhead-fatigue-and-reduce-hse-risks-with-wellhead-load-relief-wlr-solution\/\">Minderung der Erm\u00fcdung von Bohrlochk\u00f6pfen und Verringerung der HSE-Risiken mit der WLR-L\u00f6sung (Wellhead Load Relief)<\/a><\/h3>\n\t\t\t\t\t\t\tOn-Demand\n\t\t\t\t\t\t\t\t\t\t<hr \/>\n\t\t\t\t\t\t\t<p>Das WLR-System (Wellhead Load Relief) von Oceaneering ist ein kompaktes, leistungsf\u00e4higes BOP-Tethering-System, das sich f\u00fcr Schablonen und Verankerungen auf dem Meeresboden eignet. Dieses System verringert die Erm\u00fcdung des Bohrlochkopfes, reduziert die Decksspannung, erh\u00f6ht die Effizienz und senkt die Kosten.<\/p>\n\t\t\t\t\t\t<a href=\"https:\/\/www.oceaneering.com\/de\/webinars\/mitigate-wellhead-fatigue-and-reduce-hse-risks-with-wellhead-load-relief-wlr-solution\/\">Mehr erfahren<\/a>\n\t\t\t\t\t<a href=\"https:\/\/www.oceaneering.com\/de\/webinars\/real-time-decision-making-streaming-video-to-remote-piloting\/\"><img decoding=\"async\" src=\"https:\/\/www.oceaneering.com\/wp-content\/uploads\/2023\/12\/OROC-Featured.jpg\" alt=\"\"\/><\/a>\n\t\t\t\t\t\t\tWebinar\t\t\t\t\t\t\n\t\t\t\t\t\t\t\t\t\t<h3><a href=\"https:\/\/www.oceaneering.com\/de\/webinars\/real-time-decision-making-streaming-video-to-remote-piloting\/\">Entscheidungsfindung in Echtzeit - Videostreaming f\u00fcr die Fernlenkung<\/a><\/h3>\n\t\t\t\t\t\t\tOn-Demand\n\t\t\t\t\t\t\t\t\t\t<hr \/>\n\t\t\t\t\t\t\t<p>\u00dcberdenken Sie die Art und Weise, wie Sie Operationen abwickeln, indem Sie eine Onshore-Betriebsbasis nutzen, um die Logistik zu vereinfachen, den CO2-Aussto\u00df zu verringern und das Risiko f\u00fcr die Mitarbeiter zu reduzieren.<\/p>\n\t\t\t\t\t\t<a href=\"https:\/\/www.oceaneering.com\/de\/webinars\/real-time-decision-making-streaming-video-to-remote-piloting\/\">Mehr erfahren<\/a>","protected":false},"excerpt":{"rendered":"<p>Oceaneering Trade Shows and Webinars Trade Show ProMAT 2025 March 17 &#8211; 20, 2025 Visit our booth S3879 at ProMat 2025 to see our autonomous mobile robots and speak with our experts how to elevate your operations. We will be showcasing the MaxMover counterbalance forklift and UniMover underride. Learn More Trade Show LogiMAT 2025 March &#8230; <a title=\"Fachmessen, Webinare und Events\" class=\"read-more\" href=\"https:\/\/www.oceaneering.com\/de\/news-media\/events\/\" aria-label=\"Mehr Informationen \u00fcber Messen, Webinare und Veranstaltungen\">Weiterlesen ...<\/a><\/p>","protected":false},"author":7,"featured_media":0,"parent":1978,"menu_order":0,"comment_status":"closed","ping_status":"closed","template":"","meta":{"_acf_changed":false,"footnotes":"","_links_to":"","_links_to_target":""},"product_category":[],"search_tags":[1819,1813,1817,1818],"class_list":["post-2190","page","type-page","status-publish","search_tags-events","search_tags-news-and-media","search_tags-trade-shows","search_tags-webinars"],"acf":[],"aioseo_notices":[],"_links":{"self":[{"href":"https:\/\/www.oceaneering.com\/de\/wp-json\/wp\/v2\/pages\/2190","targetHints":{"allow":["GET"]}}],"collection":[{"href":"https:\/\/www.oceaneering.com\/de\/wp-json\/wp\/v2\/pages"}],"about":[{"href":"https:\/\/www.oceaneering.com\/de\/wp-json\/wp\/v2\/types\/page"}],"author":[{"embeddable":true,"href":"https:\/\/www.oceaneering.com\/de\/wp-json\/wp\/v2\/users\/7"}],"replies":[{"embeddable":true,"href":"https:\/\/www.oceaneering.com\/de\/wp-json\/wp\/v2\/comments?post=2190"}],"version-history":[{"count":0,"href":"https:\/\/www.oceaneering.com\/de\/wp-json\/wp\/v2\/pages\/2190\/revisions"}],"up":[{"embeddable":true,"href":"https:\/\/www.oceaneering.com\/de\/wp-json\/wp\/v2\/pages\/1978"}],"wp:attachment":[{"href":"https:\/\/www.oceaneering.com\/de\/wp-json\/wp\/v2\/media?parent=2190"}],"wp:term":[{"taxonomy":"product_category","embeddable":true,"href":"https:\/\/www.oceaneering.com\/de\/wp-json\/wp\/v2\/product_category?post=2190"},{"taxonomy":"search_tags","embeddable":true,"href":"https:\/\/www.oceaneering.com\/de\/wp-json\/wp\/v2\/search_tags?post=2190"}],"curies":[{"name":"wp","href":"https:\/\/api.w.org\/{rel}","templated":true}]}}