{"id":2143,"date":"2023-10-12T15:13:26","date_gmt":"2023-10-12T19:13:26","guid":{"rendered":"https:\/\/oceaneering.com\/?page_id=2143"},"modified":"2025-10-06T04:42:44","modified_gmt":"2025-10-06T09:42:44","slug":"autonomous-transit-systems","status":"publish","type":"page","link":"https:\/\/www.oceaneering.com\/de\/autonomous-transit-systems\/","title":{"rendered":"Autonome Transit-Systeme"},"content":{"rendered":"<h1>\n\t\tAutonome Transit-Systeme\n\t<\/h1>\n\t<p>Eine Revolution in der Technologie des Gruppentransits.<\/p>\n\n\t\tOceaneering stellt selbstgesteuerte, fahrerlose Transitfahrzeuge zur Verf\u00fcgung, die jeweils bis zu 22 Fahrg\u00e4ste auf einem eigenen Fahrweg bef\u00f6rdern k\u00f6nnen. Durch die Verwendung vorprogrammierter Routen ist unser System in der Lage, mehrere Ausgangspunkte mit mehreren Zielorten zu verbinden und so ein H\u00f6chstma\u00df an Flexibilit\u00e4t im Service zu bieten. Jedes Fahrzeug der Flotte wird von einem \u00fcbergeordneten \u00dcberwachungssystem gesteuert, ist vollst\u00e4ndig in die Umgebung integriert und unterliegt der st\u00e4ndigen Kontrolle durch den Betrieb.\n\t\n<h2>\n\t\tWichtige Unterscheidungsmerkmale\n\t<\/h2>\n\t\t\t<h3>Automatisierung<\/h3>\t\t\t\n\t\t\t\t<p>100% Automatisches Laden bei Gelegenheit - erm\u00f6glicht einen freih\u00e4ndigen Betrieb rund um die Uhr.<\/p>\n\t\t\t<h3>Hohe Kapazit\u00e4t und Geschwindigkeit<\/h3>\t\t\t\n\t\t\t\t<p>Mit einer Kapazit\u00e4t von bis zu 22 Fahrg\u00e4sten und einer Geschwindigkeit von bis zu 25 km\/h ist dies der schnellste Shuttle mit der h\u00f6chsten Kapazit\u00e4t auf dem Markt.<\/p>\n\t\t\t<h3>Sicherheit und Effizienz<\/h3>\t\t\t\n\t\t\t\t<p>Sicheres und effizientes Verkehrsmanagement - integriertes TOMS-\u00dcberwachungssystem.<\/p>\n\t\t\t<h3>Stauraum und Komfort an Bord<\/h3>\t\t\t\n\t\t\t\t<p>Viel Stauraum an Bord und HVAC - der ger\u00e4umigste und komfortabelste Innenraum auf dem Markt.<\/p>\n\t\t\t<h3>Bew\u00e4hrtes Design<\/h3>\t\t\t\n\t\t\t\t<p>Mehr als 20 Jahre und Millionen von Kilometern an bew\u00e4hrter L4-Erfahrung.<\/p>\n\t\t\t<a href=\"https:\/\/oceaneering.canto.com\/download\/document\/7b8iop04up0e97ssjmm37o273h\/original.pdf\" target=\"_blank\" rel=\"noopener\">\n\t\t\t\t\t\t\tAutonome Transit-Systeme\n\t\t\t\t\t<\/a>\n\t\t\t\t<img decoding=\"async\" src=\"https:\/\/oceaneering.com\/wp-content\/uploads\/2023\/11\/Oceaneering-Revo-1.png\" alt=\"Oceaneering-Revo-1\" itemprop=\"image\" title=\"Oceaneering-Revo-1\" onerror=\"this.style.display='none'\"  \/>\n<h2>\n\t\tDas batteriebetriebene autonome Verkehrssystem basiert auf der fahrerlosen Technologie der fahrerlosen Transportsysteme (AGV)\n\t<\/h2>\n\t<p>Das System ist ein sicheres, flexibles, kosteng\u00fcnstiges, komfortables und umweltfreundliches Transportmittel, das rund um die Uhr und bei praktisch allen Wetterbedingungen eingesetzt werden kann - und das emissionsfrei. Der Innenraum ist klimatisiert und bietet den Fahrg\u00e4sten auch bei extremen Umgebungsbedingungen ein angenehmes Umfeld. Routen und Ziele k\u00f6nnen vorprogrammiert oder vom Fahrgast selbst gew\u00e4hlt werden.<\/p>\n\t\t\t<img decoding=\"async\" src=\"https:\/\/oceaneering.com\/wp-content\/uploads\/2023\/11\/e51985701d414affa89cb502af0961b3800-2.jpeg\" title=\"e51985701d414affa89cb502af0961b3800-2\" alt=\"\" \/>\t\t\t\t\t\t\t\n\t\t\t\t\tVideo abspielen\n<h1>\n\t\tKontakt\n\t<\/h1>\n<h2>\n\t\tUnser Expertenteam ist bereit, Ihnen den Einstieg zu erleichtern.\n\t<\/h2>\n\t<p>Oceaneering bietet erstklassige Produkte und L\u00f6sungen, die sich durch unvergleichliche Qualit\u00e4t, Zuverl\u00e4ssigkeit und globalen Support auszeichnen. F\u00fcllen Sie das Anfrageformular aus, um noch heute ein Gespr\u00e4ch zu beginnen.<\/p>","protected":false},"excerpt":{"rendered":"<p>Autonomous Transit Systems A revolution in group transit technology. Oceaneering provides self-guided, driverless transit vehicles, each capable of transporting up to 22 passengers, on a dedicated right-of-way. By using pre-programmed routes, our system is able to connect multiple origins with multiple destinations, providing maximum flexibility in service. Governed by a master supervisory system, each vehicle &#8230; <a title=\"Autonome Transit-Systeme\" class=\"read-more\" href=\"https:\/\/www.oceaneering.com\/de\/autonomous-transit-systems\/\" aria-label=\"Mehr Informationen \u00fcber Autonomous Transit Systems\">Weiterlesen ...<\/a><\/p>","protected":false},"author":13,"featured_media":0,"parent":0,"menu_order":2,"comment_status":"closed","ping_status":"closed","template":"","meta":{"_acf_changed":false,"footnotes":"","_links_to":"","_links_to_target":""},"product_category":[2141,1237],"search_tags":[1238,1239],"class_list":["post-2143","page","type-page","status-publish","product_category-manufactured-products","product_category-mobile-robotics","search_tags-agv","search_tags-group-transportation"],"acf":[],"aioseo_notices":[],"_links":{"self":[{"href":"https:\/\/www.oceaneering.com\/de\/wp-json\/wp\/v2\/pages\/2143","targetHints":{"allow":["GET"]}}],"collection":[{"href":"https:\/\/www.oceaneering.com\/de\/wp-json\/wp\/v2\/pages"}],"about":[{"href":"https:\/\/www.oceaneering.com\/de\/wp-json\/wp\/v2\/types\/page"}],"author":[{"embeddable":true,"href":"https:\/\/www.oceaneering.com\/de\/wp-json\/wp\/v2\/users\/13"}],"replies":[{"embeddable":true,"href":"https:\/\/www.oceaneering.com\/de\/wp-json\/wp\/v2\/comments?post=2143"}],"version-history":[{"count":1,"href":"https:\/\/www.oceaneering.com\/de\/wp-json\/wp\/v2\/pages\/2143\/revisions"}],"predecessor-version":[{"id":78925,"href":"https:\/\/www.oceaneering.com\/de\/wp-json\/wp\/v2\/pages\/2143\/revisions\/78925"}],"wp:attachment":[{"href":"https:\/\/www.oceaneering.com\/de\/wp-json\/wp\/v2\/media?parent=2143"}],"wp:term":[{"taxonomy":"product_category","embeddable":true,"href":"https:\/\/www.oceaneering.com\/de\/wp-json\/wp\/v2\/product_category?post=2143"},{"taxonomy":"search_tags","embeddable":true,"href":"https:\/\/www.oceaneering.com\/de\/wp-json\/wp\/v2\/search_tags?post=2143"}],"curies":[{"name":"wp","href":"https:\/\/api.w.org\/{rel}","templated":true}]}}