{"id":1953,"date":"2023-10-10T21:38:40","date_gmt":"2023-10-11T01:38:40","guid":{"rendered":"https:\/\/oceaneering.com\/?page_id=1953"},"modified":"2026-04-10T09:22:16","modified_gmt":"2026-04-10T14:22:16","slug":"unimover-o-600","status":"publish","type":"page","link":"https:\/\/www.oceaneering.com\/de\/oceaneering-mobile-robotics-omr\/unimover-o-600\/","title":{"rendered":"Unterfahrbar: UniMover\u2122 O 600"},"content":{"rendered":"<a href=\"https:\/\/www.oceaneering.com\/de\/oceaneering-mobile-robotics-omr\/#contact\" target=\"_self\">\n\t\t\t\t\t\t\tEin Projekt besprechen\n\t\t\t\t\t<\/a>\n\t\tUnterfahr Roboter\n<h1>\n\t\tUniMover\u2122 O 600\n\t<\/h1>\n\t<p>Der UniMover\u2122 O 600 wurde f\u00fcr den Einsatz auf engstem Raum entwickelt und erf\u00fcllt die Anforderungen f\u00fcr den Transport von Transportwagen und Unterfahrgestellen in allen Branchen.<\/p>\n\t\t\t\t<img loading=\"lazy\" decoding=\"async\" src=\"https:\/\/www.oceaneering.com\/wp-content\/uploads\/2023\/10\/UniMover-O-600-220317_Unimover_apollo_03-1.png\" alt=\"UniMover Underride Robot\" itemprop=\"image\" height=\"1080\" width=\"1920\" title=\"UniMoverTM O 600 Unterfahrschutz\" onerror=\"this.style.display='none'\"  \/>\n<h3>\n\t\tUniMover\u2122 O 600\n\t<\/h3>\n\t<p>Der UniMover\u2122 O 600 ist ein Mitglied der Familie der mobilen Unterfahrroboter von Oceaneering. Der UniMover\u2122 O 600 wurde f\u00fcr Anwendungen in der Leichtindustrie und im Gesundheitswesen entwickelt, wo der Platz extrem begrenzt ist, und bietet die beste Man\u00f6vrierf\u00e4higkeit seiner Klasse. Sein umlaufendes Edelstahldeck ist leicht zu desinfizieren - es gibt keine Spalten, in die Schmutz eindringen k\u00f6nnte. Wie alle unsere mobilen Roboter kann auch der UniMover\u2122 O 600 in gemischten Flotten betrieben werden.<\/p>\n<h5>\n\t\tGeeignet f\u00fcr den Transport von Transportwagen und Unterfahrgestellen:\n\t<\/h5>\n\t<ul>\n\t\t\t\t\t<li>\n\t\t\t\tTechnische Teile\n\t\t\t<\/li>\n\t\t\t\t\t<li>\n\t\t\t\tLebensmittel\n\t\t\t<\/li>\n\t\t\t\t\t<li>\n\t\t\t\tW\u00e4scherei\n\t\t\t<\/li>\n\t\t\t\t\t<li>\n\t\t\t\tMedizinische Ausr\u00fcstung\n\t\t\t<\/li>\n\t\t\t\t\t<li>\n\t\t\t\tVerpackung\n\t\t\t<\/li>\n\t\t\t\t\t<li>\n\t\t\t\tPharmazeutika\n\t\t\t<\/li>\n\t\t\t<\/ul>\n<h5>\n\t\tBrosch\u00fcren\n\t<\/h5>\n\t\t\t<a href=\"https:\/\/oceaneering.canto.com\/download\/document\/bfokbsjp3t17912uf5j97cm45s\/original.pdf\" target=\"_blank\" rel=\"noopener\">\n\t\t\t\t\t\t\tUniMover\u2122 O 600 Brief | Englisch\n\t\t\t<\/a>\n\t\t\t<a href=\"https:\/\/oceaneering.canto.com\/download\/document\/d47458lumh06r151je7ga9h41c\/original.pdf\" target=\"_blank\" rel=\"noopener\">\n\t\t\t\t\t\t\tUniMover\u2122 O 600 | Englisch A4\n\t\t\t<\/a>\n\t\t\t\t<img decoding=\"async\" src=\"https:\/\/oceaneering.com\/wp-content\/uploads\/2023\/10\/AGV-Vehicle-Features-Icons_Set-01_Drive-small.png\" alt=\"AGV-Vehicle-Features-Icons_Set-01_Drive-small\" itemprop=\"image\" title=\"FTS-Fahrzeug-Merkmale-Symbole_Set-01_Fahren-klein\" onerror=\"this.style.display='none'\"  \/>\n<h3>\n\t\tAntrieb\n\t<\/h3>\n\t<p>Omnidirektional<\/p>\n\t\t\t\t<img decoding=\"async\" src=\"https:\/\/oceaneering.com\/wp-content\/uploads\/2023\/10\/AGV-Vehicle-Features-Icons_Set-01_Drive-speed-small.png\" alt=\"AGV-Vehicle-Features-Icons_Set-01_Drive-speed-small\" itemprop=\"image\" title=\"FTS-Fahrzeug-Merkmale-Symbole_Set-01_Fahrgeschwindigkeit-klein\" onerror=\"this.style.display='none'\"  \/>\n<h3>\n\t\tFahrgeschwindigkeit\n\t<\/h3>\n\t<p>Bis zu 5,9 ft\/s | 1,8 m\/s<\/p>\n\t\t\t\t<img decoding=\"async\" src=\"https:\/\/oceaneering.com\/wp-content\/uploads\/2023\/10\/AGV-Vehicle-Features-Icons_Set-01_Navigation-small.png\" alt=\"AGV-Vehicle-Features-Icons_Set-01_Navigation-small\" itemprop=\"image\" title=\"FTS-Fahrzeug-Merkmale-Symbole_Set-01_Navigation-klein\" onerror=\"this.style.display='none'\"  \/>\n<h3>\n\t\tNavigation\n\t<\/h3>\n\t<p>Nat\u00fcrliche Umgebung, infrastrukturfrei<\/p>\n\t\t\t\t<img decoding=\"async\" src=\"https:\/\/oceaneering.com\/wp-content\/uploads\/2023\/10\/AGV-Vehicle-Features-Icons_Set-01_Handling-height-small.png\" alt=\"AGV-Vehicle-Features-Icons_Set-01_Handling-height-small\" itemprop=\"image\" title=\"FTS-Fahrzeug-Merkmale-Symbole_Set-01_Handling-H\u00f6he-klein\" onerror=\"this.style.display='none'\"  \/>\n<h3>\n\t\tH\u00f6he der Handhabung\n\t<\/h3>\n\t<p>Hubplattform 335 \u2013 410 mm\n16,1 Zoll \/ 410 mm<\/p>\n\t\t\t\t<img decoding=\"async\" src=\"https:\/\/oceaneering.com\/wp-content\/uploads\/2023\/10\/AGV-Vehicle-Features-Icons_Set-01_Max-payload-small.png\" alt=\"AGV-Vehicle-Features-Icons_Set-01_Max-payload-small\" itemprop=\"image\" title=\"FTS-Fahrzeug-Merkmale-Symbole_Set-01_Max-Payload-klein\" onerror=\"this.style.display='none'\"  \/>\n<h3>\n\t\tMaximale Nutzlast\n\t<\/h3>\n\t<p>1.322 lb \/ 600 kg<\/p>\n\t\t\t\t\t\t\t<a href=\"https:\/\/www.oceaneering.com\/wp-content\/uploads\/2023\/10\/UniMover-O-600-220317_Unimover_apollo_03-1.png\" data-fancybox=\"photo-carousel-\">\n\t\t\t\t\t\t\t\t\t\t\t\t\t\t\t\t\t<img decoding=\"async\" src=\"https:\/\/www.oceaneering.com\/wp-content\/uploads\/2023\/10\/UniMover-O-600-220317_Unimover_apollo_03-1.png\" alt=\"\"\/>\n\t\t\t\t\t\t\t\t\t\t\t\t\t\t\t<\/a>\n\t\t\t\t\t\t\t<a href=\"https:\/\/oceaneering.com\/wp-content\/uploads\/2023\/10\/UniMover-O-600-220317_Unimover_apollo_02-1.png\" data-fancybox=\"photo-carousel-\">\n\t\t\t\t\t\t\t\t\t\t\t\t\t\t\t\t\t<img decoding=\"async\" src=\"https:\/\/oceaneering.com\/wp-content\/uploads\/2023\/10\/UniMover-O-600-220317_Unimover_apollo_02-1.png\" alt=\"\"\/>\n\t\t\t\t\t\t\t\t\t\t\t\t\t\t\t<\/a>\n\t\t\t\t\t\t\t<a href=\"https:\/\/oceaneering.com\/wp-content\/uploads\/2023\/10\/UniMover-O-600-220317_Unimover_apollo_01-1.png\" data-fancybox=\"photo-carousel-\">\n\t\t\t\t\t\t\t\t\t\t\t\t\t\t\t\t\t<img decoding=\"async\" src=\"https:\/\/oceaneering.com\/wp-content\/uploads\/2023\/10\/UniMover-O-600-220317_Unimover_apollo_01-1.png\" alt=\"\"\/>\n\t\t\t\t\t\t\t\t\t\t\t\t\t\t\t<\/a>\n\t\t\t<button>\n\t\t\t\tVorherige\n\t\t\t<\/button>\n\t\t\t<button>\n\t\t\t\tWeiter\n\t\t\t<\/button>\n<h2>\n\t\tUnimover\u2122 O 600 Unterfahr Roboter\n\t<\/h2>\n\t\t\t<img decoding=\"async\" src=\"https:\/\/www.oceaneering.com\/wp-content\/uploads\/2023\/10\/Unmover-thumbnail-1.jpg\" title=\"Entferner-Daumennagel-1\" alt=\"UniMover video thumbnail\" \/>\t\t\t\t\t\t\t\n\t\t\t\t\tVideo abspielen\n\t\tKontakt\n<h3>\n\t\tKontaktaufnahme mit unseren Experten \n\t<\/h3>\n\t<p>Haben Sie eine Frage oder ben\u00f6tigen Sie weitere Informationen zu unseren mobilen Robotern? Bitte geben Sie Ihre Kontaktdaten an und beschreiben Sie Ihre Anfrage. Wir werden uns dann so schnell wie m\u00f6glich bei Ihnen melden. Vielen Dank!<\/p>","protected":false},"excerpt":{"rendered":"<p>Diskutieren Sie \u00fcber ein Projekt Unterfahrbarer UniMover\u2122 O 600 Der UniMover\u2122 O 600 wurde f\u00fcr den Einsatz bei begrenztem Platzangebot entwickelt und erf\u00fcllt die Anforderungen f\u00fcr den Transport von Sch\u00fcttgut in verschiedenen Branchen. UniMover\u2122 O 600 Der UniMover\u2122 O 600 ist ein Mitglied der Familie der mobilen Unterfahrroboter von Oceaneering. Der UniMover\u2122 O 600 wurde f\u00fcr Anwendungen in der Leichtindustrie und im Gesundheitswesen entwickelt, wo der ... <a title=\"Unterfahrbar: UniMover\u2122 O 600\" class=\"read-more\" href=\"https:\/\/www.oceaneering.com\/de\/oceaneering-mobile-robotics-omr\/unimover-o-600\/\" aria-label=\"Mehr Informationen \u00fcber Underride: UniMover\u2122 O 600\">Weiterlesen ...<\/a><\/p>","protected":false},"author":19,"featured_media":0,"parent":1718,"menu_order":2,"comment_status":"closed","ping_status":"closed","template":"","meta":{"_acf_changed":false,"footnotes":"","_links_to":"","_links_to_target":""},"product_category":[1237],"search_tags":[1138,1725],"class_list":["post-1953","page","type-page","status-publish","product_category-mobile-robotics","search_tags-mobile-robotics","search_tags-underrides"],"acf":[],"aioseo_notices":[],"_links":{"self":[{"href":"https:\/\/www.oceaneering.com\/de\/wp-json\/wp\/v2\/pages\/1953","targetHints":{"allow":["GET"]}}],"collection":[{"href":"https:\/\/www.oceaneering.com\/de\/wp-json\/wp\/v2\/pages"}],"about":[{"href":"https:\/\/www.oceaneering.com\/de\/wp-json\/wp\/v2\/types\/page"}],"author":[{"embeddable":true,"href":"https:\/\/www.oceaneering.com\/de\/wp-json\/wp\/v2\/users\/19"}],"replies":[{"embeddable":true,"href":"https:\/\/www.oceaneering.com\/de\/wp-json\/wp\/v2\/comments?post=1953"}],"version-history":[{"count":3,"href":"https:\/\/www.oceaneering.com\/de\/wp-json\/wp\/v2\/pages\/1953\/revisions"}],"predecessor-version":[{"id":82031,"href":"https:\/\/www.oceaneering.com\/de\/wp-json\/wp\/v2\/pages\/1953\/revisions\/82031"}],"up":[{"embeddable":true,"href":"https:\/\/www.oceaneering.com\/de\/wp-json\/wp\/v2\/pages\/1718"}],"wp:attachment":[{"href":"https:\/\/www.oceaneering.com\/de\/wp-json\/wp\/v2\/media?parent=1953"}],"wp:term":[{"taxonomy":"product_category","embeddable":true,"href":"https:\/\/www.oceaneering.com\/de\/wp-json\/wp\/v2\/product_category?post=1953"},{"taxonomy":"search_tags","embeddable":true,"href":"https:\/\/www.oceaneering.com\/de\/wp-json\/wp\/v2\/search_tags?post=1953"}],"curies":[{"name":"wp","href":"https:\/\/api.w.org\/{rel}","templated":true}]}}