{"id":1824,"date":"2023-10-04T17:14:20","date_gmt":"2023-10-04T21:14:20","guid":{"rendered":"https:\/\/oceaneering.com\/?page_id=1824"},"modified":"2025-11-18T04:04:27","modified_gmt":"2025-11-18T10:04:27","slug":"compactmover-1200-forklift","status":"publish","type":"page","link":"https:\/\/www.oceaneering.com\/de\/oceaneering-mobile-robotics-omr\/compactmover-1200-forklift\/","title":{"rendered":"CompactMover\u2122 1200 Gabelstapler"},"content":{"rendered":"<a href=\"https:\/\/www.oceaneering.com\/de\/oceaneering-mobile-robotics-omr\/#contact\" target=\"_self\">\n\t\t\t\t\t\t\tEin Projekt besprechen\n\t\t\t\t\t<\/a>\n\t\tRadarmstapler\n<h1>\n\t\tCompactMover\u2122 FOL U 1200\n\t<\/h1>\n\t<p>Der leistungsstarke CompactMover\u2122 FOL U 1200 verf\u00fcgt \u00fcber fortschrittliche Sicherheitsfunktionen, die eine ordnungsgem\u00e4\u00dfe Handhabung unterschiedlicher Lastarten gew\u00e4hrleisten.<\/p>\n\t\t\t\t<img loading=\"lazy\" decoding=\"async\" src=\"https:\/\/www.oceaneering.com\/wp-content\/uploads\/2024\/03\/CompactMover-FOL-U-1200-m.png\" alt=\"CompactMover\u2122 FOL U 1200\" itemprop=\"image\" height=\"888\" width=\"888\" title=\"CompactMover-FOL-U-1200-m\" onerror=\"this.style.display='none'\"  \/>\n<h3>\n\t\tCompactMover\u2122 FOL U 1200\n\t<\/h3>\n\t<p>Der CompactMover\u2122 FOL U 1200 ist ein Mitglied der Familie der mobilen Gabelstaplerroboter von Oceaneering. Er wurde entwickelt, um herk\u00f6mmliche elektrische Palettenstapler zu ersetzen, und bietet eine vollelektrische L\u00f6sung ohne Hydraulik f\u00fcr eine einfachere Wartung. Mit St\u00fctzbeinen unter den Gabeln bietet er ein ausgekl\u00fcgeltes Sicherheitssystem, das ein Umkippen des Roboters, versehentliches Schieben und Mitschleppen von Lasten verhindert. Au\u00dferdem verf\u00fcgt er \u00fcber eine automatische Palettenverfolgung, um verrutschte Lasten zu finden und auszurichten. Wie alle unsere mobilen Roboter kann auch der CompactMover\u2122 FOL U 1200 in gemischten Flotten eingesetzt werden.<\/p>\n<h5>\n\t\tGeeignet f\u00fcr eine Vielzahl von Lastarten:\n\t<\/h5>\n\t<ul>\n\t\t\t\t\t<li>\n\t\t\t\tEuropaletten\n\t\t\t<\/li>\n\t\t\t\t\t<li>\n\t\t\t\tGestelle\n\t\t\t<\/li>\n\t\t\t\t\t<li>\n\t\t\t\tTransportwagen\n\t\t\t<\/li>\n\t\t\t\t\t<li>\n\t\t\t\tBoxen\n\t\t\t<\/li>\n\t\t\t<\/ul>\n<h5>\n\t\tBrosch\u00fcren\n\t<\/h5>\n\t\t\t<a href=\"https:\/\/oceaneering.canto.com\/download\/document\/2gouvs8ggd06f4idgjhr66es22\/original.pdf\" target=\"_blank\" rel=\"noopener\">\n\t\t\t\t\t\t\tCompactMover\u2122 FOL U 1200 Brief | Englisch\n\t\t\t<\/a>\n\t\t\t<a href=\"https:\/\/oceaneering.canto.com\/download\/document\/pggd10hdkl2r52amafo141pe0e\/original.pdf\" target=\"_blank\" rel=\"noopener\">\n\t\t\t\t\t\t\tCompactMover\u2122 FOL U 1200 | Englisch A4\n\t\t\t<\/a>\n\t\t\t\t<img decoding=\"async\" src=\"https:\/\/oceaneering.com\/wp-content\/uploads\/2023\/10\/AGV-Vehicle-Features-Icons_Set-01_Drive-small.png\" alt=\"AGV-Vehicle-Features-Icons_Set-01_Drive-small\" itemprop=\"image\" title=\"FTS-Fahrzeug-Merkmale-Symbole_Set-01_Fahren-klein\" onerror=\"this.style.display='none'\"  \/>\n<h3>\n\t\tAntrieb\n\t<\/h3>\n\t<p>Bi-direktional<\/p>\n\t\t\t\t<img decoding=\"async\" src=\"https:\/\/oceaneering.com\/wp-content\/uploads\/2023\/10\/AGV-Vehicle-Features-Icons_Set-01_Drive-speed-small.png\" alt=\"AGV-Vehicle-Features-Icons_Set-01_Drive-speed-small\" itemprop=\"image\" title=\"FTS-Fahrzeug-Merkmale-Symbole_Set-01_Fahrgeschwindigkeit-klein\" onerror=\"this.style.display='none'\"  \/>\n<h3>\n\t\tFahrgeschwindigkeit\n\t<\/h3>\n\t<p>Bis zu 6,6 ft\/s | 1,9 m\/s<\/p>\n\t\t\t\t<img decoding=\"async\" src=\"https:\/\/oceaneering.com\/wp-content\/uploads\/2023\/10\/AGV-Vehicle-Features-Icons_Set-01_Navigation-small.png\" alt=\"AGV-Vehicle-Features-Icons_Set-01_Navigation-small\" itemprop=\"image\" title=\"FTS-Fahrzeug-Merkmale-Symbole_Set-01_Navigation-klein\" onerror=\"this.style.display='none'\"  \/>\n<h3>\n\t\tNavigation\n\t<\/h3>\n\t<p>Nat\u00fcrliche Umgebung, infrastrukturfrei<\/p>\n\t\t\t\t<img decoding=\"async\" src=\"https:\/\/oceaneering.com\/wp-content\/uploads\/2023\/10\/AGV-Vehicle-Features-Icons_Set-01_Handling-height-small.png\" alt=\"AGV-Vehicle-Features-Icons_Set-01_Handling-height-small\" itemprop=\"image\" title=\"FTS-Fahrzeug-Merkmale-Symbole_Set-01_Handling-H\u00f6he-klein\" onerror=\"this.style.display='none'\"  \/>\n<h3>\n\t\tH\u00f6he der Handhabung\n\t<\/h3>\n\t<p>Bis zu 1.100 mm (43,3 Zoll)<\/p>\n\t\t\t\t<img decoding=\"async\" src=\"https:\/\/oceaneering.com\/wp-content\/uploads\/2023\/10\/AGV-Vehicle-Features-Icons_Set-01_Max-payload-small.png\" alt=\"AGV-Vehicle-Features-Icons_Set-01_Max-payload-small\" itemprop=\"image\" title=\"FTS-Fahrzeug-Merkmale-Symbole_Set-01_Max-Payload-klein\" onerror=\"this.style.display='none'\"  \/>\n<h3>\n\t\tMaximale Nutzlast\n\t<\/h3>\n\t2.640 lb \/ 1200 kg<br \/>\n(20 Zoll \/ 500 mm Lastschwerpunkt)\n\t\t\t\t\t\t\t<a href=\"https:\/\/oceaneering.com\/wp-content\/uploads\/2023\/10\/CompactMover-FOL-U-1200-220321_CM_FOL_01-edited-position2-1.png\" data-fancybox=\"photo-carousel-\">\n\t\t\t\t\t\t\t\t\t\t\t\t\t\t\t\t\t<img decoding=\"async\" src=\"https:\/\/oceaneering.com\/wp-content\/uploads\/2023\/10\/CompactMover-FOL-U-1200-220321_CM_FOL_01-edited-position2-1.png\" alt=\"\"\/>\n\t\t\t\t\t\t\t\t\t\t\t\t\t\t\t<\/a>\n\t\t\t\t\t\t\t<a href=\"https:\/\/oceaneering.com\/wp-content\/uploads\/2023\/10\/CompactMover-FOL-U-1200-220317_CM_FOL_02-1.png\" data-fancybox=\"photo-carousel-\">\n\t\t\t\t\t\t\t\t\t\t\t\t\t\t\t\t\t<img decoding=\"async\" src=\"https:\/\/oceaneering.com\/wp-content\/uploads\/2023\/10\/CompactMover-FOL-U-1200-220317_CM_FOL_02-1.png\" alt=\"\"\/>\n\t\t\t\t\t\t\t\t\t\t\t\t\t\t\t<\/a>\n\t\t\t\t\t\t\t<a href=\"https:\/\/oceaneering.com\/wp-content\/uploads\/2023\/10\/CompactMover-FOL-U-1200-220317_CM_FOL_03-1.png\" data-fancybox=\"photo-carousel-\">\n\t\t\t\t\t\t\t\t\t\t\t\t\t\t\t\t\t<img decoding=\"async\" src=\"https:\/\/oceaneering.com\/wp-content\/uploads\/2023\/10\/CompactMover-FOL-U-1200-220317_CM_FOL_03-1.png\" alt=\"\"\/>\n\t\t\t\t\t\t\t\t\t\t\t\t\t\t\t<\/a>\n\t\t\t<button>\n\t\t\t\tVorherige\n\t\t\t<\/button>\n\t\t\t<button>\n\t\t\t\tWeiter\n\t\t\t<\/button>\n\t\tKontakt\n<h3>\n\t\tKontaktaufnahme mit unseren Experten \n\t<\/h3>\n\t<p>Haben Sie eine Frage oder ben\u00f6tigen Sie weitere Informationen zu unseren mobilen Robotern? Bitte geben Sie Ihre Kontaktdaten an und beschreiben Sie Ihre Anfrage. Wir werden uns dann so schnell wie m\u00f6glich bei Ihnen melden. Vielen Dank!<\/p>","protected":false},"excerpt":{"rendered":"<p>Projektbesprechung Gabelstapler CompactMover\u2122 FOL U 1200 Der leistungsstarke CompactMover\u2122 FOL U 1200 verf\u00fcgt \u00fcber fortschrittliche Sicherheitsfunktionen, die eine ordnungsgem\u00e4\u00dfe Handhabung verschiedener Lasttypen gew\u00e4hrleisten. CompactMover\u2122 FOL U 1200 Der CompactMover\u2122 FOL U 1200 ist ein Mitglied der Familie der mobilen Gabelstaplerroboter von Oceaneering. Er wurde entwickelt, um herk\u00f6mmliche elektrische Palettenstapler zu ersetzen, ... <a title=\"CompactMover\u2122 1200 Gabelstapler\" class=\"read-more\" href=\"https:\/\/www.oceaneering.com\/de\/oceaneering-mobile-robotics-omr\/compactmover-1200-forklift\/\" aria-label=\"Mehr Informationen \u00fcber CompactMover\u2122 1200 Forklift\">Weiterlesen ...<\/a><\/p>","protected":false},"author":19,"featured_media":68554,"parent":1718,"menu_order":2,"comment_status":"closed","ping_status":"closed","template":"","meta":{"_acf_changed":false,"footnotes":"","_links_to":"","_links_to_target":""},"product_category":[1237],"search_tags":[1726,1138],"class_list":["post-1824","page","type-page","status-publish","has-post-thumbnail","product_category-mobile-robotics","search_tags-forklifts","search_tags-mobile-robotics"],"acf":[],"aioseo_notices":[],"_links":{"self":[{"href":"https:\/\/www.oceaneering.com\/de\/wp-json\/wp\/v2\/pages\/1824","targetHints":{"allow":["GET"]}}],"collection":[{"href":"https:\/\/www.oceaneering.com\/de\/wp-json\/wp\/v2\/pages"}],"about":[{"href":"https:\/\/www.oceaneering.com\/de\/wp-json\/wp\/v2\/types\/page"}],"author":[{"embeddable":true,"href":"https:\/\/www.oceaneering.com\/de\/wp-json\/wp\/v2\/users\/19"}],"replies":[{"embeddable":true,"href":"https:\/\/www.oceaneering.com\/de\/wp-json\/wp\/v2\/comments?post=1824"}],"version-history":[{"count":3,"href":"https:\/\/www.oceaneering.com\/de\/wp-json\/wp\/v2\/pages\/1824\/revisions"}],"predecessor-version":[{"id":79985,"href":"https:\/\/www.oceaneering.com\/de\/wp-json\/wp\/v2\/pages\/1824\/revisions\/79985"}],"up":[{"embeddable":true,"href":"https:\/\/www.oceaneering.com\/de\/wp-json\/wp\/v2\/pages\/1718"}],"wp:featuredmedia":[{"embeddable":true,"href":"https:\/\/www.oceaneering.com\/de\/wp-json\/wp\/v2\/media\/68554"}],"wp:attachment":[{"href":"https:\/\/www.oceaneering.com\/de\/wp-json\/wp\/v2\/media?parent=1824"}],"wp:term":[{"taxonomy":"product_category","embeddable":true,"href":"https:\/\/www.oceaneering.com\/de\/wp-json\/wp\/v2\/product_category?post=1824"},{"taxonomy":"search_tags","embeddable":true,"href":"https:\/\/www.oceaneering.com\/de\/wp-json\/wp\/v2\/search_tags?post=1824"}],"curies":[{"name":"wp","href":"https:\/\/api.w.org\/{rel}","templated":true}]}}