{"id":1718,"date":"2023-10-03T09:22:20","date_gmt":"2023-10-03T13:22:20","guid":{"rendered":"https:\/\/oceaneering.com\/?page_id=1718"},"modified":"2025-12-09T03:07:05","modified_gmt":"2025-12-09T09:07:05","slug":"oceaneering-mobile-robotics-omr","status":"publish","type":"page","link":"https:\/\/www.oceaneering.com\/de\/oceaneering-mobile-robotics-omr\/","title":{"rendered":"Oceaneering Mobile Robotics (OMR)"},"content":{"rendered":"<a href=\"https:\/\/www.oceaneering.com\/de\/oceaneering-mobile-robotics-omr\/#contact\" target=\"_self\">\n\t\t\t\t\t\t\tEin Projekt besprechen\n\t\t\t\t\t<\/a>\n<h1>\n\t\tOceaneering Mobile Robotics (OMR)\n\t<\/h1>\n\n\t\tL\u00f6sen Sie Ihre betrieblichen Herausforderungen und optimieren Sie effektiv Ihren Materialumschlag und Ihre Logistik mit innovativen mobilen Robotern, die autonome Technologie integrieren.\n\t\n<h2>\n\t\tTreffen Sie unsere Roboter\n\t<\/h2>\n\t<p>Wir liefern standardisierte Fahrerlose Transportsysteme (FTS)mit infrastrukturfreier Navigation, die die niedrigsten Gesamtbetriebskosten pro Fahrzeug gew\u00e4hrleisten. Jeder Autonome Mobile Roboter (AMR) ist mit den neuesten Sicherheitstechnologien ausgestattet, die die beste Arbeitsumgebung f\u00fcr mobile Roboter und Menschen schaffen.<\/p>\n\t\t\t\t<a href=\"https:\/\/www.oceaneering.com\/de\/maxmover-cb-d-2000\/\"  target=\"_self\" itemprop=\"url\">\n\t\t\t\t<img loading=\"lazy\" decoding=\"async\" src=\"https:\/\/www.oceaneering.com\/wp-content\/uploads\/2024\/03\/240301_Maxmover_01-edited.png\" alt=\"MaxMover Counterbalance Forklift\" itemprop=\"image\" height=\"1227\" width=\"1300\" title=\"240301_Maxmover_01-edited\" onerror=\"this.style.display='none'\"  \/>\n\t\t\t\t<\/a>\n<h3>\n\t\tMaxMover<sup>TM<\/sup> CB D 2000\n\t<\/h3>\n\n\t\tGegengewichtsgabelstapler\n\t\n\t\t\t<a href=\"https:\/\/www.oceaneering.com\/de\/maxmover-cb-d-2000\/\" target=\"_self\">\n\t\t\t\t\t\t\tRoboter erforschen\n\t\t\t<\/a>\n\t\t\t\t<a href=\"https:\/\/www.oceaneering.com\/de\/unimover-o-600\/\"  target=\"_self\" itemprop=\"url\">\n\t\t\t\t<img loading=\"lazy\" decoding=\"async\" src=\"https:\/\/www.oceaneering.com\/wp-content\/uploads\/2023\/10\/UniMover-O-600-220317_Unimover_apollo_03-1.png\" alt=\"UniMover Underride Robot\" itemprop=\"image\" height=\"1080\" width=\"1920\" title=\"UniMoverTM O 600 Unterfahrschutz\" onerror=\"this.style.display='none'\"  \/>\n\t\t\t\t<\/a>\n<h3>\n\t\tUniMover<sup>TM<\/sup> O 600\n\t<\/h3>\n\n\t\tUnterfahr Roboter\n\t\n\t\t\t<a href=\"https:\/\/www.oceaneering.com\/de\/unimover-o-600\/\" target=\"_self\">\n\t\t\t\t\t\t\tRoboter erforschen\n\t\t\t<\/a>\n\t\t\t\t<a href=\"https:\/\/www.oceaneering.com\/de\/compactmover-fol-u-1200\/\"  target=\"_self\" itemprop=\"url\">\n\t\t\t\t<img loading=\"lazy\" decoding=\"async\" src=\"https:\/\/www.oceaneering.com\/wp-content\/uploads\/2023\/12\/CompactMover-FOL-U-1200-220321_CM_FOL_01-edited-position2-1-700x394-landscape-landscape-51aea4ec2832f234b10cff85ab3bfa02-.png\" alt=\"CompactMover Fork over leg\" itemprop=\"image\" height=\"394\" width=\"563\" title=\"CompactMover-FOL-U-1200-220321_CM_FOL_01-edited-position2-1-700x394-landscape-landscape-51aea4ec2832f234b10cff85ab3bfa02-\" onerror=\"this.style.display='none'\"  \/>\n\t\t\t\t<\/a>\n<h3>\n\t\tCompactMover<sup>TM<\/sup> FOL U 1200\n\t<\/h3>\n\n\t\tRadarmstapler\n\t\n\t\t\t<a href=\"https:\/\/www.oceaneering.com\/de\/oceaneering-mobile-robotics-omr\/compactmover-1200-forklift\/\" target=\"_self\">\n\t\t\t\t\t\t\tRoboter erforschen\n\t\t\t<\/a>\n<h2>\n\t\tEtwas KOMPAKTES wird kommen\n\t<\/h2>\n\n\t\tEnth\u00fcllung 8. Oktober 2025\n\t\n\t\t\t<a href=\"\/de\/oceaneering-mobile-robotics-omr\/compactmover-800-forklift\/\" target=\"_self\">\n\t\t\t\t\t\t\tSneak Peak\n\t\t\t<\/a>\n\t\t1,700+\n\n\t\tmobile Roboter weltweit im Einsatz\n\t\n\t\t30+\n\n\t\tJahre Erfahrung in der Entwicklung, Integration und Wartung mobiler Industrieroboter\n\t\n\t\t100+\n\n\t\tRoboter in der gr\u00f6\u00dften aktiven Flotte\n\t\n<h2>\n\t\tAutomatisieren Sie Ihre Produktions- und Logistikprozesse\n\t<\/h2>\n\t<p>Unsere innovativen Fahrerlose Transportsysteme (FTS)sind f\u00fcr eine Vielzahl von Branchen geeignet und revolutionieren die betriebliche Effizienz. Entdecken Sie die verschiedenen Anwendungen und Anwendungsf\u00e4lle, bei denen unsere Autonomen Mobilen Roboter (AMR) den Weg f\u00fcr nahtlose und sichere Abl\u00e4ufe geebnet haben.<\/p>\n<h2>\n\t\tHerausforderungen bei der Materialhandhabung l\u00f6sen\n\t<\/h2>\n\t<p>Die Herausforderungen, die mit dem Materialtransport und der Logistik verbunden sind, erfordern neue Ans\u00e4tze. Die Automatisierung dient als Katalysator f\u00fcr den Erfolg auf dem heutigen Markt. Unsere mobilen Robotersysteme f\u00fcgen sich nahtlos in die Arbeitsabl\u00e4ufe der Intralogistik ein, optimieren Prozesse, reduzieren Fehler und verbessern die allgemeine betriebliche Flexibilit\u00e4t.<\/p>\n\t\t\t\t<img loading=\"lazy\" decoding=\"async\" src=\"https:\/\/www.oceaneering.com\/wp-content\/uploads\/2024\/03\/OMR-Labor-shortage-Icon-3.png\" alt=\"OMR Labor shortage Icon\" itemprop=\"image\" height=\"500\" width=\"766\" title=\"OMR-Laborknappheit-Symbol-3\" onerror=\"this.style.display='none'\"  \/>\n<h3>\n\t\t\u00dcberwindung des Arbeitskr\u00e4ftemangels \n\t<\/h3>\n\t\t\t\t<img loading=\"lazy\" decoding=\"async\" src=\"https:\/\/www.oceaneering.com\/wp-content\/uploads\/2024\/03\/OMR-reduce-costs-icon-2.png\" alt=\"OMR reduce costs icon\" itemprop=\"image\" height=\"500\" width=\"569\" title=\"OMR-Kostensenkungs-Symbol-2\" onerror=\"this.style.display='none'\"  \/>\n<h3>\n\t\tKosten im gesamten Betrieb senken \n\t<\/h3>\n\t\t\t\t<img loading=\"lazy\" decoding=\"async\" src=\"https:\/\/www.oceaneering.com\/wp-content\/uploads\/2024\/03\/OMR-lower-emissions-icon-slimmer.png\" alt=\"OMR-lower-emissions-icon-2\" itemprop=\"image\" height=\"500\" width=\"503\" title=\"OMR-\u00e4rmere-Emissionen-Icon-Slimmer\" onerror=\"this.style.display='none'\"  \/>\n<h3>\n\t\tGeringere Emissionen\n\t<\/h3>\n\t\t\t\t<img loading=\"lazy\" decoding=\"async\" src=\"https:\/\/www.oceaneering.com\/wp-content\/uploads\/2024\/03\/OMR-improve-efficiency-icon-2.png\" alt=\"OMR improve efficiency icon\" itemprop=\"image\" height=\"500\" width=\"527\" title=\"OMR-Effizienzverbesserung-Symbol-2\" onerror=\"this.style.display='none'\"  \/>\n<h3>\n\t\tVerbessern Sie Effizienz, Durchsatz und Sicherheit\n\t<\/h3>\n\t\t\t\t<img loading=\"lazy\" decoding=\"async\" src=\"https:\/\/www.oceaneering.com\/wp-content\/uploads\/2023\/11\/OMR_warehouse_MaxMover_02-1-1536x864-1.jpeg\" alt=\"Warehouse illustration showing Oceaneering Mobile Robots at work\" itemprop=\"image\" height=\"864\" width=\"1536\" title=\"OMR_warehouse_MaxMover_02-1-1536x864\" onerror=\"this.style.display='none'\"  \/>\n<h3>\n\t\tWhat&#8217;s Moving Your Operations Forward?\n\t<\/h3>\n\t<p>Ein \u00dcberblick \u00fcber Automated Guided Vehicles (AGVs) und Autonomous Mobile Robots (AMRs).<\/p>\n\t\t\t<a href=\"https:\/\/www.oceaneering.com\/de\/white-papers\/the-differences-between-automated-guided-vehicles-and-autonomous-mobile-robots\/\" target=\"_self\">\n\t\t\t\t\t\t\tLesen Sie das Wei\u00dfbuch\n\t\t\t<\/a>\n\t\t\t\t<img loading=\"lazy\" decoding=\"async\" src=\"https:\/\/www.oceaneering.com\/wp-content\/uploads\/2023\/11\/ecc9e93ad27c4b64ac005da5b19c763e.800.jpg\" alt=\"Digital blue dots on dark background\" itemprop=\"image\" height=\"450\" width=\"800\" title=\"OMR- Steuerungssoftware\" onerror=\"this.style.display='none'\"  \/>\n<h3>\n\t\tOMR- Steuerungssoftware\n\t<\/h3>\n\t<p>Erh\u00f6hen Sie Ihre Betriebsabl\u00e4ufe mit der \u00dcberwachungssoftware von Oceaneering auf neue H\u00f6hen. Wir treiben die Entwicklung intelligenter Maschinen mit Software voran, die Cloud Computing, das IIoT, maschinelles Lernen und Big Data-Technologien integriert, um eine optimierte Datenansicht f\u00fcr eine bessere Entscheidungsfindung zu erm\u00f6glichen.<\/p>\n\t\t\t<a href=\"https:\/\/oceaneering.canto.com\/download\/document\/gpdmgvd24l45rbamai98vbqa2i\/original.pdf\" target=\"_blank\" rel=\"noopener\">\n\t\t\t\t\t\t\tOceaneering Steuerungssoftware\n\t\t\t<\/a>\n\t\t\t\t<img loading=\"lazy\" decoding=\"async\" src=\"https:\/\/www.oceaneering.com\/wp-content\/uploads\/2023\/11\/DSC2917s-edited-1-1024x1536-1.jpeg\" alt=\"Oceaneering technician doing repair work on a mobile robot\" itemprop=\"image\" height=\"1536\" width=\"1024\" title=\"DSC2917s-edited-1-1024x1536\" onerror=\"this.style.display='none'\"  \/>\n<h3>\n\t\tOMR Lifecycle Services \n\t<\/h3>\n\t<p>Unsere OMR Lifecycle Services gew\u00e4hrleisten die Kontinuit\u00e4t und Leistung unserer mobilen Roboter, einschlie\u00dflich \u00e4lterer Plattformen und Software. Wir bieten schnellen, professionellen Support \u00fcberall auf der Welt, 24\/7.<\/p>\n\t\t\t<a href=\"https:\/\/www.oceaneering.com\/de\/oceaneering-mobile-robotics-omr\/customer-care-program\/\" target=\"_self\">\n\t\t\t\t\t\t\tMehr erfahren\n\t\t\t<\/a>\n<h2>\n\t\tFachmessen, Webinare und Events\n\t<\/h2>\n\n\t\tErfahren Sie mehr \u00fcber unsere branchenf\u00fchrenden Roboter und tauschen Sie sich mit den Fachleuten von Oceaneeing Mobile Robotics auf unseren kommenden Events aus.  \n\t\n\t\t\t<a href=\"https:\/\/www.oceaneering.com\/de\/news-media\/events\/\" target=\"_self\">\n\t\t\t\t\t\t\tAlle sehen\n\t\t\t<\/a>\n<h2>\n\t\tNeueste Nachrichten\n\t<\/h2>\n\t\t\t<a href='https:\/\/www.oceaneering.com\/de\/oceaneering-mobile-robotics-unveils-new-autonomous-features-for-smarter-safer-and-more-efficient-material-handling\/' title='Oceaneering Mobile Robotics stellt neue autonome Funktionen f\u00fcr einen intelligenteren, sichereren und effizienteren Materialumschlag vor'><img width=\"1024\" height=\"576\" src=\"https:\/\/www.oceaneering.com\/wp-content\/uploads\/2025\/03\/EOD_MaxMover_forklift-obstacle-1-1024x576.png\" alt=\"The MaxMover\u2122 Counterbalance Forklift is equipped with Empty Drop off Detection EDD capabilities which actively scans drop off zones to ensure they are clear before payload release\" itemprop=\"image\" decoding=\"async\" loading=\"lazy\" srcset=\"https:\/\/www.oceaneering.com\/wp-content\/uploads\/2025\/03\/EOD_MaxMover_forklift-obstacle-1-1024x576.png 1024w, https:\/\/www.oceaneering.com\/wp-content\/uploads\/2025\/03\/EOD_MaxMover_forklift-obstacle-1-300x169.png 300w, https:\/\/www.oceaneering.com\/wp-content\/uploads\/2025\/03\/EOD_MaxMover_forklift-obstacle-1-768x432.png 768w, https:\/\/www.oceaneering.com\/wp-content\/uploads\/2025\/03\/EOD_MaxMover_forklift-obstacle-1-1536x864.png 1536w, https:\/\/www.oceaneering.com\/wp-content\/uploads\/2025\/03\/EOD_MaxMover_forklift-obstacle-1-18x10.png 18w, https:\/\/www.oceaneering.com\/wp-content\/uploads\/2025\/03\/EOD_MaxMover_forklift-obstacle-1-1280x720.png 1280w, https:\/\/www.oceaneering.com\/wp-content\/uploads\/2025\/03\/EOD_MaxMover_forklift-obstacle-1-960x540.png 960w, https:\/\/www.oceaneering.com\/wp-content\/uploads\/2025\/03\/EOD_MaxMover_forklift-obstacle-1-640x360.png 640w, https:\/\/www.oceaneering.com\/wp-content\/uploads\/2025\/03\/EOD_MaxMover_forklift-obstacle-1-320x180.png 320w, https:\/\/www.oceaneering.com\/wp-content\/uploads\/2025\/03\/EOD_MaxMover_forklift-obstacle-1.png 1920w\" sizes=\"auto, (max-width: 1024px) 100vw, 1024px\" title=\"EOD MaxMover Gegengewichtsgabelstapler | Oceaneering\" \/><\/a>\n\t\t8\/8\/2025\n\t<h3><a href='https:\/\/www.oceaneering.com\/de\/oceaneering-mobile-robotics-unveils-new-autonomous-features-for-smarter-safer-and-more-efficient-material-handling\/' title='Oceaneering Mobile Robotics stellt neue autonome Funktionen f\u00fcr einen intelligenteren, sichereren und effizienteren Materialumschlag vor'>Oceaneering Mobile Robotics stellt neue autonome Funktionen f\u00fcr einen intelligenteren, sichereren und effizienteren Materialumschlag vor<\/a><\/h3>\n\t\t\t<a href='https:\/\/www.oceaneering.com\/de\/oceaneering-mobile-robotics-completes-successful-pilot-project-with-zeiss-group\/' title='Oceaneering Mobile Robotics schlie\u00dft erfolgreiches Pilotprojekt mit der ZEISS Gruppe ab'><img width=\"1024\" height=\"683\" src=\"https:\/\/www.oceaneering.com\/wp-content\/uploads\/2023\/11\/OMR-UniMover-at-Zeiss-4U7A9136-scaled-1-1024x683.jpg\" alt=\"Oceaneering Mobile Robotics UniMover AMR operating on the shop floor of a warehouse\" itemprop=\"image\" decoding=\"async\" loading=\"lazy\" srcset=\"https:\/\/www.oceaneering.com\/wp-content\/uploads\/2023\/11\/OMR-UniMover-at-Zeiss-4U7A9136-scaled-1-1024x683.jpg 1024w, https:\/\/www.oceaneering.com\/wp-content\/uploads\/2023\/11\/OMR-UniMover-at-Zeiss-4U7A9136-scaled-1-300x200.jpg 300w, https:\/\/www.oceaneering.com\/wp-content\/uploads\/2023\/11\/OMR-UniMover-at-Zeiss-4U7A9136-scaled-1-768x512.jpg 768w, https:\/\/www.oceaneering.com\/wp-content\/uploads\/2023\/11\/OMR-UniMover-at-Zeiss-4U7A9136-scaled-1-1536x1024.jpg 1536w, https:\/\/www.oceaneering.com\/wp-content\/uploads\/2023\/11\/OMR-UniMover-at-Zeiss-4U7A9136-scaled-1-2048x1366.jpg 2048w, https:\/\/www.oceaneering.com\/wp-content\/uploads\/2023\/11\/OMR-UniMover-at-Zeiss-4U7A9136-scaled-1-18x12.jpg 18w\" sizes=\"auto, (max-width: 1024px) 100vw, 1024px\" title=\"OMRUniMoveratZeiss4U7A9136skaliert | Oceaneering\" \/><\/a>\n\t\t10\/4\/2023\n\t<h3><a href='https:\/\/www.oceaneering.com\/de\/oceaneering-mobile-robotics-completes-successful-pilot-project-with-zeiss-group\/' title='Oceaneering Mobile Robotics schlie\u00dft erfolgreiches Pilotprojekt mit der ZEISS Gruppe ab'>Oceaneering Mobile Robotics schlie\u00dft erfolgreiches Pilotprojekt mit der ZEISS Gruppe ab<\/a><\/h3>\n\t\t\t<a href='https:\/\/www.oceaneering.com\/de\/oceaneering-mobile-robotics-announces-new-german-office-location\/' title='Oceaneering Mobile Robotics k\u00fcndigt neuen deutschen Standort an'><img width=\"1024\" height=\"683\" src=\"https:\/\/www.oceaneering.com\/wp-content\/uploads\/2023\/11\/CB-D2000-132-edited-1-1024x683.jpg\" alt=\"Oceaneering Mobile Robotics MaxMover CB D2000 autonomous forklift positioned in a warehouse with forks lifted\" itemprop=\"image\" decoding=\"async\" loading=\"lazy\" srcset=\"https:\/\/www.oceaneering.com\/wp-content\/uploads\/2023\/11\/CB-D2000-132-edited-1-1024x683.jpg 1024w, https:\/\/www.oceaneering.com\/wp-content\/uploads\/2023\/11\/CB-D2000-132-edited-1-300x200.jpg 300w, https:\/\/www.oceaneering.com\/wp-content\/uploads\/2023\/11\/CB-D2000-132-edited-1-768x512.jpg 768w, https:\/\/www.oceaneering.com\/wp-content\/uploads\/2023\/11\/CB-D2000-132-edited-1-1536x1024.jpg 1536w, https:\/\/www.oceaneering.com\/wp-content\/uploads\/2023\/11\/CB-D2000-132-edited-1-18x12.jpg 18w, https:\/\/www.oceaneering.com\/wp-content\/uploads\/2023\/11\/CB-D2000-132-edited-1.jpg 1920w\" sizes=\"auto, (max-width: 1024px) 100vw, 1024px\" title=\"CBD2000132edited1 | Oceaneering\" \/><\/a>\n\t\t9\/25\/2023\n\t<h3><a href='https:\/\/www.oceaneering.com\/de\/oceaneering-mobile-robotics-announces-new-german-office-location\/' title='Oceaneering Mobile Robotics k\u00fcndigt neuen deutschen Standort an'>Oceaneering Mobile Robotics k\u00fcndigt neuen deutschen Standort an<\/a><\/h3>\n\t\t<!-- .pp-content-posts -->\n\t\t\t<a href=\"https:\/\/www.oceaneering.com\/de\/tag\/mobile-robotics\/\" target=\"_self\">\n\t\t\t\t\t\t\tAlle Nachrichten anzeigen\n\t\t\t\t\t<\/a>\n\t\tKontakt\n<h3>\n\t\tKontaktaufnahme mit unseren Experten \n\t<\/h3>\n\t<p>Haben Sie eine Frage oder ben\u00f6tigen Sie weitere Informationen zu unseren mobilen Robotern? Bitte geben Sie Ihre Kontaktdaten an und beschreiben Sie Ihre Anfrage. Wir werden uns dann so schnell wie m\u00f6glich bei Ihnen melden. Vielen Dank!<\/p>","protected":false},"excerpt":{"rendered":"<p>Diskutieren Sie ein Projekt Oceaneering Mobile Robotics (OMR) L\u00f6sen Sie Ihre betrieblichen Herausforderungen und optimieren Sie effektiv Ihren Materialumschlag und Ihre Logistik mit innovativen mobilen Robotern, die autonome Technologie integrieren. Lernen Sie unsere Roboter kennen Wir liefern standardisierte mobile Roboter mit infrastrukturfreier Navigation, die die niedrigsten Gesamtbetriebskosten pro Fahrzeug gew\u00e4hrleisten. Jeder Autonome Mobile Roboter (AMR) ist ausgestattet mit ... <a title=\"Oceaneering Mobile Robotics (OMR)\" class=\"read-more\" href=\"https:\/\/www.oceaneering.com\/de\/oceaneering-mobile-robotics-omr\/\" aria-label=\"Mehr Informationen \u00fcber Oceaneering Mobile Robotics (OMR)\">Weiterlesen ...<\/a><\/p>","protected":false},"author":20,"featured_media":0,"parent":0,"menu_order":2,"comment_status":"closed","ping_status":"closed","template":"","meta":{"_acf_changed":false,"footnotes":"","_links_to":"","_links_to_target":""},"product_category":[1237],"search_tags":[1138],"class_list":["post-1718","page","type-page","status-publish","product_category-mobile-robotics","search_tags-mobile-robotics"],"acf":[],"aioseo_notices":[],"_links":{"self":[{"href":"https:\/\/www.oceaneering.com\/de\/wp-json\/wp\/v2\/pages\/1718","targetHints":{"allow":["GET"]}}],"collection":[{"href":"https:\/\/www.oceaneering.com\/de\/wp-json\/wp\/v2\/pages"}],"about":[{"href":"https:\/\/www.oceaneering.com\/de\/wp-json\/wp\/v2\/types\/page"}],"author":[{"embeddable":true,"href":"https:\/\/www.oceaneering.com\/de\/wp-json\/wp\/v2\/users\/20"}],"replies":[{"embeddable":true,"href":"https:\/\/www.oceaneering.com\/de\/wp-json\/wp\/v2\/comments?post=1718"}],"version-history":[{"count":9,"href":"https:\/\/www.oceaneering.com\/de\/wp-json\/wp\/v2\/pages\/1718\/revisions"}],"predecessor-version":[{"id":80193,"href":"https:\/\/www.oceaneering.com\/de\/wp-json\/wp\/v2\/pages\/1718\/revisions\/80193"}],"wp:attachment":[{"href":"https:\/\/www.oceaneering.com\/de\/wp-json\/wp\/v2\/media?parent=1718"}],"wp:term":[{"taxonomy":"product_category","embeddable":true,"href":"https:\/\/www.oceaneering.com\/de\/wp-json\/wp\/v2\/product_category?post=1718"},{"taxonomy":"search_tags","embeddable":true,"href":"https:\/\/www.oceaneering.com\/de\/wp-json\/wp\/v2\/search_tags?post=1718"}],"curies":[{"name":"wp","href":"https:\/\/api.w.org\/{rel}","templated":true}]}}