{"id":1712,"date":"2023-10-02T13:32:44","date_gmt":"2023-10-02T17:32:44","guid":{"rendered":"https:\/\/oceaneering.com\/?page_id=1712"},"modified":"2024-09-11T04:12:01","modified_gmt":"2024-09-11T09:12:01","slug":"topside-chemical-throttle-valves","status":"publish","type":"page","link":"https:\/\/www.oceaneering.com\/de\/rotator-technologies\/topside-chemical-throttle-valves\/","title":{"rendered":"Chemische Drosselventile auf der Oberseite (T-CTV)"},"content":{"rendered":"<a href=\"https:\/\/www.oceaneering.com\/de\/rotator-technologies\/#contact\" target=\"_self\" rel=\"noopener\">\n\t\t\t\t\t\t\tEin Projekt besprechen\n\t\t\t\t\t<\/a>\n<h1>\n\t\tChemisches Drosselventil auf der Oberseite (T-CTV)\n\t<\/h1>\n\t<p>Unser T-CTV ist ein vollautomatisches, filterfreies Chemikaliendosiersystem, das kontinuierliche und genaue Durchflussmessung in einem modularen Plug-and-Play-Design kombiniert.<\/p>\n\t\t\t<a href=\"https:\/\/oceaneering.canto.com\/download\/document\/q724qeep9105l989bvem5t0a5g\/original.pdf\" target=\"_blank\" rel=\"noopener\">\n\t\t\t\t\t\t\tChemisches Drosselventil auf der Oberseite (T-CTV)\n\t\t\t<\/a>\n\n\t\tDas T-CTV liefert einen pr\u00e4zise dosierten Durchfluss, unabh\u00e4ngig von Fl\u00fcssigkeitstyp, Viskosit\u00e4t und Systemdruck. Die Coriolis-Durchflussmesstechnik des Ventils gew\u00e4hrleistet eine hervorragende, kontinuierliche und klassenbeste Dosiergenauigkeit f\u00fcr Chemikalien.\n\t\n\t\t\t\t<img decoding=\"async\" src=\"https:\/\/oceaneering.com\/wp-content\/uploads\/2023\/11\/Best-in-class-accuracy-1.png\" alt=\"Best-in-class-accuracy-1\" itemprop=\"image\" title=\"Klassenbeste-Genauigkeit-1\" onerror=\"this.style.display='none'\"  \/>\n<h3>\n\t\tErstklassige Genauigkeit\n\t<\/h3>\n\t<p>+\/- 0,2% vom Messwert<\/p>\n\t\t\t\t<img decoding=\"async\" src=\"https:\/\/oceaneering.com\/wp-content\/uploads\/2023\/11\/Contamination-tolerant-1.png\" alt=\"Contamination-tolerant-1\" itemprop=\"image\" title=\"Verschmutzungstolerant-1\" onerror=\"this.style.display='none'\"  \/>\n<h3>\n\t\tVerschmutzungstolerant\n\t<\/h3>\n\t<p>Filterfreie Gestaltung<\/p>\n\t\t\t\t<img decoding=\"async\" src=\"https:\/\/oceaneering.com\/wp-content\/uploads\/2023\/11\/Remote-connectivity-capability-1.png\" alt=\"Remote-connectivity-capability-1\" itemprop=\"image\" title=\"Fernverbindungs-F\u00e4higkeit-1\" onerror=\"this.style.display='none'\"  \/>\n<h3>\n\t\tFernverbindungsf\u00e4higkeit\n\t<\/h3>\n\t<p>Zukunftssicher<\/p>\n\t\t\t\t<img decoding=\"async\" src=\"https:\/\/oceaneering.com\/wp-content\/uploads\/2023\/11\/Easy-system-integration-1.png\" alt=\"Easy-system-integration-1\" itemprop=\"image\" title=\"Einfache-System-Integration-1\" onerror=\"this.style.display='none'\"  \/>\n<h3>\n\t\tEinfache Systemintegration\n\t<\/h3>\n\t<p>Plug-and-play<\/p>\n\t\t\t<img decoding=\"async\" src=\"https:\/\/www.oceaneering.com\/wp-content\/uploads\/2023\/11\/CTV-Video-thumbnail.jpeg\" title=\"T-CTV-Video-Miniaturansicht\" alt=\"\" \/>\t\t\t\t\t\t\t\n\t\t\t\t\tVideo abspielen\n<h2>\n\t\tVielseitiges und robustes Design\n\t<\/h2>\n\n\t\tWir liefern das vielseitigste, genaueste und robusteste T-CTV der Branche. Das modulare Plug-and-Play-Design sorgt daf\u00fcr, dass es sich leicht in neue und bestehende Systeme integrieren l\u00e4sst.\n\t\n\t\t\t<img decoding=\"async\" src=\"https:\/\/www.oceaneering.com\/wp-content\/uploads\/2024\/02\/201230_T-CTV_05-cropped.png\" alt=\"\"\/>\n\t\t\t\t\t\t\t\t\t\tVariable Drosselklappe\n\t\t\t\t\t\t\t\t\t\t\t\t\t\t<h6><strong>Variable Drosselklappe<\/strong><\/h6>\t\t\t\t\t\t\t\t\t\t\t\t\t\n\t\t\t\t\t\t\t\t\t\tVentilk\u00f6rper\n\t\t\t\t\t\t\t\t\t\t\t\t\t\t<h6><strong>Ventilk\u00f6rper<\/strong><\/h6>\t\t\t\t\t\t\t\t\t\t\t\t\t\n\t\t\t\t\t\t\t\t\t\tEx d Controller Geh\u00e4use\n\t\t\t\t\t\t\t\t\t\t\t\t\t\t<h6><strong>Ex d Controller Geh\u00e4use<\/strong><\/h6>\t\t\t\t\t\t\t\t\t\t\t\t\t\n\t\t\t\t\t\t\t\t\t\tEx e Abzweigdose\n\t\t\t\t\t\t\t\t\t\t\t\t\t\t<h6><strong>Ex e Abzweigdose<\/strong><\/h6>\t\t\t\t\t\t\t\t\t\t\t\t\t\n\t\t\t\t\t\t\t\t\t\tCoriolis-Durchflussmesser-Modul\n\t\t\t\t\t\t\t\t\t\t\t\t\t\t<h6><strong>Coriolis-Durchflussmesser-Modul<\/strong><\/h6>\t\t\t\t\t\t\t\t\t\t\t\t\t\n<h2>\n\t\tSelbstreinigendes, filterfreies Design\n\t<\/h2>\n\n\t\tUnser T-CTV ist die einzige Konstruktion der Branche, die eine kombinierte Vollsp\u00fclposition mit einem integrierten mechanischen Abstreifer aufweist. Dieses Merkmal gew\u00e4hrleistet eine \u00fcberragende Verschmutzungstoleranz und liefert eine un\u00fcbertroffene, pr\u00e4zise und langfristige Leistung ohne Filter.\n\t\n\t\t\t\t\t\t\t\t\t<img decoding=\"async\" src=\"https:\/\/oceaneering.canto.com\/direct\/image\/9630de4erd2d53dgteu616n536\/AEkesfiGbbQkZaYGZTg4Ft5Loog\/original?content-type=image%2Fgif&#038;name=Shot_11_720p.gif\" alt=\"original?content-type=image%2Fgif&amp;name=Shot_11_720p.gif\" itemprop=\"image\" title=\"original?content-type=image%2Fgif&amp;name=Shot_11_720p.gif\" onerror=\"this.style.display='none'\"  \/>\n<h2>\n\t\tBeschleunigen Sie Ihren digitalen Wandel\n\t<\/h2>\n\n\t\tUnser zukunftssicheres T-CTV wurde entwickelt, um Ihren digitalen Wandel zu beschleunigen. Das T-CTV ist ideal f\u00fcr unbemannte und ferngesteuerte Anwendungen in verschiedenen Branchen und kann mit optionalen Wi-Fi-Funktionen konfiguriert werden.\n\t\n\t\t\t\t\t\t\t\t\t\t\t\t<h3>\u00d6l und Gas<\/h3>\n\t\t\t\t\t\t\t\t\t\t\t\t<h3>Chemische Verarbeitung <\/h3>\n\t\t\t\t\t\t\t\t\t\t\t\t<h3>Abwasserbehandlung <\/h3>\n\t\t\t\t\t\t\t\t\t\t\t\t<h3>Medizin und Pharmazie<\/h3>\n<h2>\n\t\tT-CTV Bildergalerie\n\t<\/h2>\n\t\t\t\t\t\t\t<a href=\"https:\/\/oceaneering.com\/wp-content\/uploads\/2023\/11\/201230_T-CTV_01-1-1.png\" data-fancybox=\"photo-carousel-\">\n\t\t\t\t\t\t\t\t\t\t\t\t\t\t\t\t\t<img decoding=\"async\" src=\"https:\/\/oceaneering.com\/wp-content\/uploads\/2023\/11\/201230_T-CTV_01-1-1.png\" alt=\"\"\/>\n\t\t\t\t\t\t\t\t\t\t\t\t\t\t\t<\/a>\n\t\t\t\t\t\t\t<a href=\"https:\/\/oceaneering.com\/wp-content\/uploads\/2023\/11\/Back-View-Tiny.jpeg\" data-fancybox=\"photo-carousel-\">\n\t\t\t\t\t\t\t\t\t\t\t\t\t\t\t\t\t<img decoding=\"async\" src=\"https:\/\/oceaneering.com\/wp-content\/uploads\/2023\/11\/Back-View-Tiny.jpeg\" alt=\"\"\/>\n\t\t\t\t\t\t\t\t\t\t\t\t\t\t\t<\/a>\n\t\t\t\t\t\t\t<a href=\"https:\/\/oceaneering.com\/wp-content\/uploads\/2023\/11\/Rotator-Display-Layout-2.jpeg\" data-fancybox=\"photo-carousel-\">\n\t\t\t\t\t\t\t\t\t\t\t\t\t\t\t\t\t<img decoding=\"async\" src=\"https:\/\/oceaneering.com\/wp-content\/uploads\/2023\/11\/Rotator-Display-Layout-2.jpeg\" alt=\"\"\/>\n\t\t\t\t\t\t\t\t\t\t\t\t\t\t\t<\/a>\n\t\t\t\t\t\t\t<a href=\"https:\/\/oceaneering.com\/wp-content\/uploads\/2023\/11\/Front-View-Tiny.jpeg\" data-fancybox=\"photo-carousel-\">\n\t\t\t\t\t\t\t\t\t\t\t\t\t\t\t\t\t<img decoding=\"async\" src=\"https:\/\/oceaneering.com\/wp-content\/uploads\/2023\/11\/Front-View-Tiny.jpeg\" alt=\"\"\/>\n\t\t\t\t\t\t\t\t\t\t\t\t\t\t\t<\/a>\n\t\t\t\t\t\t\t<a href=\"https:\/\/oceaneering.com\/wp-content\/uploads\/2023\/11\/201230_T-CTV_05-1.jpeg\" data-fancybox=\"photo-carousel-\">\n\t\t\t\t\t\t\t\t\t\t\t\t\t\t\t\t\t<img decoding=\"async\" src=\"https:\/\/oceaneering.com\/wp-content\/uploads\/2023\/11\/201230_T-CTV_05-1.jpeg\" alt=\"\"\/>\n\t\t\t\t\t\t\t\t\t\t\t\t\t\t\t<\/a>\n\t\t\t\t\t\t\t<a href=\"https:\/\/oceaneering.com\/wp-content\/uploads\/2023\/11\/201230_T-CTV_03-1.jpeg\" data-fancybox=\"photo-carousel-\">\n\t\t\t\t\t\t\t\t\t\t\t\t\t\t\t\t\t<img decoding=\"async\" src=\"https:\/\/oceaneering.com\/wp-content\/uploads\/2023\/11\/201230_T-CTV_03-1.jpeg\" alt=\"\"\/>\n\t\t\t\t\t\t\t\t\t\t\t\t\t\t\t<\/a>\n\t\t\t\t\t\t\t<a href=\"https:\/\/oceaneering.com\/wp-content\/uploads\/2023\/11\/201230_T-CTV_06-1.jpeg\" data-fancybox=\"photo-carousel-\">\n\t\t\t\t\t\t\t\t\t\t\t\t\t\t\t\t\t<img decoding=\"async\" src=\"https:\/\/oceaneering.com\/wp-content\/uploads\/2023\/11\/201230_T-CTV_06-1.jpeg\" alt=\"\"\/>\n\t\t\t\t\t\t\t\t\t\t\t\t\t\t\t<\/a>\n\t\t\t\t\t\t\t<a href=\"https:\/\/oceaneering.com\/wp-content\/uploads\/2023\/11\/201230_T-CTV_04-1.jpeg\" data-fancybox=\"photo-carousel-\">\n\t\t\t\t\t\t\t\t\t\t\t\t\t\t\t\t\t<img decoding=\"async\" src=\"https:\/\/oceaneering.com\/wp-content\/uploads\/2023\/11\/201230_T-CTV_04-1.jpeg\" alt=\"\"\/>\n\t\t\t\t\t\t\t\t\t\t\t\t\t\t\t<\/a>\n\t\t\t\t\t\t\t<a href=\"https:\/\/oceaneering.com\/wp-content\/uploads\/2023\/11\/Shot_13_Transparent_BG-Tiny.png\" data-fancybox=\"photo-carousel-\">\n\t\t\t\t\t\t\t\t\t\t\t\t\t\t\t\t\t<img decoding=\"async\" src=\"https:\/\/oceaneering.com\/wp-content\/uploads\/2023\/11\/Shot_13_Transparent_BG-Tiny.png\" alt=\"\"\/>\n\t\t\t\t\t\t\t\t\t\t\t\t\t\t\t<\/a>\n\t\t\t\t\t\t\t<a href=\"https:\/\/oceaneering.com\/wp-content\/uploads\/2023\/11\/201117_Shot_10_Transparent_BG_V2.jpeg\" data-fancybox=\"photo-carousel-\">\n\t\t\t\t\t\t\t\t\t\t\t\t\t\t\t\t\t<img decoding=\"async\" src=\"https:\/\/oceaneering.com\/wp-content\/uploads\/2023\/11\/201117_Shot_10_Transparent_BG_V2.jpeg\" alt=\"\"\/>\n\t\t\t\t\t\t\t\t\t\t\t\t\t\t\t<\/a>\n\t\t\t<button>\n\t\t\t\tVorherige\n\t\t\t<\/button>\n\t\t\t<button>\n\t\t\t\tWeiter\n\t\t\t<\/button>\n<h2>\n\t\tOn-Demand-Webinar\n\t<\/h2>\n\n\t\tSehen Sie sich unser Webinar \u00fcber das Rotator\u00ae Topside Chemical Throttle Valve an.\n\t\n\t\t\t<a href=\"https:\/\/www.oceaneering.com\/de\/webinars\/accelerate-your-digital-transition-with-the-rotator-topside-chemical-throttle-valve\/\" target=\"_self\" rel=\"noopener\">\n\t\t\t\t\t\t\tAuf Abruf ansehen\n\t\t\t<\/a>\n\t\t\t\t<img decoding=\"async\" src=\"https:\/\/oceaneering.com\/wp-content\/uploads\/2023\/12\/T-CTV-thumb-1-667x540.jpg\" alt=\"T-CTV-thumb-1\" itemprop=\"image\" title=\"T-CTV-Daumen-1\" onerror=\"this.style.display='none'\"  \/>\n<h1>\n\t\tKontakt\n\t<\/h1>\n<h2>\n\t\tUnser Expertenteam ist bereit, Ihnen den Einstieg zu erleichtern.\n\t<\/h2>\n\t<p>Oceaneering bietet erstklassige Produkte und L\u00f6sungen, die sich durch unvergleichliche Qualit\u00e4t, Zuverl\u00e4ssigkeit und globalen Support auszeichnen. F\u00fcllen Sie das Anfrageformular aus, um noch heute ein Gespr\u00e4ch zu beginnen.<\/p>","protected":false},"excerpt":{"rendered":"<p>Projekt besprechen Topside Chemical Throttle Valve (T-CTV) Unser T-CTV ist ein vollautomatisches, filterfreies Chemikaliendosierpaket, das kontinuierliche und genaue Durchflussmessung in einem modularen Plug-and-Play-Design kombiniert. Topside Chemical Throttle Valve (T-CTV) Das T-CTV liefert einen pr\u00e4zise dosierten Durchfluss unabh\u00e4ngig von Fl\u00fcssigkeitstyp, Viskosit\u00e4t und Systemdruck. Die Coriolis-Durchflussmesstechnik des Ventils gew\u00e4hrleistet ... <a title=\"Chemische Drosselventile auf der Oberseite (T-CTV)\" class=\"read-more\" href=\"https:\/\/www.oceaneering.com\/de\/rotator-technologies\/topside-chemical-throttle-valves\/\" aria-label=\"Mehr Informationen \u00fcber Topside Chemical Throttle Valves (T-CTV)\">Weiterlesen ...<\/a><\/p>","protected":false},"author":20,"featured_media":0,"parent":1550,"menu_order":2,"comment_status":"closed","ping_status":"closed","template":"","meta":{"_acf_changed":false,"footnotes":"","_links_to":"","_links_to_target":""},"product_category":[1495],"search_tags":[1806,1807],"class_list":["post-1712","page","type-page","status-publish","product_category-valves-rotator-technologies","search_tags-rotator-technologies","search_tags-subsea-valves"],"acf":[],"aioseo_notices":[],"_links":{"self":[{"href":"https:\/\/www.oceaneering.com\/de\/wp-json\/wp\/v2\/pages\/1712","targetHints":{"allow":["GET"]}}],"collection":[{"href":"https:\/\/www.oceaneering.com\/de\/wp-json\/wp\/v2\/pages"}],"about":[{"href":"https:\/\/www.oceaneering.com\/de\/wp-json\/wp\/v2\/types\/page"}],"author":[{"embeddable":true,"href":"https:\/\/www.oceaneering.com\/de\/wp-json\/wp\/v2\/users\/20"}],"replies":[{"embeddable":true,"href":"https:\/\/www.oceaneering.com\/de\/wp-json\/wp\/v2\/comments?post=1712"}],"version-history":[{"count":0,"href":"https:\/\/www.oceaneering.com\/de\/wp-json\/wp\/v2\/pages\/1712\/revisions"}],"up":[{"embeddable":true,"href":"https:\/\/www.oceaneering.com\/de\/wp-json\/wp\/v2\/pages\/1550"}],"wp:attachment":[{"href":"https:\/\/www.oceaneering.com\/de\/wp-json\/wp\/v2\/media?parent=1712"}],"wp:term":[{"taxonomy":"product_category","embeddable":true,"href":"https:\/\/www.oceaneering.com\/de\/wp-json\/wp\/v2\/product_category?post=1712"},{"taxonomy":"search_tags","embeddable":true,"href":"https:\/\/www.oceaneering.com\/de\/wp-json\/wp\/v2\/search_tags?post=1712"}],"curies":[{"name":"wp","href":"https:\/\/api.w.org\/{rel}","templated":true}]}}