{"id":1703,"date":"2023-10-02T12:57:25","date_gmt":"2023-10-02T16:57:25","guid":{"rendered":"https:\/\/oceaneering.com\/?page_id=1703"},"modified":"2024-09-11T04:14:31","modified_gmt":"2024-09-11T09:14:31","slug":"rotator-test-and-qualification-center","status":"publish","type":"page","link":"https:\/\/www.oceaneering.com\/de\/rotator-technologies\/rotator-test-and-qualification-center\/","title":{"rendered":"Test- und Qualifizierungszentrum f\u00fcr Rotatoren"},"content":{"rendered":"<a href=\"https:\/\/www.oceaneering.com\/de\/rotator-technologies\/#contact\" target=\"_self\" rel=\"noopener\">\n\t\t\t\t\t\t\tEin Projekt besprechen\n\t\t\t\t\t<\/a>\n<h1>\n\t\tTest- und Qualifizierungszentrum f\u00fcr Rotatoren\n\t<\/h1>\n\t<p>Wir bieten ein umfassendes Angebot an Produktpr\u00fcfungen aus einer Hand, um Ihre vielf\u00e4ltigen Projektanforderungen zu erf\u00fcllen.<\/p>\n\n\t\tUnser hochmodernes Werk in Kristiansand, Norwegen, bietet eine vollst\u00e4ndig integrierte Anlage, die sicherstellt, dass unsere Produkte Ihre strengen Anforderungen erf\u00fcllen.\n\t\n\t\t\t\t<img decoding=\"async\" src=\"https:\/\/oceaneering.com\/wp-content\/uploads\/2023\/11\/Screen-Shot-2023-11-10-at-3.18.23-PM.png\" alt=\"Screen Shot 2023-11-10 at 3.18.23 PM\" itemprop=\"image\" title=\"Bildschirmfoto 2023-11-10 um 3.18.23 Uhr\" onerror=\"this.style.display='none'\"  \/>\n<h3>\n\t\tZentrale Anlaufstelle\n\t<\/h3>\n\t<p>Vielf\u00e4ltige Pr\u00fcf-, Qualifizierungs- und Dokumentationsm\u00f6glichkeiten an einem einzigen Ort.<\/p>\n\t\t\t\t<img decoding=\"async\" src=\"https:\/\/oceaneering.com\/wp-content\/uploads\/2023\/11\/Screen-Shot-2023-11-10-at-3.18.47-PM.png\" alt=\"Screen Shot 2023-11-10 at 3.18.47 PM\" itemprop=\"image\" title=\"Bildschirmfoto 2023-11-10 um 3.18.47 Uhr\" onerror=\"this.style.display='none'\"  \/>\n<h3>\n\t\tUnterst\u00fctzung bei Tests\n\t<\/h3>\n\t<p>Unterst\u00fctzung beim Re-Engineering, bei der Herstellung und bei der vollst\u00e4ndigen Neupr\u00fcfung.<\/p>\n\t\t\t\t<img decoding=\"async\" src=\"https:\/\/oceaneering.com\/wp-content\/uploads\/2023\/11\/Screen-Shot-2023-11-10-at-3.19.03-PM.png\" alt=\"Screen Shot 2023-11-10 at 3.19.03 PM\" itemprop=\"image\" title=\"Bildschirmfoto 2023-11-10 um 3.19.03 Uhr\" onerror=\"this.style.display='none'\"  \/>\n<h3>\n\t\tErleben Sie\n\t<\/h3>\n\t<p>Jahrzehntelange Erfahrung in der Offshore- und Unterwasserindustrie.<\/p>\n<h2>\n\t\tStandardisierte Testm\u00f6glichkeiten\n\t<\/h2>\n\n\t\tUm Ihren vielf\u00e4ltigen Projektanforderungen gerecht zu werden, bietet unser erfahrenes Team langfristige und kontinuierliche Tests sowie eine transparente und vereinfachte Berichterstattung w\u00e4hrend des gesamten Produktentwicklungs- und Qualifizierungsprozesses. Je nach Bedarf bieten wir auch Re-Engineering und Fertigung an.\n\t\n\t<ul>\n\t\t\t\t\t<li>\n\t\t\t\tHyperbarische Tests\n\t\t\t<\/li>\n\t\t\t\t\t<li>\n\t\t\t\tPr\u00fcfung in der Klimakammer\n\t\t\t<\/li>\n\t\t\t\t\t<li>\n\t\t\t\tSchock- und Vibrationstests\n\t\t\t<\/li>\n\t\t\t\t\t<li>\n\t\t\t\tHelium-Lecktests\n\t\t\t<\/li>\n\t\t\t\t\t<li>\n\t\t\t\tDruck-, Durchfluss- und Funktionspr\u00fcfung\n\t\t\t<\/li>\n\t\t\t\t\t<li>\n\t\t\t\tKontaminations- und Erosionstests\n\t\t\t<\/li>\n\t\t\t<\/ul>\n<h2>\n\t\tIndustrien, die wir bedienen\n\t<\/h2>\n\n\t\tUnsere ma\u00dfgeschneiderten Pr\u00fcfprogramme erf\u00fcllen eine Vielzahl von internationalen Spezifikationen und Anforderungen.\n\t\n\t\t\t\t\t\t\t\t\t\t\t\t<h3>\u00d6l und Gas<\/h3>\n\t\t\t\t\t\t\t\t\t\t\t\t<h3>Automobilindustrie<\/h3>\n\t\t\t\t\t\t\t\t\t\t\t\t<h3>Luftfahrt<\/h3>\n\t\t\t\t\t\t\t\t\t\t\t\t<h3>Maritim<\/h3>\n\t\t\t\t\t\t\t\t\t\t\t\t<h3>Verteidigung<\/h3>\n<h1>\n\t\tKontakt\n\t<\/h1>\n<h2>\n\t\tUnser Expertenteam ist bereit, Ihnen den Einstieg zu erleichtern.\n\t<\/h2>\n\t<p>Oceaneering bietet erstklassige Produkte und L\u00f6sungen, die sich durch unvergleichliche Qualit\u00e4t, Zuverl\u00e4ssigkeit und globalen Support auszeichnen. F\u00fcllen Sie das Anfrageformular aus, um noch heute ein Gespr\u00e4ch zu beginnen.<\/p>","protected":false},"excerpt":{"rendered":"<p>Diskutieren Sie \u00fcber ein Projekt Rotator Test- und Qualifizierungszentrum Wir bieten ein umfassendes Angebot an Produkttests aus einer Hand, um Ihre vielf\u00e4ltigen Projektanforderungen zu erf\u00fcllen. Unsere hochmoderne Anlage in Kristiansand, Norwegen, ist eine vollst\u00e4ndig integrierte Einrichtung, die sicherstellt, dass unsere Produkte Ihre strengen Anforderungen erf\u00fcllen. One-Stop-Shop Vielf\u00e4ltige Pr\u00fcf-, Qualifizierungs- und Dokumentationsm\u00f6glichkeiten an einem einzigen Standort. Testunterst\u00fctzung Re-Engineering-Unterst\u00fctzung, ... <a title=\"Test- und Qualifizierungszentrum f\u00fcr Rotatoren\" class=\"read-more\" href=\"https:\/\/www.oceaneering.com\/de\/rotator-technologies\/rotator-test-and-qualification-center\/\" aria-label=\"Mehr Informationen \u00fcber das Rotator Test and Qualification Center\">Weiterlesen ...<\/a><\/p>","protected":false},"author":20,"featured_media":0,"parent":1550,"menu_order":2,"comment_status":"closed","ping_status":"closed","template":"","meta":{"_acf_changed":false,"footnotes":"","_links_to":"","_links_to_target":""},"product_category":[1495],"search_tags":[1806,1807],"class_list":["post-1703","page","type-page","status-publish","product_category-valves-rotator-technologies","search_tags-rotator-technologies","search_tags-subsea-valves"],"acf":[],"aioseo_notices":[],"_links":{"self":[{"href":"https:\/\/www.oceaneering.com\/de\/wp-json\/wp\/v2\/pages\/1703","targetHints":{"allow":["GET"]}}],"collection":[{"href":"https:\/\/www.oceaneering.com\/de\/wp-json\/wp\/v2\/pages"}],"about":[{"href":"https:\/\/www.oceaneering.com\/de\/wp-json\/wp\/v2\/types\/page"}],"author":[{"embeddable":true,"href":"https:\/\/www.oceaneering.com\/de\/wp-json\/wp\/v2\/users\/20"}],"replies":[{"embeddable":true,"href":"https:\/\/www.oceaneering.com\/de\/wp-json\/wp\/v2\/comments?post=1703"}],"version-history":[{"count":0,"href":"https:\/\/www.oceaneering.com\/de\/wp-json\/wp\/v2\/pages\/1703\/revisions"}],"up":[{"embeddable":true,"href":"https:\/\/www.oceaneering.com\/de\/wp-json\/wp\/v2\/pages\/1550"}],"wp:attachment":[{"href":"https:\/\/www.oceaneering.com\/de\/wp-json\/wp\/v2\/media?parent=1703"}],"wp:term":[{"taxonomy":"product_category","embeddable":true,"href":"https:\/\/www.oceaneering.com\/de\/wp-json\/wp\/v2\/product_category?post=1703"},{"taxonomy":"search_tags","embeddable":true,"href":"https:\/\/www.oceaneering.com\/de\/wp-json\/wp\/v2\/search_tags?post=1703"}],"curies":[{"name":"wp","href":"https:\/\/api.w.org\/{rel}","templated":true}]}}