{"id":1698,"date":"2023-10-02T12:44:25","date_gmt":"2023-10-02T16:44:25","guid":{"rendered":"https:\/\/oceaneering.com\/?page_id=1698"},"modified":"2024-09-11T04:13:32","modified_gmt":"2024-09-11T09:13:32","slug":"rotary-control-valves","status":"publish","type":"page","link":"https:\/\/www.oceaneering.com\/de\/rotator-technologies\/rotary-control-valves\/","title":{"rendered":"Rotierende Regelventile (RCV)"},"content":{"rendered":"<a href=\"https:\/\/www.oceaneering.com\/de\/rotator-technologies\/#contact\" target=\"_self\" rel=\"noopener\">\n\t\t\t\t\t\t\tEin Projekt besprechen\n\t\t\t\t\t<\/a>\n<h1>\n\t\tRotierende Regelventile (RCV)\n\t<\/h1>\n\t<p>Unsere leckagefreien Hochdruck-RCVs meistern Ihre h\u00e4rtesten Herausforderungen von oben bis unter Wasser.<\/p>\n\t\t\t<a href=\"https:\/\/oceaneering.canto.com\/download\/document\/coakr817pl47tcvhd19dthg15n\/original.pdf\" target=\"_blank\" rel=\"noopener\">\n\t\t\t\t\t\t\tDrehbare Steuerventile\n\t\t\t<\/a>\n\n\t\tUnser Angebot an Ober- und Unterwasser-RCVs eignet sich f\u00fcr raue Umgebungen und den Einsatz bei Dr\u00fccken bis zu 690 bar (10.000 psi). Mit hoher Druckf\u00e4higkeit und leckagefreier Leistung ist unser Portfolio so konzipiert und hergestellt, dass es Ihre Anforderungen mit einer Reihe von Bet\u00e4tigungs- und Durchflussoptionen erf\u00fcllt.\n\t\n\t\t\t<img decoding=\"async\" src=\"https:\/\/oceaneering.com\/wp-content\/uploads\/2023\/11\/RCV-video-overlay.jpeg\" title=\"RCV-Video-Overlay\" alt=\"\" \/>\t\t\t\t\t\t\t\n\t\t\t\t\tVideo abspielen\n<h2>\n\t\tMetall-auf-Metall-Dichtungstechnologie\n\t<\/h2>\n\t<p>Der eigentliche Vorteil unserer RCVs ist das bew\u00e4hrte Metall-Metall-Dichtungsprinzip, das auch in unseren <a href=\"https:\/\/www.oceaneering.com\/de\/rotator-technologies\/hydraulic-directional-control-valves\/\">hydraulisches Wegeventil<\/a> Produktlinie.<\/p>\n\t<ul>\n\t\t\t\t\t<li>\n\t\t\t\tKonzipiert f\u00fcr den Einsatz in den meisten Hydraulikkreisen und kompatibel mit den meisten Hydraulikfl\u00fcssigkeiten\n\t\t\t<\/li>\n\t\t\t\t\t<li>\n\t\t\t\tVernachl\u00e4ssigbare interne Leckage im Vergleich zu herk\u00f6mmlichen Ventilen\n\t\t\t<\/li>\n\t\t\t\t\t<li>\n\t\t\t\tMaterialoptionen f\u00fcr interne Komponenten\n\t\t\t<\/li>\n\t\t\t\t\t<li>\n\t\t\t\tHohe Verschlei\u00dffestigkeit\n\t\t\t<\/li>\n\t\t\t\t\t<li>\n\t\t\t\tNutzungsdauer von mindestens 30 Jahren\n\t\t\t<\/li>\n\t\t\t<\/ul>\n<h2>\n\t\tRCV-Bildergalerie\n\t<\/h2>\n\t\t\t\t\t\t\t<a href=\"https:\/\/oceaneering.com\/wp-content\/uploads\/2023\/11\/200526_RCV_Render_01-1.jpeg\" data-fancybox=\"photo-carousel-\">\n\t\t\t\t\t\t\t\t\t\t\t\t\t\t\t\t\t<img decoding=\"async\" src=\"https:\/\/oceaneering.com\/wp-content\/uploads\/2023\/11\/200526_RCV_Render_01-1.jpeg\" alt=\"\"\/>\n\t\t\t\t\t\t\t\t\t\t\t\t\t\t\t<\/a>\n\t\t\t\t\t\t\t<a href=\"https:\/\/oceaneering.com\/wp-content\/uploads\/2023\/11\/200526_RCV_Render_02-1-1.jpeg\" data-fancybox=\"photo-carousel-\">\n\t\t\t\t\t\t\t\t\t\t\t\t\t\t\t\t\t<img decoding=\"async\" src=\"https:\/\/oceaneering.com\/wp-content\/uploads\/2023\/11\/200526_RCV_Render_02-1-1.jpeg\" alt=\"\"\/>\n\t\t\t\t\t\t\t\t\t\t\t\t\t\t\t<\/a>\n\t\t\t\t\t\t\t<a href=\"https:\/\/oceaneering.com\/wp-content\/uploads\/2023\/11\/200526_RCV_Render_03_Optional-1.jpeg\" data-fancybox=\"photo-carousel-\">\n\t\t\t\t\t\t\t\t\t\t\t\t\t\t\t\t\t<img decoding=\"async\" src=\"https:\/\/oceaneering.com\/wp-content\/uploads\/2023\/11\/200526_RCV_Render_03_Optional-1.jpeg\" alt=\"\"\/>\n\t\t\t\t\t\t\t\t\t\t\t\t\t\t\t<\/a>\n\t\t\t\t\t\t\t<a href=\"https:\/\/oceaneering.com\/wp-content\/uploads\/2023\/11\/200526_RCV_Render_03-1-1.jpeg\" data-fancybox=\"photo-carousel-\">\n\t\t\t\t\t\t\t\t\t\t\t\t\t\t\t\t\t<img decoding=\"async\" src=\"https:\/\/oceaneering.com\/wp-content\/uploads\/2023\/11\/200526_RCV_Render_03-1-1.jpeg\" alt=\"\"\/>\n\t\t\t\t\t\t\t\t\t\t\t\t\t\t\t<\/a>\n\t\t\t\t\t\t\t<a href=\"https:\/\/oceaneering.com\/wp-content\/uploads\/2023\/11\/200522_RCV_Render_04-1-1.jpeg\" data-fancybox=\"photo-carousel-\">\n\t\t\t\t\t\t\t\t\t\t\t\t\t\t\t\t\t<img decoding=\"async\" src=\"https:\/\/oceaneering.com\/wp-content\/uploads\/2023\/11\/200522_RCV_Render_04-1-1.jpeg\" alt=\"\"\/>\n\t\t\t\t\t\t\t\t\t\t\t\t\t\t\t<\/a>\n\t\t\t<button>\n\t\t\t\tVorherige\n\t\t\t<\/button>\n\t\t\t<button>\n\t\t\t\tWeiter\n\t\t\t<\/button>\n<h1>\n\t\tKontakt\n\t<\/h1>\n<h2>\n\t\tUnser Expertenteam ist bereit, Ihnen den Einstieg zu erleichtern.\n\t<\/h2>\n\t<p>Oceaneering bietet erstklassige Produkte und L\u00f6sungen, die sich durch unvergleichliche Qualit\u00e4t, Zuverl\u00e4ssigkeit und globalen Support auszeichnen. F\u00fcllen Sie das Anfrageformular aus, um noch heute ein Gespr\u00e4ch zu beginnen.<\/p>","protected":false},"excerpt":{"rendered":"<p>Projekt besprechen Rotary Control Valves (RCV) Unsere leckagefreien Hochdruck-RCVs meistern Ihre h\u00e4rtesten Herausforderungen von der Ober- bis zur Unterwasserwelt. Rotary Control Valves Unser Angebot an RCVs f\u00fcr den Ober- und Unterwasserbereich eignet sich f\u00fcr raue Umgebungen und den Einsatz bei Dr\u00fccken bis zu 690 bar (10.000 psi). Mit hoher Druckfestigkeit und leckagefreier Leistung ist unser Portfolio ... <a title=\"Rotierende Regelventile (RCV)\" class=\"read-more\" href=\"https:\/\/www.oceaneering.com\/de\/rotator-technologies\/rotary-control-valves\/\" aria-label=\"Mehr Informationen \u00fcber Rotary Control Valves (RCV)\">Weiterlesen ...<\/a><\/p>","protected":false},"author":20,"featured_media":0,"parent":1550,"menu_order":2,"comment_status":"closed","ping_status":"closed","template":"","meta":{"_acf_changed":false,"footnotes":"","_links_to":"","_links_to_target":""},"product_category":[1495],"search_tags":[1525,1806],"class_list":["post-1698","page","type-page","status-publish","product_category-valves-rotator-technologies","search_tags-rotator","search_tags-rotator-technologies"],"acf":[],"aioseo_notices":[],"_links":{"self":[{"href":"https:\/\/www.oceaneering.com\/de\/wp-json\/wp\/v2\/pages\/1698","targetHints":{"allow":["GET"]}}],"collection":[{"href":"https:\/\/www.oceaneering.com\/de\/wp-json\/wp\/v2\/pages"}],"about":[{"href":"https:\/\/www.oceaneering.com\/de\/wp-json\/wp\/v2\/types\/page"}],"author":[{"embeddable":true,"href":"https:\/\/www.oceaneering.com\/de\/wp-json\/wp\/v2\/users\/20"}],"replies":[{"embeddable":true,"href":"https:\/\/www.oceaneering.com\/de\/wp-json\/wp\/v2\/comments?post=1698"}],"version-history":[{"count":0,"href":"https:\/\/www.oceaneering.com\/de\/wp-json\/wp\/v2\/pages\/1698\/revisions"}],"up":[{"embeddable":true,"href":"https:\/\/www.oceaneering.com\/de\/wp-json\/wp\/v2\/pages\/1550"}],"wp:attachment":[{"href":"https:\/\/www.oceaneering.com\/de\/wp-json\/wp\/v2\/media?parent=1698"}],"wp:term":[{"taxonomy":"product_category","embeddable":true,"href":"https:\/\/www.oceaneering.com\/de\/wp-json\/wp\/v2\/product_category?post=1698"},{"taxonomy":"search_tags","embeddable":true,"href":"https:\/\/www.oceaneering.com\/de\/wp-json\/wp\/v2\/search_tags?post=1698"}],"curies":[{"name":"wp","href":"https:\/\/api.w.org\/{rel}","templated":true}]}}