{"id":1694,"date":"2023-10-02T12:20:11","date_gmt":"2023-10-02T16:20:11","guid":{"rendered":"https:\/\/oceaneering.com\/?page_id=1694"},"modified":"2024-09-11T04:13:00","modified_gmt":"2024-09-11T09:13:00","slug":"hydraulic-directional-control-valves","status":"publish","type":"page","link":"https:\/\/www.oceaneering.com\/de\/rotator-technologies\/hydraulic-directional-control-valves\/","title":{"rendered":"Hydraulische Wegeventile (HCV)"},"content":{"rendered":"<a href=\"https:\/\/www.oceaneering.com\/de\/rotator-technologies\/#contact\" target=\"_self\" rel=\"noopener\">\n\t\t\t\t\t\t\tEin Projekt besprechen\n\t\t\t\t\t<\/a>\n<h1>\n\t\tHydraulisches Wegeventil (HCV)\n\t<\/h1>\n\t<p>Unsere HCVs steuern kritische Funktionen in 40 Prozent der weltweiten Unterwasserbohrungen.<\/p>\n\n\t\tHCVs steuern kritische Unterwasser-XMT- (XMT) und Bohrlochzugangsfunktionen innerhalb von Unterwasserverteilern und Kontrollsystemen.\n\t\n\t\t\t<img decoding=\"async\" src=\"https:\/\/oceaneering.com\/wp-content\/uploads\/2023\/11\/Minipod-4-HCV.jpeg\" title=\"Minipod-4-HCV\" alt=\"\" \/>\t\t\t\t\t\t\t\n\t\t\t\t\tVideo abspielen\n\t\t\t\t<img decoding=\"async\" src=\"https:\/\/oceaneering.com\/wp-content\/uploads\/2023\/11\/200409_Hydraulic-Control-Valves_shot_5-120x365-1.png\" alt=\"200409_Hydraulic-Control-Valves_shot_5-120x365\" itemprop=\"image\" title=\"200409_Hydraulic-Control-Valves_shot_5-120x365\" onerror=\"this.style.display='none'\"  \/>\n<h2>\n\t\tZuverl\u00e4ssige L\u00f6sungen liefern\n\t<\/h2>\n\t<p>Unsere HCVs eignen sich f\u00fcr den Einsatz in rauen Unterwasserumgebungen und sind f\u00fcr Druckanforderungen von bis zu 1380 bar (20.000 psi) und Arbeitstiefen von 4000 m (13.120 ft) ausgelegt. Unser Metall-auf-Metall-Design verbessert die Leistung, Zuverl\u00e4ssigkeit und Robustheit.<\/p>\n\t<ul>\n\t\t\t\t\t<li>\n\t\t\t\tHohe Druckstufen\n\t\t\t<\/li>\n\t\t\t\t\t<li>\n\t\t\t\tRobuste und kontaminationsresistente Konstruktion\n\t\t\t<\/li>\n\t\t\t\t\t<li>\n\t\t\t\tBet\u00e4tigung der Hauptstufe \u00fcber elektro-hydraulische Vorsteuerung oder Direkthydraulik\n\t\t\t<\/li>\n\t\t\t\t\t<li>\n\t\t\t\tMagnetisch oder direkt hydraulisch bet\u00e4tigt\n\t\t\t<\/li>\n\t\t\t\t\t<li>\n\t\t\t\tZertifiziert f\u00fcr den Einsatz in SIL-Systemen (Safety Integrity Level)\n\t\t\t<\/li>\n\t\t\t\t\t<li>\n\t\t\t\tUmfangreiche Produktlinie f\u00fcr zahlreiche Unterwasseranwendungen\n\t\t\t<\/li>\n\t\t\t<\/ul>\n<h2>\n\t\tHCVs f\u00fcr jede Anwendung\n\t<\/h2>\n\n\t\tGanz gleich, welche Anforderungen Sie haben, es gibt ein HCV, das zu Ihrem Projekt passt. Unser Produktportfolio umfasst 900 HCV-Typen. Zu unseren g\u00e4ngigsten Serientypen geh\u00f6ren:\n\t\n\t<h5>Baureihe HCV 15<\/h5>\n<ul>\n<li>Unser beliebtestes HCV<\/li>\n<li>Bis zu 1380 bar (20.000 psi) und einer Tiefe von 4000 m (13.120 ft)<\/li>\n<\/ul>\n<h5>Baureihe HCV 16<\/h5>\n<ul>\n<li>F\u00fcr kritische Anwendungen mit hohem Durchfluss<\/li>\n<li>Bis zu 345 bar (5.000 psi) und einer Tiefe von 4000 m (13.120 ft)<\/li>\n<\/ul>\n<h5>Baureihe HCV 18<\/h5>\n<ul>\n<li>Kompaktes Design mit Option f\u00fcr Drucktransmitter<\/li>\n<li>Bis zu 1380 bar (20.000 psi) und einer Tiefe von 4000 m (13.120 ft)<\/li>\n<\/ul>\n\t<h5>HCV-Wechselventil<\/h5>\n<ul>\n<li>W\u00e4hlt automatisch zwischen zwei hydraulischen Versorgungsleitungen<\/li>\n<li>Bis zu 690 bar (10.000 psi) und einer Tiefe von 4000 m (13.120 ft)<\/li>\n<\/ul>\n<h5>HCV Umschaltventil<\/h5>\n<ul>\n<li>Erm\u00f6glicht dem Benutzer die Auswahl zwischen zwei hydraulischen Versorgungsleitungen<\/li>\n<li>Bis zu 1380 bar (20.000 psi) und einer Tiefe von 4000 m (13.120 ft)<\/li>\n<\/ul>\n<h5>Hochdruckventil an der Oberseite<\/h5>\n<ul>\n<li>Ein komplettes Sortiment an Oberseitenventilen<\/li>\n<\/ul>\n<h2>\n\t\tMiniPod Unterwasser-Steuereinheit\n\t<\/h2>\n\n\t\tHinzuf\u00fcgen zus\u00e4tzlicher Steuerleitungen zu Ihrem System\n\t\n\n\t\tDie MiniPod Unterwasser-Steuereinheit kombiniert hochwertige hydraulische Steuerventile mit der Schnittstelle der g\u00e4ngigsten elektrischen Unterwasseranschl\u00fcsse.\n\t\n\t<ul>\n\t\t\t\t\t<li>\n\t\t\t\tDruckkompensierte, silikongef\u00fcllte Geh\u00e4use f\u00fcr Tiefen von bis zu 3000 m (9.850 ft)\n\t\t\t<\/li>\n\t\t\t\t\t<li>\n\t\t\t\tFeste oder abrufbare L\u00f6sungen\n\t\t\t<\/li>\n\t\t\t\t\t<li>\n\t\t\t\tGeh\u00e4use f\u00fcr elektrische Steckverbinder und HCVs\n\t\t\t<\/li>\n\t\t\t<\/ul>\n\t\t\t\t<img decoding=\"async\" src=\"https:\/\/oceaneering.com\/wp-content\/uploads\/2023\/11\/200409_Hydraulic-Control-Valves_shot_15.png\" alt=\"200409_Hydraulic-Control-Valves_shot_15\" itemprop=\"image\" title=\"200409_Hydraulic-Control-Valves_shot_15\" onerror=\"this.style.display='none'\"  \/>\n<h3>\n\t\tBrosch\u00fcren\n\t<\/h3>\n\t\t\t<a href=\"https:\/\/oceaneering.canto.com\/download\/document\/h2tf4p2ajd60teqobg5ls0f95j\/original.pdf\" target=\"_blank\" rel=\"noopener\">\n\t\t\t\t\t\t\tHydraulisches Wegeventil (Serie 15 - HCV 151.11.50.00-3.2)\n\t\t\t\t\t<\/a>\n\t\t\t<a href=\"https:\/\/oceaneering.canto.com\/download\/document\/a0a6l0tfv92kramj18i7i4b573\/original.pdf\" target=\"_blank\" rel=\"noopener\">\n\t\t\t\t\t\t\tHydraulisches Wegeventil (Serie 15 - HCV 151.11.51.00-3.2)\n\t\t\t\t\t<\/a>\n\t\t\t<a href=\"https:\/\/oceaneering.canto.com\/download\/document\/sa876fdojp1ibb2lmn8daccg7t\/original.pdf\" target=\"_blank\" rel=\"noopener\">\n\t\t\t\t\t\t\tMiniPod Unterwasser-Steuereinheit\n\t\t\t\t\t<\/a>\n<h1>\n\t\tKontakt\n\t<\/h1>\n<h2>\n\t\tUnser Expertenteam ist bereit, Ihnen den Einstieg zu erleichtern.\n\t<\/h2>\n\t<p>Oceaneering bietet erstklassige Produkte und L\u00f6sungen, die sich durch unvergleichliche Qualit\u00e4t, Zuverl\u00e4ssigkeit und globalen Support auszeichnen. F\u00fcllen Sie das Anfrageformular aus, um noch heute ein Gespr\u00e4ch zu beginnen.<\/p>","protected":false},"excerpt":{"rendered":"<p>Diskutieren Sie ein Projekt Hydraulisches Wegeventil (HCV) Unsere HCVs steuern kritische Funktionen in 40 Prozent der weltweiten Unterwasserbohrungen. HCVs steuern kritische Unterwasser-XMT- (XMT) und Bohrlochzugangswerkzeugfunktionen innerhalb von Unterwasserverteilern und Steuersystemen. Video abspielen Zuverl\u00e4ssige L\u00f6sungen liefern Unsere HCVs sind f\u00fcr den Einsatz in rauen Unterwasserumgebungen geeignet und ... <a title=\"Hydraulische Wegeventile (HCV)\" class=\"read-more\" href=\"https:\/\/www.oceaneering.com\/de\/rotator-technologies\/hydraulic-directional-control-valves\/\" aria-label=\"Mehr Informationen \u00fcber hydraulische Wegeventile (HCV)\">Weiterlesen ...<\/a><\/p>","protected":false},"author":20,"featured_media":0,"parent":1550,"menu_order":2,"comment_status":"closed","ping_status":"closed","template":"","meta":{"_acf_changed":false,"footnotes":"","_links_to":"","_links_to_target":""},"product_category":[1495],"search_tags":[1525,1806],"class_list":["post-1694","page","type-page","status-publish","product_category-valves-rotator-technologies","search_tags-rotator","search_tags-rotator-technologies"],"acf":[],"aioseo_notices":[],"_links":{"self":[{"href":"https:\/\/www.oceaneering.com\/de\/wp-json\/wp\/v2\/pages\/1694","targetHints":{"allow":["GET"]}}],"collection":[{"href":"https:\/\/www.oceaneering.com\/de\/wp-json\/wp\/v2\/pages"}],"about":[{"href":"https:\/\/www.oceaneering.com\/de\/wp-json\/wp\/v2\/types\/page"}],"author":[{"embeddable":true,"href":"https:\/\/www.oceaneering.com\/de\/wp-json\/wp\/v2\/users\/20"}],"replies":[{"embeddable":true,"href":"https:\/\/www.oceaneering.com\/de\/wp-json\/wp\/v2\/comments?post=1694"}],"version-history":[{"count":0,"href":"https:\/\/www.oceaneering.com\/de\/wp-json\/wp\/v2\/pages\/1694\/revisions"}],"up":[{"embeddable":true,"href":"https:\/\/www.oceaneering.com\/de\/wp-json\/wp\/v2\/pages\/1550"}],"wp:attachment":[{"href":"https:\/\/www.oceaneering.com\/de\/wp-json\/wp\/v2\/media?parent=1694"}],"wp:term":[{"taxonomy":"product_category","embeddable":true,"href":"https:\/\/www.oceaneering.com\/de\/wp-json\/wp\/v2\/product_category?post=1694"},{"taxonomy":"search_tags","embeddable":true,"href":"https:\/\/www.oceaneering.com\/de\/wp-json\/wp\/v2\/search_tags?post=1694"}],"curies":[{"name":"wp","href":"https:\/\/api.w.org\/{rel}","templated":true}]}}