{"id":1688,"date":"2023-10-02T11:46:06","date_gmt":"2023-10-02T15:46:06","guid":{"rendered":"https:\/\/oceaneering.com\/?page_id=1688"},"modified":"2024-09-11T04:10:02","modified_gmt":"2024-09-11T09:10:02","slug":"chemical-throttle-valves","status":"publish","type":"page","link":"https:\/\/www.oceaneering.com\/de\/rotator-technologies\/chemical-throttle-valves\/","title":{"rendered":"Chemische Drosselventile (CTV)"},"content":{"rendered":"<a href=\"https:\/\/www.oceaneering.com\/de\/rotator-technologies\/#contact\" target=\"_self\" rel=\"noopener\">\n\t\t\t\t\t\t\tEin Projekt besprechen\n\t\t\t\t\t<\/a>\n<h1>\n\t\tChemisches Drosselventil (CTV)\n\t<\/h1>\n\t<p>Unsere CTVs werden auf Unterwasser-B\u00e4umen und -Verteilern installiert, um eine kontinuierliche, pr\u00e4zise Unterwassereinspritzung von Chemikalien in Ihre Produktionssysteme zu gew\u00e4hrleisten.<\/p>\n\n\t\tCTVs machen die Injektion auf der Oberseite und spezielle Versorgungskabel \u00fcberfl\u00fcssig und erm\u00f6glichen die Entwicklung und den Einsatz von vereinfachten und effizienteren Versorgungskabeln. Wir liefern eine vollst\u00e4ndige Produktlinie, die sowohl ferngesteuert als auch von einem ROV abgerufen werden kann, um alle Anforderungen an die chemische Injektion unter Wasser zu erf\u00fcllen. Seit 1995 bieten wir dem Markt ein \u00fcberlegenes, selbstreinigendes und verstopfungsresistentes Design.\n\t\n\t\t\t\t<img decoding=\"async\" src=\"https:\/\/oceaneering.com\/wp-content\/uploads\/2023\/11\/Lightest-CTV-landscape.jpeg\" alt=\"Lightest-CTV-landscape\" itemprop=\"image\" title=\"Leichteste-CTV-Landschaft\" onerror=\"this.style.display='none'\"  \/>\n<h3>\n\t\tDas Kleinste und Leichteste\n\t<\/h3>\n\t\t\t\t<img decoding=\"async\" src=\"https:\/\/oceaneering.com\/wp-content\/uploads\/2023\/11\/Contamination-Tolerant-landscape-landscape.jpeg\" alt=\"Contamination-Tolerant-landscape-landscape\" itemprop=\"image\" title=\"Kontaminations-Toleranz-Landschaft-Landschaft\" onerror=\"this.style.display='none'\"  \/>\n<h3>\n\t\tVerschmutzungstolerant\n\t<\/h3>\n\t\t\t\t<img decoding=\"async\" src=\"https:\/\/oceaneering.com\/wp-content\/uploads\/2023\/11\/Versatile-Installation-landscape-landscape.jpeg\" alt=\"Versatile-Installation-landscape-landscape\" itemprop=\"image\" title=\"Vielseitige-Installation-Landschaft-Landschaft\" onerror=\"this.style.display='none'\"  \/>\n<h3>\n\t\tHorizontaler und vertikaler Einbau\n\t<\/h3>\n\t\t\t\t<img decoding=\"async\" src=\"https:\/\/oceaneering.com\/wp-content\/uploads\/2023\/11\/Tested-landscape-landscape.jpeg\" alt=\"Tested-landscape-landscape\" itemprop=\"image\" title=\"Gepr\u00fcfte-Landschaft-Landschaft\" onerror=\"this.style.display='none'\"  \/>\n<h3>\n\t\t30 Jahre Nutzungsdauer\n\t<\/h3>\n<h2>\n\t\tCTV Video-Galerie\n\t<\/h2>\n\t\t\t\t\t\t\t<a href=\"https:\/\/oceaneering.canto.com\/direct\/video\/a744jt74a93rd40j7k7oef3u63\/LXVO-saQtQMnCDYUxNwbGqBTp-Q\/original?content-type=video%2Fmp4&#038;name=CTV-Ultra+Flow.mp4\" data-fancybox=\"video-carousel-\">\n\t\t\t\t\t\t\t\t<img decoding=\"async\" src=\"https:\/\/oceaneering.com\/wp-content\/uploads\/2023\/11\/CTV-Ultra-Flow.jpeg\" alt=\"\"\/>\n\t\t\t\t\t\t\t\t\tVideo abspielen\n\t\t\t\t\t\t\t<\/a>\n\t\t\t\t\t\t\t<a href=\"https:\/\/oceaneering.canto.com\/direct\/video\/sfcsn82o394fj1llr2057o4c29\/Jb512SduPckfCGJfaDEQHcvTiIU\/original?content-type=video%2Fmp4&#038;name=CTV-LF_720p.mp4\" data-fancybox=\"video-carousel-\">\n\t\t\t\t\t\t\t\t<img decoding=\"async\" src=\"https:\/\/oceaneering.com\/wp-content\/uploads\/2023\/11\/200424_CTV-LF-Subsea-Shot_2.jpeg\" alt=\"\"\/>\n\t\t\t\t\t\t\t\t\tVideo abspielen\n\t\t\t\t\t\t\t<\/a>\n\t\t\t\t\t\t\t<a href=\"https:\/\/oceaneering.canto.com\/direct\/video\/tnvb17r2j96pf171c3bd34pm2b\/iKr8GmZ_-1BizCMsTEQTTwGfgLc\/original?content-type=video%2Fmp4&#038;name=CTV-Torque_Tool_TorKey.mp4\" data-fancybox=\"video-carousel-\">\n\t\t\t\t\t\t\t\t<img decoding=\"async\" src=\"https:\/\/oceaneering.com\/wp-content\/uploads\/2023\/11\/19LW023.jpeg\" alt=\"\"\/>\n\t\t\t\t\t\t\t\t\tVideo abspielen\n\t\t\t\t\t\t\t<\/a>\n\t\t\t<button>\n\t\t\t\tVorherige\n\t\t\t<\/button>\n\t\t\t<button>\n\t\t\t\tWeiter\n\t\t\t<\/button>\n<h2>\n\t\tOrientierung Unabh\u00e4ngiger Entwurf\n\t<\/h2>\n\n\t\tGeeignet f\u00fcr horizontale und vertikale Installationen\n\t\n\t\t\t\t<img decoding=\"async\" src=\"https:\/\/oceaneering.com\/wp-content\/uploads\/2023\/11\/200421_CTV-LF-PPT-Shot_5-700x394-1.png\" alt=\"200421_CTV-LF-PPT-Shot_5-700x394\" itemprop=\"image\" title=\"200421_CTV-LF-PPT-Shot_5-700x394\" onerror=\"this.style.display='none'\"  \/>\n\t<p>CTV-LF-15K<\/p>\n\t\t\t\t<img decoding=\"async\" src=\"https:\/\/oceaneering.com\/wp-content\/uploads\/2023\/11\/200421_CTV-LF-PPT-Shot_4-700x394-1.png\" alt=\"200421_CTV-LF-PPT-Shot_4-700x394\" itemprop=\"image\" title=\"200421_CTV-LF-PPT-Shot_4-700x394\" onerror=\"this.style.display='none'\"  \/>\n\t<p>RCH-LF-15K<\/p>\n\t\t\t\t<img decoding=\"async\" src=\"https:\/\/oceaneering.com\/wp-content\/uploads\/2023\/11\/200421_CTV-LF-PPT-Shot_3-700x394-1.png\" alt=\"200421_CTV-LF-PPT-Shot_3-700x394\" itemprop=\"image\" title=\"200421_CTV-LF-PPT-Shot_3-700x394\" onerror=\"this.style.display='none'\"  \/>\n\t<p>Steckdose mit installiertem CTV-LF-15K<\/p>\n\t\t\t\t<img decoding=\"async\" src=\"https:\/\/oceaneering.com\/wp-content\/uploads\/2023\/11\/200421_CTV-LF-PPT-Shot_11-700x394-1.png\" alt=\"200421_CTV-LF-PPT-Shot_11-700x394\" itemprop=\"image\" title=\"200421_CTV-LF-PPT-Shot_11-700x394\" onerror=\"this.style.display='none'\"  \/>\n\t<p>RCH-LF-15K (Vorderansicht)<\/p>\n\t\t\t\t<img decoding=\"async\" src=\"https:\/\/oceaneering.com\/wp-content\/uploads\/2023\/11\/200421_CTV-LF-PPT-Shot_10-700x394-1.png\" alt=\"200421_CTV-LF-PPT-Shot_10-700x394\" itemprop=\"image\" title=\"200421_CTV-LF-PPT-Shot_10-700x394\" onerror=\"this.style.display='none'\"  \/>\n\t<p>RCH-LF-15K (R\u00fcckansicht)<\/p>\n\t\t\t\t<img decoding=\"async\" src=\"https:\/\/oceaneering.com\/wp-content\/uploads\/2023\/11\/200421_CTV-LF-PPT-Shot_9-700x394-1.png\" alt=\"200421_CTV-LF-PPT-Shot_9-700x394\" itemprop=\"image\" title=\"200421_CTV-LF-PPT-Shot_9-700x394\" onerror=\"this.style.display='none'\"  \/>\n\t<p>Steckdose mit installiertem CTV-LF-15K (Vorderansicht)<\/p>\n<h2>\n\t\tEntwickelt f\u00fcr raue Umgebungen\n\t<\/h2>\n\n\t\tUnsere CTVs sind f\u00fcr den Einsatz in rauen Unterwasserumgebungen konzipiert. Sie sind f\u00fcr Druckanforderungen von bis zu 1035 bar (15.000 psi) und Arbeitstiefen von bis zu 4000 m (13.123 ft) ausgelegt.\n\t\n\t\t\t<img decoding=\"async\" src=\"https:\/\/www.oceaneering.com\/wp-content\/uploads\/2024\/02\/201016_CTV-LF-SHOT-1-e1602848221605.png\" alt=\"\"\/>\n\t\t\t\t\t\t\t\t\t\tSchwei\u00dfnahtloser D-Griff\n\t\t\t\t\t\t\t\t\t\t\t\t\t\t<h6><strong>Schwei\u00dfnahtloser D-Griff<\/strong><\/h6>\t\t\t\t\t\t\t\t\t\t\t\t\t\n\t\t\t\t\t\t\t\t\t\tElektronischer Controller\n\t\t\t\t\t\t\t\t\t\t\t\t\t\t<h6><strong>Elektronischer Controller<\/strong><\/h6>\t\t\t\t\t\t\t\t\t\t\t\t\t\n\t\t\t\t\t\t\t\t\t\tFlow Trim\n\t\t\t\t\t\t\t\t\t\t\t\t\t\t<h6><strong>Flow Trim<\/strong><\/h6>\t\t\t\t\t\t\t\t\t\t\t\t\t\n\t\t\t\t\t\t\t\t\t\tElektrischer Anschluss\n\t\t\t\t\t\t\t\t\t\t\t\t\t\t<h6><strong>Elektrischer Anschluss<\/strong><\/h6>\t\t\t\t\t\t\t\t\t\t\t\t\t\n\t\t\t\t\t\t\t\t\t\tHydraulische Kupplungen\n\t\t\t\t\t\t\t\t\t\t\t\t\t\t<h6><strong>Hydraulische Kupplungen<\/strong><\/h6>\t\t\t\t\t\t\t\t\t\t\t\t\t\n\t\t\t\t\t\t\t\t\t\tAntriebsstrang\n\t\t\t\t\t\t\t\t\t\t\t\t\t\t<h6><strong>Antriebsstrang<\/strong><\/h6>\t\t\t\t\t\t\t\t\t\t\t\t\t\n\t\t\t\t\t\t\t\t\t\tKompensatorschlauch\n\t\t\t\t\t\t\t\t\t\t\t\t\t\t<h6><strong>Kompensatorschlauch<\/strong><\/h6>\t\t\t\t\t\t\t\t\t\t\t\t\t\n\t\t\t\t\t\t\t\t\t\tDrucksensoren\n\t\t\t\t\t\t\t\t\t\t\t\t\t\t<h6><strong>Drucksensor<\/strong><\/h6>\t\t\t\t\t\t\t\t\t\t\t\t\t\n\t\t\t\t\t\t\t\t\t\tVerriegelungsmechanismus\n\t\t\t\t\t\t\t\t\t\t\t\t\t\t<h6><strong>Verriegelungsmechanismus<\/strong><\/h6>\t\t\t\t\t\t\t\t\t\t\t\t\t\n<h2>\n\t\tSelbstreinigendes, filterfreies Design\n\t<\/h2>\n\n\t\tUnser CTV ist die einzige Konstruktion der Branche, die eine Vollsp\u00fclposition mit einem integrierten mechanischen Abstreifer kombiniert. Dieses Merkmal sorgt f\u00fcr eine \u00fcberragende Verschmutzungstoleranz und liefert eine un\u00fcbertroffene, genaue und langfristige Leistung, ohne dass Unterwasserfilter erforderlich sind.\n\t\n\t\t\t\t<img decoding=\"async\" src=\"https:\/\/oceaneering.com\/wp-content\/uploads\/2023\/11\/200227_GIF-M-Scrapper-Fluid.gif\" alt=\"200227_GIF-M-Scrapper-Fluid\" itemprop=\"image\" title=\"200227_GIF-M-Scrapper-Fluid\" onerror=\"this.style.display='none'\"  \/>\n\t\t\t\t<img decoding=\"async\" src=\"https:\/\/oceaneering.com\/wp-content\/uploads\/2023\/11\/200421_CTV-LF-PPT-Shot_7-e1603106078530.png\" alt=\"200421_CTV-LF-PPT-Shot_7-e1603106078530\" itemprop=\"image\" title=\"200421_CTV-LF-PPT-Shot_7-e1603106078530\" onerror=\"this.style.display='none'\"  \/>\n<h2>\n\t\tProdukte und Durchflussbereiche\n\t<\/h2>\n\t\t\t<h3>CTV Niedrigdurchfluss (CTV-LF-15K)<\/h3>\t\t\t\n\t\t\t\t<p>Durchflussbereich: 0,038 bis 2.282 gal\/Tag (0,001 bis 6 l\/min). Erh\u00e4ltlich in Varianten, die f\u00fcr bestimmte Teile des Durchflussbereichs optimiert sind.<\/p>\n\t\t\t<h3>CTV Medium-Flow (CTV-MF-15K)<\/h3>\t\t\t\n\t\t\t\t<p>Durchflussbereich: 190 bis 6.847 gal\/Tag (0,5 bis 18 l\/min)<\/p>\n\t\t\t<h3>CTV Hochdurchsatz (CTV-HF)<\/h3>\t\t\t\n\t\t\t\t<p>Durchflussbereich: 760 bis 76.081 gal\/Tag (2 bis 200 l\/min)<\/p>\n\t\t\t<h3>CTV Ultra-Flow (CTV-UF-10K)<\/h3>\t\t\t\n\t\t\t\t<p>Durchflussbereich: 760 bis 380.407 gal\/Tag (2 bis 1000+ l\/min)<\/p>\n\t\t\t<h3>CTV-Simulator<\/h3>\t\t\t\n\t\t\t\t<p>Kompatibel mit der gesamten Produktlinie<\/p>\n\t<p>Die Durchflussbereiche sind abh\u00e4ngig von Viskosit\u00e4t und Differenzdruck.<\/p>\n<h3>\n\t\tBrosch\u00fcren\n\t<\/h3>\n\t\t\t<a href=\"https:\/\/oceaneering.canto.com\/download\/document\/jd05u167nd2dla4vljhh9rqc02\/original.pdf\" target=\"_blank\" rel=\"noopener\">\n\t\t\t\t\t\t\tDrosselventil f\u00fcr chemische Einspritzung (CTV)\n\t\t\t\t\t<\/a>\n\t\t\t<a href=\"https:\/\/oceaneering.canto.com\/download\/document\/5dclkvcfg161f3iub7nvcdrj72\/original.pdf\" target=\"_blank\" rel=\"noopener\">\n\t\t\t\t\t\t\tChemisches Drosselventil (CTV-LF-15K)\n\t\t\t\t\t<\/a>\n\t\t\t<a href=\"https:\/\/oceaneering.canto.com\/download\/document\/ncppk1csmp6d1fmcvpg9md0s04\/original.pdf\" target=\"_blank\" rel=\"noopener\">\n\t\t\t\t\t\t\tChemisches Drosselventil (CTV-MF-15K)\n\t\t\t\t\t<\/a>\n\t\t\t<a href=\"https:\/\/oceaneering.canto.com\/download\/document\/n84pcps4ht5u50mt1d6tbmcn5b\/original.pdf\" target=\"_blank\" rel=\"noopener\">\n\t\t\t\t\t\t\tTorKey CTV-Drehmomentwerkzeug\n\t\t\t\t\t<\/a>\n\t\t\t<a href=\"https:\/\/oceaneering.canto.com\/download\/document\/pn431n5lqd12b1ukspua181b0i\/original.pdf\" target=\"_blank\" rel=\"noopener\">\n\t\t\t\t\t\t\tSimulator f\u00fcr Drosselklappen der chemischen Einspritzung\n\t\t\t\t\t<\/a>\n<h1>\n\t\tKontakt\n\t<\/h1>\n<h2>\n\t\tUnser Expertenteam ist bereit, Ihnen den Einstieg zu erleichtern.\n\t<\/h2>\n\t<p>Oceaneering bietet erstklassige Produkte und L\u00f6sungen, die sich durch unvergleichliche Qualit\u00e4t, Zuverl\u00e4ssigkeit und globalen Support auszeichnen. F\u00fcllen Sie das Anfrageformular aus, um noch heute ein Gespr\u00e4ch zu beginnen.<\/p>","protected":false},"excerpt":{"rendered":"<p>Diskutieren Sie ein Projekt Chemical Throttle Valve (CTV) Unsere CTVs werden auf Unterwasser-B\u00e4umen und -Verteilern installiert, um eine kontinuierliche, pr\u00e4zise Unterwassereinspritzung von Chemikalien in Ihre Produktionssysteme zu erm\u00f6glichen. CTVs machen die Injektion auf der Oberseite und spezielle Versorgungsleitungen \u00fcberfl\u00fcssig und erm\u00f6glichen die Entwicklung und den Einsatz von vereinfachten und effizienteren Versorgungsleitungen. Wir liefern eine vollst\u00e4ndige ... <a title=\"Chemische Drosselventile (CTV)\" class=\"read-more\" href=\"https:\/\/www.oceaneering.com\/de\/rotator-technologies\/chemical-throttle-valves\/\" aria-label=\"Mehr Informationen \u00fcber Chemische Drosselventile (CTV)\">Weiterlesen ...<\/a><\/p>","protected":false},"author":20,"featured_media":0,"parent":1550,"menu_order":2,"comment_status":"closed","ping_status":"closed","template":"","meta":{"_acf_changed":false,"footnotes":"","_links_to":"","_links_to_target":""},"product_category":[1495],"search_tags":[1525,1806],"class_list":["post-1688","page","type-page","status-publish","product_category-valves-rotator-technologies","search_tags-rotator","search_tags-rotator-technologies"],"acf":[],"aioseo_notices":[],"_links":{"self":[{"href":"https:\/\/www.oceaneering.com\/de\/wp-json\/wp\/v2\/pages\/1688","targetHints":{"allow":["GET"]}}],"collection":[{"href":"https:\/\/www.oceaneering.com\/de\/wp-json\/wp\/v2\/pages"}],"about":[{"href":"https:\/\/www.oceaneering.com\/de\/wp-json\/wp\/v2\/types\/page"}],"author":[{"embeddable":true,"href":"https:\/\/www.oceaneering.com\/de\/wp-json\/wp\/v2\/users\/20"}],"replies":[{"embeddable":true,"href":"https:\/\/www.oceaneering.com\/de\/wp-json\/wp\/v2\/comments?post=1688"}],"version-history":[{"count":0,"href":"https:\/\/www.oceaneering.com\/de\/wp-json\/wp\/v2\/pages\/1688\/revisions"}],"up":[{"embeddable":true,"href":"https:\/\/www.oceaneering.com\/de\/wp-json\/wp\/v2\/pages\/1550"}],"wp:attachment":[{"href":"https:\/\/www.oceaneering.com\/de\/wp-json\/wp\/v2\/media?parent=1688"}],"wp:term":[{"taxonomy":"product_category","embeddable":true,"href":"https:\/\/www.oceaneering.com\/de\/wp-json\/wp\/v2\/product_category?post=1688"},{"taxonomy":"search_tags","embeddable":true,"href":"https:\/\/www.oceaneering.com\/de\/wp-json\/wp\/v2\/search_tags?post=1688"}],"curies":[{"name":"wp","href":"https:\/\/api.w.org\/{rel}","templated":true}]}}