{"id":1550,"date":"2023-09-29T10:35:46","date_gmt":"2023-09-29T14:35:46","guid":{"rendered":"https:\/\/oceaneering.com\/?page_id=1550"},"modified":"2026-03-02T08:40:50","modified_gmt":"2026-03-02T14:40:50","slug":"rotator-technologies","status":"publish","type":"page","link":"https:\/\/www.oceaneering.com\/de\/rotator-technologies\/","title":{"rendered":"Rotator-Technologien"},"content":{"rendered":"<p><a href=\"https:\/\/www.oceaneering.com\/de\/rotator-technologies\/#contact\" target=\"_self\" rel=\"noopener\"> Ein Projekt besprechen <\/a><\/p>\r\n<h1>Rotator-Technologien<\/h1>\r\n<p>Wir entwickeln und fertigen die branchenweit besten Ventile f\u00fcr kritische \u00d6l- und Gasanwendungen.<\/p>\r\n<p><img decoding=\"async\" title=\"OII-Rotator-white-2020-Tm-Logo\" src=\"https:\/\/oceaneering.com\/wp-content\/uploads\/2023\/11\/OII-Rotator-white-2020-Tm-Logo.png\" alt=\"OII-Rotator-white-2020-Tm-Logo\" \/> Wir nutzen unsere \u00fcber 60-j\u00e4hrige Erfahrung, um branchenf\u00fchrende, praxiserprobte Unterwasser- und Oberwasserarmaturen zu liefern. Unsere Produkte zeichnen sich durch unvergleichliche Qualit\u00e4t, Zuverl\u00e4ssigkeit und globalen Support aus.<\/p>\r\n<h2>Unterwasser- und Oberwasserprodukte<\/h2>\r\n<p><a href=\"https:\/\/www.oceaneering.com\/de\/rotator-technologies\/chemical-throttle-valves\/\" target=\"_self\" rel=\"noopener\"> <img decoding=\"async\" title=\"200309_CTV-UF-Subsea-Shot-3\" src=\"https:\/\/oceaneering.com\/wp-content\/uploads\/2023\/11\/200309_CTV-UF-Subsea-Shot-3.jpeg\" alt=\"200309_CTV-UF-Subsea-Shot-3\" \/> <\/a><\/p>\r\n<h3>Chemisches Drosselventil (CTV)<\/h3>\r\n<p>Kontinuierliche Injektion von Chemikalien unter Wasser durch die branchenweit kleinsten, leichtesten und verschmutzungstolerantesten Konstruktionen.<\/p>\r\n<p><a href=\"https:\/\/www.oceaneering.com\/de\/rotator-technologies\/chemical-throttle-valves\/\" target=\"_self\" rel=\"noopener\"> Mehr erfahren <\/a> <a href=\"https:\/\/www.oceaneering.com\/de\/rotator-technologies\/hydraulic-directional-control-valves\/\" target=\"_self\" rel=\"noopener\"> <img decoding=\"async\" title=\"HCV\" src=\"https:\/\/oceaneering.com\/wp-content\/uploads\/2023\/11\/HCV.jpeg\" alt=\"HCV\" \/> <\/a><\/p>\r\n<h3>Hydraulisches Wegeventil (HCV)<\/h3>\r\n<p>Steuern Sie kritische Unterwasserfunktionen mit \u00fcber 900 robusten und verschmutzungstoleranten HCV-Designs.<\/p>\r\n<p><a href=\"https:\/\/www.oceaneering.com\/de\/rotator-technologies\/hydraulic-directional-control-valves\/\" target=\"_self\" rel=\"noopener\"> Mehr erfahren <\/a> <a href=\"https:\/\/www.oceaneering.com\/de\/rotator-technologies\/rotary-control-valves\/\" target=\"_self\" rel=\"noopener\"> <img decoding=\"async\" title=\"200526_RCV_render_10\" src=\"https:\/\/oceaneering.com\/wp-content\/uploads\/2023\/11\/200526_RCV_render_10.png\" alt=\"200526_RCV_render_10\" \/> <\/a><\/p>\r\n<h3>Drehbares Regelventil (RCV)<\/h3>\r\n<p>Sichern Sie Ihre kritischen Funktionen auf und unter Wasser mit unseren robusten Hochdruckkonstruktionen.<\/p>\r\n<p><a href=\"https:\/\/www.oceaneering.com\/de\/rotator-technologies\/rotary-control-valves\/\" target=\"_self\" rel=\"noopener\"> Mehr erfahren <\/a> <a href=\"https:\/\/www.oceaneering.com\/de\/rotator-technologies\/topside-chemical-throttle-valves\/\" target=\"_self\" rel=\"noopener\"> <img decoding=\"async\" title=\"T-CTV-700\" src=\"https:\/\/oceaneering.com\/wp-content\/uploads\/2023\/11\/T-CTV-700.jpeg\" alt=\"T-CTV-700\" \/> <\/a><\/p>\r\n<h3>Chemisches Drosselventil auf der Oberseite (T-CTV)<\/h3>\r\n<p>Pr\u00e4zise, kontinuierliche Dosierung \u00fcber ein filterfreies, selbstreinigendes und vollautomatisches Chemikaliendosierventil.<\/p>\r\n<p><a href=\"https:\/\/www.oceaneering.com\/de\/rotator-technologies\/topside-chemical-throttle-valves\/\" target=\"_self\" rel=\"noopener\"> Mehr erfahren <\/a> <a href=\"https:\/\/www.oceaneering.com\/de\/rotator-technologies\/subsea-hydraulic-cat-d-couplings\/\" target=\"_self\" rel=\"noopener\"> <img decoding=\"async\" title=\"Hydraulik-Kupplungen-vorgestellt\" src=\"https:\/\/oceaneering.com\/wp-content\/uploads\/2023\/11\/Hydraulic-Couplings-Featured.jpeg\" alt=\"Hydraulic-Couplings-Featured\" \/> <\/a><\/p>\r\n<h3>Hydraulische CAT-D-Kupplungen f\u00fcr Unterwasserfahrzeuge<\/h3>\r\n<p>Unterst\u00fctzung eines optimierten Systemdesigns bei gleichzeitiger Reduzierung der Kosten und Risiken im Zusammenhang mit Schwei\u00dfarbeiten, Inspektionen und mehr.<\/p>\r\n<p><a href=\"https:\/\/www.oceaneering.com\/de\/rotator-technologies\/subsea-hydraulic-cat-d-couplings\/\" target=\"_self\" rel=\"noopener\"> Mehr erfahren <\/a><\/p>\r\n<h2>Pr\u00fcf- und Qualifizierungszentrum<\/h2>\r\n<p>Unsere hochmoderne Anlage in Kristiansand, Norwegen, bietet einen vollst\u00e4ndig integrierten One-Stop-Shop, der Ihre individuellen Projektanforderungen erf\u00fcllt.<\/p>\r\n<ul>\r\n<li>Pr\u00fcfung, Qualifizierung und Dokumentation<\/li>\r\n<li>Unterst\u00fctzung beim Re-Engineering, bei der Herstellung und bei der erneuten Erprobung<\/li>\r\n<li>Jahrzehntelange Erfahrung in der Branche<\/li>\r\n<\/ul>\r\n<p><a href=\"https:\/\/www.oceaneering.com\/de\/rotator-technologies\/rotator-test-and-qualification-center\/\" target=\"_self\" rel=\"noopener\"> Mehr erfahren <\/a><\/p>\r\n<h1>Kontakt<\/h1>\r\n<h2>Unser Expertenteam ist bereit, Ihnen den Einstieg zu erleichtern.<\/h2>\r\n<p>Oceaneering bietet erstklassige Produkte und L\u00f6sungen, die sich durch unvergleichliche Qualit\u00e4t, Zuverl\u00e4ssigkeit und globalen Support auszeichnen. F\u00fcllen Sie das Anfrageformular aus, um noch heute ein Gespr\u00e4ch zu beginnen.<\/p>","protected":false},"excerpt":{"rendered":"<p>Projekt besprechen Rotator Technologies Wir entwickeln und fertigen die branchenweit besten Ventile f\u00fcr kritische \u00d6l- und Gasanwendungen. Wir verf\u00fcgen \u00fcber mehr als 60 Jahre Erfahrung und liefern branchenf\u00fchrende, praxiserprobte Unterwasser- und Oberwasserventile. Unsere Produkte zeichnen sich durch unvergleichliche Qualit\u00e4t, Zuverl\u00e4ssigkeit und weltweiten Support aus. Unterwasser- und Oberwasserprodukte Chemikaliendrosselventil (CTV) Kontinuierliches Unterwasser-Chemikalienventil ... <a title=\"Rotator-Technologien\" class=\"read-more\" href=\"https:\/\/www.oceaneering.com\/de\/rotator-technologies\/\" aria-label=\"Mehr Informationen \u00fcber Rotator Technologies\">Weiterlesen ...<\/a><\/p>","protected":false},"author":20,"featured_media":0,"parent":0,"menu_order":2,"comment_status":"closed","ping_status":"closed","template":"","meta":{"_acf_changed":false,"footnotes":"","_links_to":"","_links_to_target":""},"product_category":[1495],"search_tags":[1525,1806],"class_list":["post-1550","page","type-page","status-publish","product_category-valves-rotator-technologies","search_tags-rotator","search_tags-rotator-technologies"],"acf":[],"aioseo_notices":[],"_links":{"self":[{"href":"https:\/\/www.oceaneering.com\/de\/wp-json\/wp\/v2\/pages\/1550","targetHints":{"allow":["GET"]}}],"collection":[{"href":"https:\/\/www.oceaneering.com\/de\/wp-json\/wp\/v2\/pages"}],"about":[{"href":"https:\/\/www.oceaneering.com\/de\/wp-json\/wp\/v2\/types\/page"}],"author":[{"embeddable":true,"href":"https:\/\/www.oceaneering.com\/de\/wp-json\/wp\/v2\/users\/20"}],"replies":[{"embeddable":true,"href":"https:\/\/www.oceaneering.com\/de\/wp-json\/wp\/v2\/comments?post=1550"}],"version-history":[{"count":1,"href":"https:\/\/www.oceaneering.com\/de\/wp-json\/wp\/v2\/pages\/1550\/revisions"}],"predecessor-version":[{"id":81252,"href":"https:\/\/www.oceaneering.com\/de\/wp-json\/wp\/v2\/pages\/1550\/revisions\/81252"}],"wp:attachment":[{"href":"https:\/\/www.oceaneering.com\/de\/wp-json\/wp\/v2\/media?parent=1550"}],"wp:term":[{"taxonomy":"product_category","embeddable":true,"href":"https:\/\/www.oceaneering.com\/de\/wp-json\/wp\/v2\/product_category?post=1550"},{"taxonomy":"search_tags","embeddable":true,"href":"https:\/\/www.oceaneering.com\/de\/wp-json\/wp\/v2\/search_tags?post=1550"}],"curies":[{"name":"wp","href":"https:\/\/api.w.org\/{rel}","templated":true}]}}