{"id":1183,"date":"2023-08-25T21:04:25","date_gmt":"2023-08-26T01:04:25","guid":{"rendered":"https:\/\/oceaneering.com\/terms-and-conditions\/"},"modified":"2024-02-08T13:31:17","modified_gmt":"2024-02-08T18:31:17","slug":"terms-and-conditions","status":"publish","type":"page","link":"https:\/\/www.oceaneering.com\/de\/terms-and-conditions\/","title":{"rendered":"Bedingungen und Konditionen"},"content":{"rendered":"<h1>Bedingungen und Konditionen<\/h1>\r\n<h3>Bedingungen und Konditionen<\/h3>\r\n<p>Oceaneering.com (\"Website\") ist ein Internet-Eigentum von Oceaneering International, Inc. oder einer Tochtergesellschaft oder einem verbundenen Unternehmen (\"OII\"). BITTE LESEN SIE DIE NUTZUNGSBEDINGUNGEN (\"BEDINGUNGEN\") SORGF\u00c4LTIG DURCH, BEVOR SIE DIESE SITE NUTZEN.<\/p>\r\n<p>DIESE BEDINGUNGEN STELLEN EINE VEREINBARUNG ZWISCHEN OII UND IHNEN DAR UND REGELN IHREN ZUGRIFF AUF UND IHRE NUTZUNG DER WEBSITE. DURCH DEN ZUGRIFF AUF ODER DIE NUTZUNG DER WEBSITE ERKL\u00c4REN SIE UND JEDE JURISTISCHE PERSON, ZU DEREN VERTRETUNG SIE BERECHTIGT SIND (\"SIE\" ODER \"IHR\"), SICH MIT DIESEN BEDINGUNGEN EINVERSTANDEN ZU ERKL\u00c4REN.<\/p>\r\n<p>OII KANN DIESE BEDINGUNGEN JEDERZEIT UND OHNE VORANK\u00dcNDIGUNG \u00c4NDERN, INDEM ES DIE \u00dcBERARBEITETEN BEDINGUNGEN AUF DER WEBSITE VER\u00d6FFENTLICHT. DURCH DIE FORTGESETZTE NUTZUNG DER WEBSITE ERKL\u00c4REN SIE SICH VERBINDLICH MIT ALLEN \u00c4NDERUNGEN EINVERSTANDEN.<\/p>\r\n<p>Die Website ist f\u00fcr die Nutzung durch Personen \u00fcber achtzehn (18) Jahren bestimmt. OII bittet oder sammelt nicht wissentlich Informationen von Personen unter achtzehn (18) Jahren.<\/p>\r\n<h3>Nutzung der Website<\/h3>\r\n<p>OII stellt Ihnen einen Internetzugang zur Website zur Verf\u00fcgung, \u00fcber den Sie auf Informationen, Daten, Texte, Software, Ton, Fotos, Grafiken, Videos, Nachrichten oder andere Materialien zugreifen k\u00f6nnen, die von Zeit zu Zeit auf der Website ver\u00f6ffentlicht werden. Jegliche Aktualisierungen, Verbesserungen, neue Funktionen und\/oder die Hinzuf\u00fcgung neuer Web-Eigenschaften auf der Website unterliegen den vorliegenden Bedingungen. Sie sind allein daf\u00fcr verantwortlich, einen Computer mit einer Internetverbindung bereitzustellen und alle Anforderungen des Eigent\u00fcmers der Computerausr\u00fcstung und des Internetanbieters zu erf\u00fcllen.<\/p>\r\n<p>OII oder ein in seinem Namen handelnder Dritter kann Ihre Nutzung der Website \u00fcberwachen und alle von Ihnen erhaltenen oder durch Ihre Nutzung dieser Website gesammelten Informationen und Materialien aus jedem rechtm\u00e4\u00dfigen Grund oder zu jedem rechtm\u00e4\u00dfigen Zweck frei verwenden und offenlegen. Siehe unsere Datenschutzrichtlinie in Bezug auf die Sammlung und Verwendung von Informationen.<\/p>\r\n<p>OII kann jeden Aspekt dieser Website jederzeit \u00e4ndern, aussetzen oder einstellen, einschlie\u00dflich der Verf\u00fcgbarkeit von Funktionen, heruntergeladenen oder gestreamten Inhalten, Software-Datenbanken oder anderen Inhalten. OII kann auch bestimmte Funktionen und Dienste einschr\u00e4nken oder Ihren Zugang zu Teilen der Website oder zur gesamten Website ohne Vorank\u00fcndigung oder Haftung beschr\u00e4nken.<\/p>\r\n<p>Sie d\u00fcrfen die Informationen und Materialien auf dieser Website ausschlie\u00dflich zu Informations- oder pers\u00f6nlichen Zwecken nutzen. Jede Kopie einer Seite der Website oder eines Teils davon muss alle Urheberrechts- und Eigentumshinweise in der gleichen Form und Weise wie das Original enthalten und darf in keiner Weise ver\u00e4ndert werden. OII beh\u00e4lt sich das Recht vor, diese Genehmigung jederzeit zu widerrufen, und jede derartige Nutzung ist unverz\u00fcglich nach einer Mitteilung von OII einzustellen, die auf der Website ver\u00f6ffentlicht werden kann.<\/p>\r\n<p>Alle auf der Website ver\u00f6ffentlichten Informationen sind vorbehaltlich \u00c4nderungen und Verf\u00fcgbarkeit. Insbesondere technische Informationen und Preise k\u00f6nnen ohne Vorank\u00fcndigung ge\u00e4ndert werden, und bestimmte Ger\u00e4te oder Dienstleistungen k\u00f6nnen zu einem bestimmten Zeitpunkt oder an einem bestimmten Ort nicht verf\u00fcgbar sein.<\/p>\r\n<h3>Verlinkung zur Website<\/h3>\r\n<p>OII gestattet jedem, einen Link zur Website zu erstellen, sofern der Linker diese Bedingungen einh\u00e4lt. Eine Website, die auf die Website verweist:<\/p>\r\n<p>(i) Sie d\u00fcrfen auf Inhalte der Website verlinken, diese aber nicht vervielf\u00e4ltigen;<\/p>\r\n<p>(ii) Sie d\u00fcrfen keine Randumgebung oder einen Browser um die auf der Website enthaltenen Inhalte herum schaffen;<\/p>\r\n<p>(iii) darf keine irref\u00fchrenden oder falschen Informationen \u00fcber die Dienstleistungen oder Produkte von OII geben;<\/p>\r\n<p>(iv) Darf die Beziehung von OII zum Linker nicht falsch darstellen;<\/p>\r\n<p>(v) Sie d\u00fcrfen nicht den Eindruck erwecken, dass OII den Linker oder dessen Dienstleistungen oder Produkte unterst\u00fctzt oder sponsert, es sei denn, es liegt eine ausdr\u00fcckliche schriftliche Genehmigung der Rechtsabteilung von OII vor;<\/p>\r\n<p>(vi) darf ohne vorherige schriftliche Genehmigung von OII keine Warenzeichen, Dienstleistungsmarken, Logos oder Handelsaufmachungen von OII verwenden (einschlie\u00dflich in Fallstudien oder Verweisen auf Lieferantenbeziehungen);<\/p>\r\n<p>(vii) Sie d\u00fcrfen keine Inhalte enthalten, die als obsz\u00f6n, verleumderisch, diffamierend, pornografisch oder f\u00fcr Personen jeden Alters ungeeignet angesehen werden k\u00f6nnten;<\/p>\r\n<p>(viii) d\u00fcrfen keine Materialien enthalten, die gegen Gesetze oder geltende Vorschriften versto\u00dfen; und<\/p>\r\n<p>(ix) muss damit einverstanden sein, dass der Link jederzeit auf Verlangen von OII gem\u00e4\u00df dem vorbehaltenen Recht von OII, seine Zustimmung zur Zulassung des Links zu widerrufen, entfernt werden kann.<\/p>\r\n<h3>Einreichungen<\/h3>\r\n<p>OII m\u00f6chte keine vertraulichen oder urheberrechtlich gesch\u00fctzten Informationen \u00fcber diese Website erhalten, es sei denn, es handelt sich um Besch\u00e4ftigungsanfragen, die auf vertraulicher Basis gestellt werden k\u00f6nnen.<\/p>\r\n<p>OII ist berechtigt, Ihre Nutzung dieser Website zu \u00fcberwachen und alle von Ihnen erhaltenen oder durch Ihre Nutzung dieser Website gesammelten Informationen und Materialien aus jedem rechtm\u00e4\u00dfigen Grund oder zu jedem rechtm\u00e4\u00dfigen Zweck in \u00dcbereinstimmung mit unseren Datenschutzrichtlinien in Bezug auf die Sammlung und Nutzung Ihrer pers\u00f6nlichen Daten zu verwenden und offenzulegen. Sie gew\u00e4hren OII eine uneingeschr\u00e4nkte, unwiderrufliche, geb\u00fchrenfreie Lizenz zur Anzeige, Nutzung, \u00c4nderung, Ausf\u00fchrung, Vervielf\u00e4ltigung, \u00dcbertragung und Verteilung von Informationen, die Sie \u00fcber die Website an OII senden, f\u00fcr alle kommerziellen und nichtkommerziellen Zwecke.<\/p>\r\n<p>Sie erkl\u00e4ren sich au\u00dferdem damit einverstanden, dass es OII freisteht, Ideen, Konzepte oder Techniken, die Sie \u00fcber die Website an OII senden, f\u00fcr jeden Zweck zu verwenden, einschlie\u00dflich, aber nicht beschr\u00e4nkt auf die Entwicklung, Herstellung und Vermarktung von Produkten und Dienstleistungen, die solche Ideen, Konzepte oder Techniken enthalten.<\/p>\r\n<h3>Beschr\u00e4nkungen der Nutzung der Website<\/h3>\r\n<p>Sie d\u00fcrfen diese Website nicht f\u00fcr eine der folgenden Handlungen nutzen:<\/p>\r\n<p>(i) Inhalte herunterzuladen, zu posten, per E-Mail zu versenden oder anderweitig zu \u00fcbermitteln oder absichtlich zu empfangen, die ungesetzlich, illegal, bedrohlich, missbr\u00e4uchlich, bel\u00e4stigend, unerlaubt, verleumderisch, obsz\u00f6n oder beleidigend sind, das Recht einer anderen Person auf Privatsph\u00e4re verletzen, private Informationen \u00fcber eine andere Person ohne deren Zustimmung offenlegen oder andere zu einer der vorgenannten Handlungen anstiften k\u00f6nnten oder gegen Ausfuhr- oder Einfuhrbestimmungen der Vereinigten Staaten oder eines Ursprungs- oder Empfangslandes versto\u00dfen;<\/p>\r\n<p>(ii) Softwareviren oder andere Computercodes, Dateien oder Programme herunterzuladen, zu posten, per E-Mail zu versenden oder anderweitig zu \u00fcbertragen, die darauf abzielen, die Funktionalit\u00e4t zu unterbrechen, zu zerst\u00f6ren, einzuschr\u00e4nken oder eine Verweigerung oder Unterbrechung des Dienstes von Computersoftware oder -hardware oder Telekommunikationseinrichtungen von uns oder Dritten zu verursachen, einschlie\u00dflich, aber nicht beschr\u00e4nkt auf Telekommunikationsnetzwerke;<\/p>\r\n<p>(iii) Informationen oder Material zu kopieren, zu \u00fcbertragen, zu verwenden, zu senden, zu verbreiten oder zu modifizieren, das die Patent-, Urheberrechts-, Marken- oder Gesch\u00e4ftsgeheimnisrechte anderer Personen verletzt;<\/p>\r\n<p>(iv) diese Website in einer Art und Weise zu nutzen, die gegen Regeln oder Vorschriften verst\u00f6\u00dft, die Ihnen vom Eigent\u00fcmer der Computerausr\u00fcstung oder vom Internetdienstanbieter, den Sie f\u00fcr den Zugriff auf diese Website gew\u00e4hlt haben, auferlegt wurden;<\/p>\r\n<p>(v) die Sicherheit, Effizienz, Zuverl\u00e4ssigkeit oder Integrit\u00e4t dieser Website oder ihres Inhalts in irgendeiner Weise zu verletzen oder zu versuchen, diese zu verletzen, insbesondere durch den Zugriff auf Daten, Server oder Konten, f\u00fcr die Sie nicht zugriffsberechtigt sind, durch das F\u00e4lschen von TCP\/IP-Paket-Headern oder Nutzdaten oder durch den Zugriff oder den Versuch des Zugriffs auf Teile dieser Website, die Zugriffsbeschr\u00e4nkungen unterliegen;<\/p>\r\n<p>(vi) die Website oder von der Website erhaltene Materialien zu verwenden, um ein Informations-, Speicher- und Abfragesystem, eine Datenbank, eine Informationsdatenbank, eine Website oder eine \u00e4hnliche Ressource (in einem bereits existierenden oder sp\u00e4ter entwickelten Medium) zu entwickeln, die f\u00fcr den kommerziellen Vertrieb jeglicher Art angeboten wird, einschlie\u00dflich durch Verkauf, Lizenz, Leasing, Vermietung, Abonnement oder einen anderen kommerziellen Vertriebsmechanismus;<\/p>\r\n<p>(vii) Urheberrechtsvermerke oder andere Eigentumsvermerke oder Nutzungsbedingungen auf der Website zu entfernen, zu \u00e4ndern oder unkenntlich zu machen oder Zusammenstellungen oder abgeleitete Werke von auf der Website ver\u00f6ffentlichten Inhalten zu erstellen; oder<\/p>\r\n<p>(viii) die Website oder ihren Inhalt in einer Weise zu nutzen, die gegen einzel- oder bundesstaatliche Gesetze oder gegen einzel- oder bundesstaatliche Vorschriften oder gegen Gesetze oder Vorschriften verst\u00f6\u00dft, die Sie aufgrund Ihres Standorts, Ihrer Aktivit\u00e4ten oder Ihrer T\u00e4tigkeit au\u00dferhalb der Vereinigten Staaten betreffen.<\/p>\r\n<h3>Drittanbieter<\/h3>\r\n<p>Die Website kann Links zu Websites enthalten, die anderen nat\u00fcrlichen oder juristischen Personen geh\u00f6ren, oder sie kann Inhalte enthalten, die von anderen nat\u00fcrlichen oder juristischen Personen bereitgestellt werden (\"Drittanbieter\"). Alle von OII zur Verf\u00fcgung gestellten Informationen dienen ausschlie\u00dflich zu Informationszwecken. Das Vorhandensein eines Links zu einem Drittanbieter ist nicht als Bef\u00fcrwortung dieses Drittanbieters oder der von ihm angebotenen Dienstleistungen oder Informationen zu interpretieren.<\/p>\r\n<p>OII \u00fcbernimmt keine Garantie f\u00fcr die Richtigkeit, Aktualit\u00e4t, den Inhalt oder die Qualit\u00e4t der Dienste oder Informationen, die von solchen Drittanbietern bereitgestellt werden, und OII \u00fcbernimmt keine Verantwortung f\u00fcr unbeabsichtigte, anst\u00f6\u00dfige, ungenaue, irref\u00fchrende oder ungesetzliche Inhalte, die sich auf Websites von Drittanbietern befinden k\u00f6nnen. Sie erkennen an und erkl\u00e4ren sich damit einverstanden, dass OII keine Garantien f\u00fcr die Richtigkeit, die Aktualit\u00e4t, den Inhalt oder die Qualit\u00e4t solcher Websites, Dienste oder Informationen von Drittanbietern gibt und keine Verantwortung daf\u00fcr \u00fcbernimmt.<\/p>\r\n<h3>Garantien und Haftungsausschl\u00fcsse<\/h3>\r\n<p>ALLE INFORMATIONEN UND DIENSTLEISTUNGEN AUF DIESER WEBSITE WERDEN OHNE M\u00c4NGELGEW\u00c4HR UND OHNE AUSDR\u00dcCKLICHE ODER STILLSCHWEIGENDE BEDINGUNGEN ZUR VERF\u00dcGUNG GESTELLT, EINSCHLIESSLICH, ABER NICHT BESCHR\u00c4NKT AUF DIE STILLSCHWEIGENDEN GARANTIEN ODER BEDINGUNGEN DER MARKTG\u00c4NGIGKEIT, DER EIGNUNG F\u00dcR EINEN BESTIMMTEN ZWECK ODER DER NICHTVERLETZUNG VON RECHTEN.<\/p>\r\n<p>OII \u00dcBERNIMMT KEINE VERANTWORTUNG F\u00dcR FEHLER ODER AUSLASSUNGEN IN DEN INFORMATIONEN ODER ANDEREN DOKUMENTEN, AUF DIE AUF DIESER WEBSITE VERWIESEN WIRD ODER DIE MIT DIESER WEBSITE VERLINKT SIND. DIESE WEBSITE KANN TECHNISCHE ODER ANDERE UNGENAUIGKEITEN ENTHALTEN, EINSCHLIESSLICH UNGENAUE PREISANGABEN. DIE AUF DER WEBSITE VER\u00d6FFENTLICHTEN INFORMATIONEN WERDEN REGELM\u00c4SSIG GE\u00c4NDERT. OII \u00dcBERNIMMT JEDOCH KEINE VERPFLICHTUNG ZUR AKTUALISIERUNG DER MATERIALIEN AUF DIESER WEBSITE, EINSCHLIESSLICH, ABER NICHT BESCHR\u00c4NKT AUF TECHNISCHE UND PREISLICHE DATEN.<\/p>\r\n<h3>Haftungsbeschr\u00e4nkungen<\/h3>\r\n<p>IN KEINEM FALL HAFTET OII F\u00dcR BESONDERE, ZUF\u00c4LLIGE, INDIREKTE ODER FOLGESCH\u00c4DEN JEGLICHER ART ODER F\u00dcR SCH\u00c4DEN JEGLICHER ART (EINSCHLIESSLICH, ABER NICHT BESCHR\u00c4NKT AUF SCH\u00c4DEN, DIE SICH ERGEBEN AUS: (1) DEM VERTRAUEN AUF DIE PR\u00c4SENTIERTEN MATERIALIEN, (2) NUTZUNGS-, DATEN- ODER GEWINNVERLUSTEN, (3) VERZ\u00d6GERUNGEN ODER GESCH\u00c4FTSUNTERBRECHUNGEN, (4) UND JEGLICHER HAFTUNGSTHEORIE, DIE SICH AUS ODER IN VERBINDUNG MIT DER NUTZUNG ODER LEISTUNG DIESER SITE ERGEBEN) UNABH\u00c4NGIG DAVON, OB OII AUF DIE M\u00d6GLICHKEIT SOLCHER SCH\u00c4DEN HINGEWIESEN WURDE ODER NICHT.<\/p>\r\n<p>IN EINIGEN STAATEN ODER ANDEREN GERICHTSBARKEITEN IST DIE BESCHR\u00c4NKUNG ODER DER AUSSCHLUSS DER HAFTUNG F\u00dcR BEIL\u00c4UFIG ENTSTANDENE SCH\u00c4DEN ODER FOLGESCH\u00c4DEN NICHT ZUL\u00c4SSIG, SO DASS DIE OBEN GENANNTEN BESCHR\u00c4NKUNGEN ODER AUSSCHL\u00dcSSE F\u00dcR SIE M\u00d6GLICHERWEISE NICHT GELTEN.<\/p>\r\n<h3>Entsch\u00e4digung<\/h3>\r\n<p>Sie erkl\u00e4ren sich damit einverstanden, OII und alle seine leitenden Angestellten, Direktoren, Eigent\u00fcmer, Vertreter, Mitarbeiter, Informationsanbieter, Tochtergesellschaften, verbundenen Unternehmen, Lizenzgeber und Lizenznehmer (zusammen die \"freigestellten Parteien\") zu entsch\u00e4digen, zu verteidigen und schadlos zu halten von und gegen jegliche Haftung und Kosten, die den freigestellten Parteien im Zusammenhang mit einem Anspruch entstehen, der sich aus einer Verletzung dieser Bedingungen durch Sie ergibt, einschlie\u00dflich, aber nicht beschr\u00e4nkt auf Anwaltsgeb\u00fchren und Kosten. Sie sind verpflichtet, bei der Abwehr von Anspr\u00fcchen so umfassend wie angemessen zu kooperieren. OII beh\u00e4lt sich das Recht vor, auf eigene Kosten die ausschlie\u00dfliche Verteidigung und Kontrolle \u00fcber jede Angelegenheit zu \u00fcbernehmen, die andernfalls der Entsch\u00e4digung durch Sie unterliegt, und Sie werden in keinem Fall eine Angelegenheit ohne die schriftliche Zustimmung von OII beilegen.<\/p>\r\n<h3>Geistiges Eigentum<\/h3>\r\n<p>Die Informationen auf dieser Website sind durch das Urheberrecht und\/oder das Markenrecht gesch\u00fctzt. Sofern nicht ausdr\u00fccklich gestattet, darf kein Teil dieser Website ohne vorherige schriftliche Genehmigung von OII auf irgendeine Weise oder in irgendeiner Form verbreitet oder vervielf\u00e4ltigt werden.<\/p>\r\n<p>OII oder seine angeschlossenen Unternehmen sind Eigent\u00fcmer der folgenden eingetragenen, angemeldeten und nicht eingetragenen (Gewohnheitsrecht) Marken oder Dienstleistungsmarken, die auf dieser Website verwendet werden: OCEANEERING, das OCEANEERING-Logo, die Designmarke \"Rat Hat\", GRAYLOC, CTV-MEG, GTO, HYDRA MINIMUM, MAGNUM, MILLENIUM, OCEAN PROHD, SPIDER, SPIDERBOT, VISCOM und andere, die von Zeit zu Zeit identifiziert werden k\u00f6nnen. Viele dieser Marken sind in den Vereinigten Staaten und anderen L\u00e4ndern eingetragen.<\/p>\r\n<p>Andere Marken, die auf der Website gezeigt werden, sind Eigentum der jeweiligen Inhaber.<\/p>\r\n<p>Das Fehlen einer Marke, eines Namens oder eines Logos in diesen Bedingungen stellt keinen Verzicht auf alle geistigen Eigentumsrechte dar, die OII oder seine verbundenen Unternehmen an Materialien, Merkmalen, Marken, Handelsaufmachungen, Handelsnamen oder Logos erworben haben.<\/p>\r\n<p>Bitte wenden Sie sich an die Rechtsabteilung, um weitere Informationen zu erhalten und um die Erlaubnis zu erhalten, das geistige Eigentum von OII zu nutzen, eine Fallstudie zu erstellen, OII als Kunden zu nennen und \u00e4hnliches.<\/p>\r\n<h3>Bekanntmachungen und Kontaktinformationen<\/h3>\r\n<p>Mitteilungen an OII m\u00fcssen an LEGAL@Oceaneering.com oder per Post an die folgende Adresse oder an eine andere Adresse, die von Zeit zu Zeit auf dieser Website angegeben wird, geschickt werden:<\/p>\r\n<p>Rechtsabteilung<br \/>Oceaneering International, Inc.<br \/>5875 N. Sam Houston Pkwy. W.<br \/>Suite 400<br \/>Houston, Texas, 77086 USA<\/p>\r\n<p>Alle Mitteilungen an Sie, die gem\u00e4\u00df diesen Bedingungen erforderlich oder zul\u00e4ssig sind, k\u00f6nnen an die letzte von Ihnen an OII \u00fcbermittelte E-Mail-Adresse oder per Post an Ihre zuletzt \u00fcbermittelte physische Adresse gesendet werden. Bitte beachten Sie, dass \u00c4nderungen dieser Bedingungen von Zeit zu Zeit auf der Website ver\u00f6ffentlicht werden k\u00f6nnen, ohne dass Sie davon in Kenntnis gesetzt werden, und dass diese \u00c4nderungen bei Ihrer nachfolgenden Nutzung der Website in Kraft treten.<\/p>\r\n<h3>Einhaltung von Urheberrecht und anderen Gesetzen<\/h3>\r\n<p>OII stellt nicht wissentlich Links zu Ressourcen, Websites oder anderen Materialien zur Verf\u00fcgung, die Urheberrechte, Marken oder andere geistige Eigentumsrechte von Dritten verletzen. Wenn Sie der Inhaber solcher Rechte sind und gegen die Verlinkung oder Ver\u00f6ffentlichung von Materialien auf der Website Einspruch erheben, senden Sie eine Mitteilung an die oben angegebene Adresse f\u00fcr Mitteilungen. Bitte beschreiben Sie Ihren Anspruch so genau wie m\u00f6glich und kooperieren Sie mit uns, indem Sie alle angeforderten zus\u00e4tzlichen Informationen zur Verf\u00fcgung stellen. OII wird Ihren Anspruch umgehend untersuchen und Links oder Materialien, von denen OII vern\u00fcnftigerweise annimmt, dass sie die Rechte von Drittanbietern verletzen, deaktivieren oder entfernen. Wenn Sie ein Website-Besitzer sind und es vorziehen, dass die Website keinen Link zu Ihrer Website enth\u00e4lt, benachrichtigen Sie bitte OII unter der oben genannten Adresse, und OII wird den Link umgehend entfernen.<\/p>\r\n<h3>Geltendes Recht<\/h3>\r\n<p>Diese Bedingungen unterliegen den Gesetzen des US-Bundesstaates Texas und sind entsprechend auszulegen, wobei die Grunds\u00e4tze des Kollisionsrechts unber\u00fchrt bleiben.<\/p>\r\n<h3>Trennbarkeit<\/h3>\r\n<p>Sollte eine Bestimmung dieser Vereinbarung durch eine gerichtliche Entscheidung, ein Gesetz, eine Vorschrift oder auf andere Weise f\u00fcr ung\u00fcltig oder nicht durchsetzbar erkl\u00e4rt werden, so bleiben die \u00fcbrigen Bestimmungen dieser Vereinbarung davon unber\u00fchrt.<\/p>\r\n<h3>\u00c4nderungen<\/h3>\r\n<p>OII beh\u00e4lt sich das Recht vor, jede Bestimmung dieser Bedingungen jederzeit nach eigenem und ausschlie\u00dflichem Ermessen zu \u00e4ndern oder zu modifizieren. Wenn Sie Inhalte von Drittanbietern oder Software von Drittanbietern nutzen, k\u00f6nnen f\u00fcr Sie zus\u00e4tzliche Bedingungen gelten.<\/p>\r\n<h3>Sonstiges<\/h3>\r\n<p>Diese Bedingungen stellen die gesamte Vereinbarung zwischen den Parteien in Bezug auf die Nutzung der Website oder ihres Inhalts, jeglicher Software oder Dienstleistungen und Informationen dar und ersetzen alle Diskussionen, Mitteilungen, Gespr\u00e4che und Vereinbarungen, die den Gegenstand dieser Bedingungen betreffen.<\/p>\r\n<p>Das Vers\u00e4umnis von OII, ein Recht oder eine Bestimmung dieser Bedingungen auszu\u00fcben oder durchzusetzen, stellt keinen Verzicht auf dieses Recht oder diese Bestimmung dar.<\/p>\r\n<p>Die \u00dcberschriften der Abschnitte in den Bedingungen dienen nur der \u00dcbersichtlichkeit und haben keine rechtliche oder vertragliche Wirkung.<\/p>\r\n<p>Alle Inhalte auf dieser Website Copyright \u00a9 2016-2024 Oceaneering International, Inc. Alle Rechte vorbehalten.<\/p>","protected":false},"excerpt":{"rendered":"<p>Allgemeine Gesch\u00e4ftsbedingungen Allgemeine Gesch\u00e4ftsbedingungen Oceaneering.com (\"Website\") ist ein Internet-Eigentum von Oceaneering International, Inc. oder einer Tochtergesellschaft oder einem verbundenen Unternehmen (\"OII\"). BITTE LESEN SIE DIE NUTZUNGSBEDINGUNGEN (\"BEDINGUNGEN\") SORGF\u00c4LTIG DURCH, BEVOR SIE DIESE SITE NUTZEN. DIESE BEDINGUNGEN STELLEN EINE VEREINBARUNG ZWISCHEN OII UND IHNEN DAR UND REGELN IHREN ZUGANG ZU UND IHRE NUTZUNG DER ... <a title=\"Bedingungen und Konditionen\" class=\"read-more\" href=\"https:\/\/www.oceaneering.com\/de\/terms-and-conditions\/\" aria-label=\"Mehr Informationen \u00fcber Allgemeine Gesch\u00e4ftsbedingungen\">Weiterlesen ...<\/a><\/p>","protected":false},"author":7,"featured_media":0,"parent":0,"menu_order":7,"comment_status":"closed","ping_status":"closed","template":"","meta":{"_acf_changed":false,"footnotes":"","_links_to":"","_links_to_target":""},"product_category":[],"search_tags":[1865],"class_list":["post-1183","page","type-page","status-publish","search_tags-about"],"acf":[],"aioseo_notices":[],"_links":{"self":[{"href":"https:\/\/www.oceaneering.com\/de\/wp-json\/wp\/v2\/pages\/1183","targetHints":{"allow":["GET"]}}],"collection":[{"href":"https:\/\/www.oceaneering.com\/de\/wp-json\/wp\/v2\/pages"}],"about":[{"href":"https:\/\/www.oceaneering.com\/de\/wp-json\/wp\/v2\/types\/page"}],"author":[{"embeddable":true,"href":"https:\/\/www.oceaneering.com\/de\/wp-json\/wp\/v2\/users\/7"}],"replies":[{"embeddable":true,"href":"https:\/\/www.oceaneering.com\/de\/wp-json\/wp\/v2\/comments?post=1183"}],"version-history":[{"count":0,"href":"https:\/\/www.oceaneering.com\/de\/wp-json\/wp\/v2\/pages\/1183\/revisions"}],"wp:attachment":[{"href":"https:\/\/www.oceaneering.com\/de\/wp-json\/wp\/v2\/media?parent=1183"}],"wp:term":[{"taxonomy":"product_category","embeddable":true,"href":"https:\/\/www.oceaneering.com\/de\/wp-json\/wp\/v2\/product_category?post=1183"},{"taxonomy":"search_tags","embeddable":true,"href":"https:\/\/www.oceaneering.com\/de\/wp-json\/wp\/v2\/search_tags?post=1183"}],"curies":[{"name":"wp","href":"https:\/\/api.w.org\/{rel}","templated":true}]}}